{"id":4217,"date":"2018-03-26T08:14:43","date_gmt":"2018-03-26T08:14:43","guid":{"rendered":"https:\/\/www.logico2.com\/knowledge-base\/tutoriels-dinstallation\/"},"modified":"2024-11-20T08:24:49","modified_gmt":"2024-11-20T08:24:49","slug":"tutoriels-dinstallation","status":"publish","type":"page","link":"https:\/\/www.logico2.com\/fr\/knowledge-base\/tutoriels-dinstallation\/","title":{"rendered":"Tutoriels d\u2019installation"},"content":{"rendered":"<h1>Tutoriels d&#8217;installation<\/h1>\n<h2>Tutorial for employees where LogiCO2 Alarm is installed<\/h2>\n<p><iframe loading=\"lazy\" style=\"margin-top: 20px;\" src=\"https:\/\/www.youtube.com\/embed\/kyfyNFLCXmA?rel=0\" width=\"1000\" height=\"563\" frameborder=\"0\" allowfullscreen=\"allowfullscreen\"><\/iframe><\/p>\n<h2>Installation of the LogiCO2 CO2 Mk9 Detector Base SET<\/h2>\n<p><iframe loading=\"lazy\" style=\"margin-top: 20px;\" src=\"https:\/\/www.youtube.com\/embed\/44nCqoI8eq8?rel=0\" width=\"1000\" height=\"563\" frameborder=\"0\" allowfullscreen=\"allowfullscreen\"><\/iframe><\/p>\n<h2>Setting the ID to LogiCO2 Sensors and Central Unit<\/h2>\n<p><iframe loading=\"lazy\" style=\"margin-top: 20px;\" src=\"https:\/\/www.youtube.com\/embed\/r2DYk8MJYBo?rel=0\" width=\"1000\" height=\"563\" frameborder=\"0\" allowfullscreen=\"allowfullscreen\"><\/iframe><\/p>\n<h2>Tutoriels d\u2019installation pour Mk9 et Mk90<\/h2>\n<p><iframe loading=\"lazy\" style=\"margin-top: 20px;\" src=\"https:\/\/www.youtube.com\/embed\/lIJzeRVjRUc?rel=0\" width=\"1000\" height=\"563\" frameborder=\"0\" allowfullscreen=\"allowfullscreen\"><\/iframe><\/p>\n<h2>Contr\u00f4le des fonctions du syst\u00e8me de s\u00e9curit\u00e9 CO2 LogiCO2 Mk9<\/h2>\n<p><iframe loading=\"lazy\" style=\"margin-top: 20px;\" src=\"https:\/\/www.youtube.com\/embed\/mfWDzM2tghw?rel=0\" width=\"1000\" height=\"563\" frameborder=\"0\" allowfullscreen=\"allowfullscreen\"><\/iframe><\/p>\n<h2>Tutoriel d&#8217;installation du KIT Mk9 O2<\/h2>\n<p><iframe loading=\"lazy\" style=\"margin-top: 20px;\" src=\"https:\/\/www.youtube.com\/embed\/W_kiGRwjZ-s?rel=0\" width=\"1000\" height=\"563\" frameborder=\"0\" allowfullscreen=\"allowfullscreen\"><\/iframe><\/p>\n<h2>Tutoriel g\u00e9n\u00e9ral sur le CO<sub>2<\/sub><\/h2>\n<p><iframe loading=\"lazy\" style=\"margin-top: 20px;\" src=\"https:\/\/www.youtube.com\/embed\/OTanQa9JpoQ?rel=0&amp;showinfo=0\" width=\"1000\" height=\"563\" frameborder=\"0\" allowfullscreen=\"allowfullscreen\"><\/iframe><\/p>\n","protected":false},"excerpt":{"rendered":"<p>Tutoriels d&#8217;installation Tutorial for employees where LogiCO2 Alarm is installed Installation of the LogiCO2 CO2 Mk9 Detector Base SET Setting the ID to LogiCO2 Sensors and Central Unit Tutoriels d\u2019installation pour Mk9 et Mk90 Contr\u00f4le des fonctions du syst\u00e8me de s\u00e9curit\u00e9 CO2 LogiCO2 Mk9 Tutoriel d&#8217;installation du KIT Mk9 O2 Tutoriel g\u00e9n\u00e9ral sur le CO2<\/p>\n","protected":false},"author":1,"featured_media":3244,"parent":2102,"menu_order":0,"comment_status":"closed","ping_status":"closed","template":"","meta":{"_acf_changed":false,"footnotes":""},"class_list":["post-4217","page","type-page","status-publish","has-post-thumbnail","hentry"],"acf":[],"yoast_head":"<!-- This site is optimized with the Yoast SEO plugin v25.9 - https:\/\/yoast.com\/wordpress\/plugins\/seo\/ -->\n<title>Tutoriels d\u2019installation - Logico2<\/title>\n<meta name=\"robots\" content=\"index, follow, max-snippet:-1, max-image-preview:large, max-video-preview:-1\" \/>\n<link rel=\"canonical\" href=\"https:\/\/www.logico2.com\/fr\/knowledge-base\/tutoriels-dinstallation\/\" \/>\n<meta property=\"og:locale\" content=\"fr_FR\" \/>\n<meta property=\"og:type\" content=\"article\" \/>\n<meta property=\"og:title\" content=\"Tutoriels d\u2019installation - Logico2\" \/>\n<meta property=\"og:description\" content=\"Tutoriels d&#8217;installation Tutorial for employees where LogiCO2 Alarm is installed Installation of the LogiCO2 CO2 Mk9 Detector Base SET Setting the ID to LogiCO2 Sensors and Central Unit Tutoriels d\u2019installation pour Mk9 et Mk90 Contr\u00f4le des fonctions du syst\u00e8me de s\u00e9curit\u00e9 CO2 LogiCO2 Mk9 Tutoriel d&#8217;installation du KIT Mk9 O2 Tutoriel g\u00e9n\u00e9ral sur le CO2\" \/>\n<meta property=\"og:url\" content=\"https:\/\/www.logico2.com\/fr\/knowledge-base\/tutoriels-dinstallation\/\" \/>\n<meta property=\"og:site_name\" content=\"Logico2\" \/>\n<meta property=\"article:modified_time\" content=\"2024-11-20T08:24:49+00:00\" \/>\n<meta property=\"og:image\" content=\"https:\/\/www.logico2.com\/app\/uploads\/knowledge-icon-installation.png\" \/>\n\t<meta property=\"og:image:width\" content=\"64\" \/>\n\t<meta property=\"og:image:height\" content=\"64\" \/>\n\t<meta property=\"og:image:type\" content=\"image\/png\" \/>\n<meta name=\"twitter:card\" content=\"summary_large_image\" \/>\n<script type=\"application\/ld+json\" class=\"yoast-schema-graph\">{\"@context\":\"https:\/\/schema.org\",\"@graph\":[{\"@type\":\"WebPage\",\"@id\":\"https:\/\/www.logico2.com\/fr\/knowledge-base\/tutoriels-dinstallation\/\",\"url\":\"https:\/\/www.logico2.com\/fr\/knowledge-base\/tutoriels-dinstallation\/\",\"name\":\"Tutoriels d\u2019installation - Logico2\",\"isPartOf\":{\"@id\":\"https:\/\/www.logico2.com\/#website\"},\"primaryImageOfPage\":{\"@id\":\"https:\/\/www.logico2.com\/fr\/knowledge-base\/tutoriels-dinstallation\/#primaryimage\"},\"image\":{\"@id\":\"https:\/\/www.logico2.com\/fr\/knowledge-base\/tutoriels-dinstallation\/#primaryimage\"},\"thumbnailUrl\":\"https:\/\/www.logico2.com\/app\/uploads\/knowledge-icon-installation.png\",\"datePublished\":\"2018-03-26T08:14:43+00:00\",\"dateModified\":\"2024-11-20T08:24:49+00:00\",\"breadcrumb\":{\"@id\":\"https:\/\/www.logico2.com\/fr\/knowledge-base\/tutoriels-dinstallation\/#breadcrumb\"},\"inLanguage\":\"fr-FR\",\"potentialAction\":[{\"@type\":\"ReadAction\",\"target\":[\"https:\/\/www.logico2.com\/fr\/knowledge-base\/tutoriels-dinstallation\/\"]}]},{\"@type\":\"ImageObject\",\"inLanguage\":\"fr-FR\",\"@id\":\"https:\/\/www.logico2.com\/fr\/knowledge-base\/tutoriels-dinstallation\/#primaryimage\",\"url\":\"https:\/\/www.logico2.com\/app\/uploads\/knowledge-icon-installation.png\",\"contentUrl\":\"https:\/\/www.logico2.com\/app\/uploads\/knowledge-icon-installation.png\",\"width\":64,\"height\":64},{\"@type\":\"BreadcrumbList\",\"@id\":\"https:\/\/www.logico2.com\/fr\/knowledge-base\/tutoriels-dinstallation\/#breadcrumb\",\"itemListElement\":[{\"@type\":\"ListItem\",\"position\":1,\"name\":\"Home\",\"item\":\"https:\/\/www.logico2.com\/fr\/\"},{\"@type\":\"ListItem\",\"position\":2,\"name\":\"Base de connaissances\",\"item\":\"https:\/\/www.logico2.com\/fr\/knowledge-base\/\"},{\"@type\":\"ListItem\",\"position\":3,\"name\":\"Tutoriels d\u2019installation\"}]},{\"@type\":\"WebSite\",\"@id\":\"https:\/\/www.logico2.com\/#website\",\"url\":\"https:\/\/www.logico2.com\/\",\"name\":\"Logico2\",\"description\":\"CO2 Safety solutions\",\"potentialAction\":[{\"@type\":\"SearchAction\",\"target\":{\"@type\":\"EntryPoint\",\"urlTemplate\":\"https:\/\/www.logico2.com\/?s={search_term_string}\"},\"query-input\":{\"@type\":\"PropertyValueSpecification\",\"valueRequired\":true,\"valueName\":\"search_term_string\"}}],\"inLanguage\":\"fr-FR\"}]}<\/script>\n<!-- \/ Yoast SEO plugin. -->","yoast_head_json":{"title":"Tutoriels d\u2019installation - Logico2","robots":{"index":"index","follow":"follow","max-snippet":"max-snippet:-1","max-image-preview":"max-image-preview:large","max-video-preview":"max-video-preview:-1"},"canonical":"https:\/\/www.logico2.com\/fr\/knowledge-base\/tutoriels-dinstallation\/","og_locale":"fr_FR","og_type":"article","og_title":"Tutoriels d\u2019installation - Logico2","og_description":"Tutoriels d&#8217;installation Tutorial for employees where LogiCO2 Alarm is installed Installation of the LogiCO2 CO2 Mk9 Detector Base SET Setting the ID to LogiCO2 Sensors and Central Unit Tutoriels d\u2019installation pour Mk9 et Mk90 Contr\u00f4le des fonctions du syst\u00e8me de s\u00e9curit\u00e9 CO2 LogiCO2 Mk9 Tutoriel d&#8217;installation du KIT Mk9 O2 Tutoriel g\u00e9n\u00e9ral sur le CO2","og_url":"https:\/\/www.logico2.com\/fr\/knowledge-base\/tutoriels-dinstallation\/","og_site_name":"Logico2","article_modified_time":"2024-11-20T08:24:49+00:00","og_image":[{"width":64,"height":64,"url":"https:\/\/www.logico2.com\/app\/uploads\/knowledge-icon-installation.png","type":"image\/png"}],"twitter_card":"summary_large_image","schema":{"@context":"https:\/\/schema.org","@graph":[{"@type":"WebPage","@id":"https:\/\/www.logico2.com\/fr\/knowledge-base\/tutoriels-dinstallation\/","url":"https:\/\/www.logico2.com\/fr\/knowledge-base\/tutoriels-dinstallation\/","name":"Tutoriels d\u2019installation - Logico2","isPartOf":{"@id":"https:\/\/www.logico2.com\/#website"},"primaryImageOfPage":{"@id":"https:\/\/www.logico2.com\/fr\/knowledge-base\/tutoriels-dinstallation\/#primaryimage"},"image":{"@id":"https:\/\/www.logico2.com\/fr\/knowledge-base\/tutoriels-dinstallation\/#primaryimage"},"thumbnailUrl":"https:\/\/www.logico2.com\/app\/uploads\/knowledge-icon-installation.png","datePublished":"2018-03-26T08:14:43+00:00","dateModified":"2024-11-20T08:24:49+00:00","breadcrumb":{"@id":"https:\/\/www.logico2.com\/fr\/knowledge-base\/tutoriels-dinstallation\/#breadcrumb"},"inLanguage":"fr-FR","potentialAction":[{"@type":"ReadAction","target":["https:\/\/www.logico2.com\/fr\/knowledge-base\/tutoriels-dinstallation\/"]}]},{"@type":"ImageObject","inLanguage":"fr-FR","@id":"https:\/\/www.logico2.com\/fr\/knowledge-base\/tutoriels-dinstallation\/#primaryimage","url":"https:\/\/www.logico2.com\/app\/uploads\/knowledge-icon-installation.png","contentUrl":"https:\/\/www.logico2.com\/app\/uploads\/knowledge-icon-installation.png","width":64,"height":64},{"@type":"BreadcrumbList","@id":"https:\/\/www.logico2.com\/fr\/knowledge-base\/tutoriels-dinstallation\/#breadcrumb","itemListElement":[{"@type":"ListItem","position":1,"name":"Home","item":"https:\/\/www.logico2.com\/fr\/"},{"@type":"ListItem","position":2,"name":"Base de connaissances","item":"https:\/\/www.logico2.com\/fr\/knowledge-base\/"},{"@type":"ListItem","position":3,"name":"Tutoriels d\u2019installation"}]},{"@type":"WebSite","@id":"https:\/\/www.logico2.com\/#website","url":"https:\/\/www.logico2.com\/","name":"Logico2","description":"CO2 Safety solutions","potentialAction":[{"@type":"SearchAction","target":{"@type":"EntryPoint","urlTemplate":"https:\/\/www.logico2.com\/?s={search_term_string}"},"query-input":{"@type":"PropertyValueSpecification","valueRequired":true,"valueName":"search_term_string"}}],"inLanguage":"fr-FR"}]}},"_links":{"self":[{"href":"https:\/\/www.logico2.com\/fr\/wp-json\/wp\/v2\/pages\/4217","targetHints":{"allow":["GET"]}}],"collection":[{"href":"https:\/\/www.logico2.com\/fr\/wp-json\/wp\/v2\/pages"}],"about":[{"href":"https:\/\/www.logico2.com\/fr\/wp-json\/wp\/v2\/types\/page"}],"author":[{"embeddable":true,"href":"https:\/\/www.logico2.com\/fr\/wp-json\/wp\/v2\/users\/1"}],"replies":[{"embeddable":true,"href":"https:\/\/www.logico2.com\/fr\/wp-json\/wp\/v2\/comments?post=4217"}],"version-history":[{"count":10,"href":"https:\/\/www.logico2.com\/fr\/wp-json\/wp\/v2\/pages\/4217\/revisions"}],"predecessor-version":[{"id":18347,"href":"https:\/\/www.logico2.com\/fr\/wp-json\/wp\/v2\/pages\/4217\/revisions\/18347"}],"up":[{"embeddable":true,"href":"https:\/\/www.logico2.com\/fr\/wp-json\/wp\/v2\/pages\/2102"}],"wp:featuredmedia":[{"embeddable":true,"href":"https:\/\/www.logico2.com\/fr\/wp-json\/wp\/v2\/media\/3244"}],"wp:attachment":[{"href":"https:\/\/www.logico2.com\/fr\/wp-json\/wp\/v2\/media?parent=4217"}],"curies":[{"name":"wp","href":"https:\/\/api.w.org\/{rel}","templated":true}]}}