{"id":4212,"date":"2018-03-26T08:14:21","date_gmt":"2018-03-26T08:14:21","guid":{"rendered":"https:\/\/www.logico2.com\/inscription-pour-demarrer-la-certification-en-ligne-logico2\/"},"modified":"2018-03-26T08:20:50","modified_gmt":"2018-03-26T08:20:50","slug":"inscription-pour-demarrer-la-certification-en-ligne-logico2","status":"publish","type":"page","link":"https:\/\/www.logico2.com\/fr\/inscription-pour-demarrer-la-certification-en-ligne-logico2\/","title":{"rendered":"Inscription pour d\u00e9marrer la certification en ligne LogiCO2"},"content":{"rendered":"<h1><img loading=\"lazy\" decoding=\"async\" class=\" wp-image-1547 aligncenter\" src=\"https:\/\/www.logico2.com\/app\/uploads\/cert.jpg\" alt=\"\" width=\"194\" height=\"144\" srcset=\"https:\/\/www.logico2.com\/app\/uploads\/cert.jpg 328w, https:\/\/www.logico2.com\/app\/uploads\/cert-300x222.jpg 300w\" sizes=\"auto, (max-width: 194px) 100vw, 194px\" \/><\/h1>\n<h1 style=\"text-align: center;\">Inscription \u00e0 la certification en ligne<\/h1>\n<p style=\"text-align: center;\">\n<style=\"text-align: center;\">Voulez-vous devenir un installateur certifi\u00e9 des produits LogiCO2\u00a0?<br \/>\nInscrivez-vous maintenant pour int\u00e9grer notre r\u00e9seau mondial d&#8217;installateurs certifi\u00e9s. D\u00e8s que vous aurez envoy\u00e9 toutes les informations ci-dessous, nous reviendrons vers vous avec des instructions pour d\u00e9marrer le processus.<\/> <\/p>\n<p style=\"text-align: center;\">\n","protected":false},"excerpt":{"rendered":"<p>Inscription \u00e0 la certification en ligne Voulez-vous devenir un installateur certifi\u00e9 des produits LogiCO2\u00a0? Inscrivez-vous maintenant pour int\u00e9grer notre r\u00e9seau mondial d&#8217;installateurs certifi\u00e9s. D\u00e8s que vous aurez envoy\u00e9 toutes les informations ci-dessous, nous reviendrons vers vous avec des instructions pour d\u00e9marrer le processus.<\/p>\n","protected":false},"author":1,"featured_media":0,"parent":0,"menu_order":0,"comment_status":"closed","ping_status":"closed","template":"certificate-parts\/new-install.php","meta":{"_acf_changed":false,"footnotes":""},"class_list":["post-4212","page","type-page","status-publish","hentry"],"acf":[],"yoast_head":"<!-- This site is optimized with the Yoast SEO plugin v25.9 - https:\/\/yoast.com\/wordpress\/plugins\/seo\/ -->\n<title>Inscription pour d\u00e9marrer la certification en ligne LogiCO2 - Logico2<\/title>\n<meta name=\"robots\" content=\"index, follow, max-snippet:-1, max-image-preview:large, max-video-preview:-1\" \/>\n<link rel=\"canonical\" href=\"https:\/\/www.logico2.com\/fr\/inscription-pour-demarrer-la-certification-en-ligne-logico2\/\" \/>\n<meta property=\"og:locale\" content=\"fr_FR\" \/>\n<meta property=\"og:type\" content=\"article\" \/>\n<meta property=\"og:title\" content=\"Inscription pour d\u00e9marrer la certification en ligne LogiCO2 - Logico2\" \/>\n<meta property=\"og:description\" content=\"Inscription \u00e0 la certification en ligne Voulez-vous devenir un installateur certifi\u00e9 des produits LogiCO2\u00a0? Inscrivez-vous maintenant pour int\u00e9grer notre r\u00e9seau mondial d&#8217;installateurs certifi\u00e9s. D\u00e8s que vous aurez envoy\u00e9 toutes les informations ci-dessous, nous reviendrons vers vous avec des instructions pour d\u00e9marrer le processus.\" \/>\n<meta property=\"og:url\" content=\"https:\/\/www.logico2.com\/fr\/inscription-pour-demarrer-la-certification-en-ligne-logico2\/\" \/>\n<meta property=\"og:site_name\" content=\"Logico2\" \/>\n<meta property=\"article:modified_time\" content=\"2018-03-26T08:20:50+00:00\" \/>\n<meta property=\"og:image\" content=\"https:\/\/www.logico2.com\/app\/uploads\/cert.jpg\" \/>\n\t<meta property=\"og:image:width\" content=\"328\" \/>\n\t<meta property=\"og:image:height\" content=\"243\" \/>\n\t<meta property=\"og:image:type\" content=\"image\/jpeg\" \/>\n<meta name=\"twitter:card\" content=\"summary_large_image\" \/>\n<script type=\"application\/ld+json\" class=\"yoast-schema-graph\">{\"@context\":\"https:\/\/schema.org\",\"@graph\":[{\"@type\":\"WebPage\",\"@id\":\"https:\/\/www.logico2.com\/fr\/inscription-pour-demarrer-la-certification-en-ligne-logico2\/\",\"url\":\"https:\/\/www.logico2.com\/fr\/inscription-pour-demarrer-la-certification-en-ligne-logico2\/\",\"name\":\"Inscription pour d\u00e9marrer la certification en ligne LogiCO2 - Logico2\",\"isPartOf\":{\"@id\":\"https:\/\/www.logico2.com\/#website\"},\"primaryImageOfPage\":{\"@id\":\"https:\/\/www.logico2.com\/fr\/inscription-pour-demarrer-la-certification-en-ligne-logico2\/#primaryimage\"},\"image\":{\"@id\":\"https:\/\/www.logico2.com\/fr\/inscription-pour-demarrer-la-certification-en-ligne-logico2\/#primaryimage\"},\"thumbnailUrl\":\"https:\/\/www.logico2.com\/app\/uploads\/cert.jpg\",\"datePublished\":\"2018-03-26T08:14:21+00:00\",\"dateModified\":\"2018-03-26T08:20:50+00:00\",\"breadcrumb\":{\"@id\":\"https:\/\/www.logico2.com\/fr\/inscription-pour-demarrer-la-certification-en-ligne-logico2\/#breadcrumb\"},\"inLanguage\":\"fr-FR\",\"potentialAction\":[{\"@type\":\"ReadAction\",\"target\":[\"https:\/\/www.logico2.com\/fr\/inscription-pour-demarrer-la-certification-en-ligne-logico2\/\"]}]},{\"@type\":\"ImageObject\",\"inLanguage\":\"fr-FR\",\"@id\":\"https:\/\/www.logico2.com\/fr\/inscription-pour-demarrer-la-certification-en-ligne-logico2\/#primaryimage\",\"url\":\"https:\/\/www.logico2.com\/app\/uploads\/cert.jpg\",\"contentUrl\":\"https:\/\/www.logico2.com\/app\/uploads\/cert.jpg\"},{\"@type\":\"BreadcrumbList\",\"@id\":\"https:\/\/www.logico2.com\/fr\/inscription-pour-demarrer-la-certification-en-ligne-logico2\/#breadcrumb\",\"itemListElement\":[{\"@type\":\"ListItem\",\"position\":1,\"name\":\"Home\",\"item\":\"https:\/\/www.logico2.com\/fr\/\"},{\"@type\":\"ListItem\",\"position\":2,\"name\":\"Inscription pour d\u00e9marrer la certification en ligne LogiCO2\"}]},{\"@type\":\"WebSite\",\"@id\":\"https:\/\/www.logico2.com\/#website\",\"url\":\"https:\/\/www.logico2.com\/\",\"name\":\"Logico2\",\"description\":\"CO2 Safety solutions\",\"potentialAction\":[{\"@type\":\"SearchAction\",\"target\":{\"@type\":\"EntryPoint\",\"urlTemplate\":\"https:\/\/www.logico2.com\/?s={search_term_string}\"},\"query-input\":{\"@type\":\"PropertyValueSpecification\",\"valueRequired\":true,\"valueName\":\"search_term_string\"}}],\"inLanguage\":\"fr-FR\"}]}<\/script>\n<!-- \/ Yoast SEO plugin. -->","yoast_head_json":{"title":"Inscription pour d\u00e9marrer la certification en ligne LogiCO2 - Logico2","robots":{"index":"index","follow":"follow","max-snippet":"max-snippet:-1","max-image-preview":"max-image-preview:large","max-video-preview":"max-video-preview:-1"},"canonical":"https:\/\/www.logico2.com\/fr\/inscription-pour-demarrer-la-certification-en-ligne-logico2\/","og_locale":"fr_FR","og_type":"article","og_title":"Inscription pour d\u00e9marrer la certification en ligne LogiCO2 - Logico2","og_description":"Inscription \u00e0 la certification en ligne Voulez-vous devenir un installateur certifi\u00e9 des produits LogiCO2\u00a0? Inscrivez-vous maintenant pour int\u00e9grer notre r\u00e9seau mondial d&#8217;installateurs certifi\u00e9s. D\u00e8s que vous aurez envoy\u00e9 toutes les informations ci-dessous, nous reviendrons vers vous avec des instructions pour d\u00e9marrer le processus.","og_url":"https:\/\/www.logico2.com\/fr\/inscription-pour-demarrer-la-certification-en-ligne-logico2\/","og_site_name":"Logico2","article_modified_time":"2018-03-26T08:20:50+00:00","og_image":[{"width":328,"height":243,"url":"https:\/\/www.logico2.com\/app\/uploads\/cert.jpg","type":"image\/jpeg"}],"twitter_card":"summary_large_image","schema":{"@context":"https:\/\/schema.org","@graph":[{"@type":"WebPage","@id":"https:\/\/www.logico2.com\/fr\/inscription-pour-demarrer-la-certification-en-ligne-logico2\/","url":"https:\/\/www.logico2.com\/fr\/inscription-pour-demarrer-la-certification-en-ligne-logico2\/","name":"Inscription pour d\u00e9marrer la certification en ligne LogiCO2 - Logico2","isPartOf":{"@id":"https:\/\/www.logico2.com\/#website"},"primaryImageOfPage":{"@id":"https:\/\/www.logico2.com\/fr\/inscription-pour-demarrer-la-certification-en-ligne-logico2\/#primaryimage"},"image":{"@id":"https:\/\/www.logico2.com\/fr\/inscription-pour-demarrer-la-certification-en-ligne-logico2\/#primaryimage"},"thumbnailUrl":"https:\/\/www.logico2.com\/app\/uploads\/cert.jpg","datePublished":"2018-03-26T08:14:21+00:00","dateModified":"2018-03-26T08:20:50+00:00","breadcrumb":{"@id":"https:\/\/www.logico2.com\/fr\/inscription-pour-demarrer-la-certification-en-ligne-logico2\/#breadcrumb"},"inLanguage":"fr-FR","potentialAction":[{"@type":"ReadAction","target":["https:\/\/www.logico2.com\/fr\/inscription-pour-demarrer-la-certification-en-ligne-logico2\/"]}]},{"@type":"ImageObject","inLanguage":"fr-FR","@id":"https:\/\/www.logico2.com\/fr\/inscription-pour-demarrer-la-certification-en-ligne-logico2\/#primaryimage","url":"https:\/\/www.logico2.com\/app\/uploads\/cert.jpg","contentUrl":"https:\/\/www.logico2.com\/app\/uploads\/cert.jpg"},{"@type":"BreadcrumbList","@id":"https:\/\/www.logico2.com\/fr\/inscription-pour-demarrer-la-certification-en-ligne-logico2\/#breadcrumb","itemListElement":[{"@type":"ListItem","position":1,"name":"Home","item":"https:\/\/www.logico2.com\/fr\/"},{"@type":"ListItem","position":2,"name":"Inscription pour d\u00e9marrer la certification en ligne LogiCO2"}]},{"@type":"WebSite","@id":"https:\/\/www.logico2.com\/#website","url":"https:\/\/www.logico2.com\/","name":"Logico2","description":"CO2 Safety solutions","potentialAction":[{"@type":"SearchAction","target":{"@type":"EntryPoint","urlTemplate":"https:\/\/www.logico2.com\/?s={search_term_string}"},"query-input":{"@type":"PropertyValueSpecification","valueRequired":true,"valueName":"search_term_string"}}],"inLanguage":"fr-FR"}]}},"_links":{"self":[{"href":"https:\/\/www.logico2.com\/fr\/wp-json\/wp\/v2\/pages\/4212","targetHints":{"allow":["GET"]}}],"collection":[{"href":"https:\/\/www.logico2.com\/fr\/wp-json\/wp\/v2\/pages"}],"about":[{"href":"https:\/\/www.logico2.com\/fr\/wp-json\/wp\/v2\/types\/page"}],"author":[{"embeddable":true,"href":"https:\/\/www.logico2.com\/fr\/wp-json\/wp\/v2\/users\/1"}],"replies":[{"embeddable":true,"href":"https:\/\/www.logico2.com\/fr\/wp-json\/wp\/v2\/comments?post=4212"}],"version-history":[{"count":1,"href":"https:\/\/www.logico2.com\/fr\/wp-json\/wp\/v2\/pages\/4212\/revisions"}],"predecessor-version":[{"id":4282,"href":"https:\/\/www.logico2.com\/fr\/wp-json\/wp\/v2\/pages\/4212\/revisions\/4282"}],"wp:attachment":[{"href":"https:\/\/www.logico2.com\/fr\/wp-json\/wp\/v2\/media?parent=4212"}],"curies":[{"name":"wp","href":"https:\/\/api.w.org\/{rel}","templated":true}]}}