{"id":4211,"date":"2018-03-26T08:14:20","date_gmt":"2018-03-26T08:14:20","guid":{"rendered":"https:\/\/www.logico2.com\/knowledge-base\/reglementations-et-lois\/"},"modified":"2025-03-17T12:11:42","modified_gmt":"2025-03-17T12:11:42","slug":"reglementations-et-lois","status":"publish","type":"page","link":"https:\/\/www.logico2.com\/fr\/knowledge-base\/reglementations-et-lois\/","title":{"rendered":"R\u00e9glementations et lois"},"content":{"rendered":"<h1>R\u00e9glementations relatives au CO<sub>2<\/sub><img loading=\"lazy\" decoding=\"async\" class=\"size-full wp-image-1201 alignright\" src=\"https:\/\/www.logico2.com\/app\/uploads\/422_1156_1423567975_w117.png\" alt=\"\" width=\"117\" height=\"118\" \/><\/h1>\n<p>Beaucoup d&#8217;analyses d&#8217;\u00e9valuation des risques ont abouti \u00e0 une conclusion identique\u00a0: en incluant le facteur humain, le risque d\u2019\u00eatre expos\u00e9 \u00e0 ces niveaux de CO2 nocifs atteignant le DIVS (danger imm\u00e9diat pour la vie et la sant\u00e9) n&#8217;est pas acceptable dans notre soci\u00e9t\u00e9 moderne actuelle. C&#8217;est \u00e0 cause de ce danger que de nombreux pays comme l&#8217;Allemagne, les Pays-Bas, la Belgique, l&#8217;Angleterre, la Su\u00e8de et le Danemark, entre autres, ont d\u00e9fini des valeurs de LECT (limite d&#8217;exposition \u00e0 court terme) directe qui ne doivent pas \u00eatre d\u00e9pass\u00e9es.<\/p>\n<p>Les syst\u00e8mes de s\u00e9curit\u00e9 CO2 sont obligatoires dans les 33 000 restaurants de la plus grande cha\u00eene de restauration rapide du monde. En Allemagne et aux Pays-Bas, des lois rendent obligatoires les syst\u00e8mes de s\u00e9curit\u00e9 CO2 o\u00f9 il existe un risque d&#8217;exposition \u00e0 des niveaux de CO2 nocifs.<\/p>\n<p>Ceci, ainsi que la Directive 2006\/15\/EC de la Commission de l&#8217;UE, l\u2019OSHA, la norme australienne 5034-2005 et les recommandations de l&#8217;ACGIH relatives \u00e0 la limite d&#8217;exposition \u00e0 court terme (LECT) et \u00e0 la limite de valeur moyenne d&#8217;exposition (VME) de 5 000\u00a0ppm montrent toutes que l&#8217;installation d&#8217;un syst\u00e8me de s\u00e9curit\u00e9 CO2 conforme \u00e0 ces r\u00e9glementations rel\u00e8ve du pur bon sens et que l\u2019inaction est tout simplement irresponsable, envers le personnel comme envers les clients.<\/p>\n<h1>\u00c9tats-Unis<\/h1>\n<p>Les normes am\u00e9ricaines nationales actuelles, les codes et les directives non r\u00e9glementaires (CGA) am\u00e9ricains affectant les exigences relatives \u00e0 la d\u00e9tection du gaz CO2 sont expos\u00e9s en d\u00e9tail ci-dessous. Notez qu&#8217;ils ne sont pas n\u00e9cessairement la base des codes ou des r\u00e8gles appliqu\u00e9s par un \u00e9tat ou une municipalit\u00e9 sp\u00e9cifiques\u00a0:<\/p>\n<h3>Code incendie international :\u00a0 2018 IFC \u2013 il contient deux sections diff\u00e9rentes sur la r\u00e9glementation relative au CO2<\/h3>\n<p style=\"padding-left: 30px;\"><strong>2018 IFC \u2013 Section 5307 gaz comprim\u00e9s non soumis par ailleurs \u00e0 une r\u00e9glementation<\/strong><br \/>\n5307.3 Syst\u00e8mes isol\u00e9s \u00e0 dioxyde de carbone liquide utilis\u00e9s dans les applications de distribution de boissons<br \/>\n5307.3.2 Syst\u00e8me de d\u00e9tection de gaz \u2013 lorsque la ventilation n&#8217;est pas fournie conform\u00e9ment \u00e0 la section<br \/>\n5307.3.1, un syst\u00e8me de d\u00e9tection du gaz doit \u00eatre fourni dans les pi\u00e8ces ou les zones int\u00e9rieures et dans les lieux ext\u00e9rieurs sous le niveau du sol avec des syst\u00e8mes de dioxyde de carbone isol\u00e9s. Des capteurs de dioxyde de carbone doivent \u00eatre fournis \u00e0 305\u00a0mm (12 pouces) de la surface de plancher o\u00f9 le gaz est cens\u00e9 s\u2019accumuler\u2026 5307.3.2.1. Active une alarme de supervision audible et visible\u2026 d&#8217;une concentration\u2026 de 5 000\u00a0ppm\u2026<br \/>\n5307.3.2.2. Active une alarme audible et visible\u2026 d\u2019une\u2026 concentration de 30 000 ppm\u2026<\/p>\n<p style=\"padding-left: 30px;\"><strong>Chapitre 50 Mati\u00e8res dangereuses \u2013 Dispositions g\u00e9n\u00e9rales<\/strong><br \/>\n5005.1.12 Isolement d&#8217;urgence. O\u00f9 des gaz ou liquides ayant une classe de danger de la Classe sanitaire 3\u2026 un moyen de d\u00e9tection de fuite agr\u00e9\u00e9\u2026 doit \u00eatre fourni.<\/p>\n<h3>National Fire Protection Association\u00a0: 2016 NFPA 55 Code relatif aux gaz comprim\u00e9s et fluides cryog\u00e9niques \u00e9dition 2016<\/h3>\n<p style=\"padding-left: 30px;\"><strong>2016 NFPA 55 Chapitre 13 Syst\u00e8mes isol\u00e9s \u00e0 dioxyde de carbone liquide<\/strong><br \/>\n13.2 Syst\u00e8mes non isol\u00e9s \u00e0 gaz comprim\u00e9 dioxyde de carbone. Le stockage, l\u2019utilisation et la manipulation du dioxyde de carbone dans les syst\u00e8mes non isol\u00e9s doit \u00eatre conforme aux dispositions du Chapitre 13 et des Chapitres 1 \u00e0 7.<br \/>\n13.10 Syst\u00e8mes de boisson \u00e0 dioxyde de carbone<br \/>\n13.10.1 G\u00e9n\u00e9ralit\u00e9s. Les syst\u00e8mes qui utilisent plus de 45 kg (100 livres) de dioxyde de carbone dans des applications de distribution de boissons doivent se conformer aux articles 13.10.2 \u00e0 13.10.4.<br \/>\n13.10.2 \u00c9quipement. Le stockage, l\u2019utilisation et la manipulation du dioxyde de carbone doivent se faire conform\u00e9ment aux chapitres 1 \u00e0 7 et aux exigences du pr\u00e9sent chapitre, selon ce qui s\u2019applique.<br \/>\n13.10.4 Protection requise. Les ballons de stockage, bouteilles, la tuyauterie et les \u00e9quipements du dioxyde de carbone situ\u00e9s en int\u00e9rieur, dans des pi\u00e8ces et d&#8217;autres zones o\u00f9 une fuite de dioxyde de carbone peut s\u2019accumuler seront munis\u2026 d\u2019un syst\u00e8me d&#8217;alarme d&#8217;urgence conform\u00e9ment \u00e0 13.10.4.2.13.6.2 Les pi\u00e8ces ou zones o\u00f9 les syst\u00e8mes contenants sont remplis et utilis\u00e9s \u00e0 l&#8217;int\u00e9rieur ou dans les lieux ext\u00e9rieurs ferm\u00e9s seront munis d\u2019une d\u00e9tection du gaz et d\u2019un syst\u00e8me d&#8217;alarme qui doit \u00eatre capable de d\u00e9tecter et d\u2019avertir\u2026 \u00e0, ou au-del\u00e0 de\u2026 la LEA\u2026 et de la LECT\u2026 Des points de consigne plus restrictifs pourront \u00eatre utilis\u00e9s.<br \/>\n13.6.2 Les pi\u00e8ces ou zones o\u00f9 les syst\u00e8mes contenants sont remplis et utilis\u00e9s \u00e0 l&#8217;int\u00e9rieur ou dans les lieux ext\u00e9rieurs ferm\u00e9s seront munis d\u2019une d\u00e9tection du gaz et d\u2019un syst\u00e8me d&#8217;alarme qui doit \u00eatre capable de d\u00e9tecter et d\u2019avertir\u2026 \u00e0, ou au-del\u00e0 de\u2026 la LEA\u2026 et de la LECT\u2026 Des points de consigne plus restrictifs pourront \u00eatre utilis\u00e9s.<\/p>\n<h3>Code d&#8217;inspection du comit\u00e9 national pour les r\u00e9servoirs sous pression ASME\u00a0:\u00a02017 NBIC<\/h3>\n<p>Deux suppl\u00e9ments du NBIC sont applicables aux r\u00e9servoirs de stockage du dioxyde de carbone liquide<\/p>\n<p style=\"padding-left: 30px;\"><strong>2017 NBIC Partie 1. Suppl\u00e9ment 3<\/strong><em> pour les installations <\/em><br \/>\n<strong>2017 NBIC Partie 2. Suppl\u00e9ment 12<\/strong> <em>pour les inspections<br \/>\n<\/em>Les deux suppl\u00e9ments du NBIC sp\u00e9cifient \u00ab\u00a0une d\u00e9tection du gaz continue doit \u00eatre fournie dans la pi\u00e8ce ou la zone o\u00f9 les syst\u00e8mes de conteneurs sont remplis et utilis\u00e9s, dans les zones o\u00f9 un gaz plus lourd que l&#8217;air peut s\u2019accumuler et dans les lieux ext\u00e9rieurs sous le niveau du sol\u2026 des capteurs de CO2 seront install\u00e9s \u00e0 moins de 305\u00a0mm (12 pouces) du sol dans la zone o\u00f9 le gaz est cens\u00e9 s\u2019accumuler, ou aux endroits o\u00f9 le risque de fuite est le plus probable\u00a0\u00bb.<br \/>\na) Le seuil d&#8217;activation du niveau d&#8217;alarme bas ne doit pas d\u00e9passer une concentration\u2026 d\u2019une valeur moyenne d&#8217;exposition de 5\u00a0000 ppm sur 8 heures.<br \/>\nb) Le seuil d&#8217;activation du niveau d&#8217;alarme haut ne doit pas d\u00e9passer une concentration\u2026 de 30 000\u00a0ppm\u2026<\/p>\n<h3>Occupational Safety and Health Administration\u00a0: OSHA 29 CFR 1910.1000, Tableau Z-1<\/h3>\n<p>Substances toxiques et dangereuses, limites des contaminants de l&#8217;air\u00a0: LEA (limite d&#8217;exposition admissible) du dioxyde de carbone \u2013 valeur moyenne d&#8217;exposition de 5 000 ppm sur 8 heures, LECT \u2013 30 000\u00a0ppm<\/p>\n<h3>Association des gaz comprim\u00e9s\u00a0:\u00a0 CGA G-6.5 \u2013 2013 \u00a0Norme pour les petits syst\u00e8mes isol\u00e9s et fixes d&#8217;alimentation en dioxyde de carbone, quatri\u00e8me \u00e9dition\u00a0<span style=\"color: #999999;\">(non-Regulatory)<\/span><\/h3>\n<p style=\"padding-left: 30px;\"><strong>3.6 Syst\u00e8me de d\u00e9tection de fuite de dioxyde de carbone<\/strong><br \/>\nLes zones int\u00e9rieures, les pi\u00e8ces ou les lieux ext\u00e9rieurs ferm\u00e9s o\u00f9 de petits syst\u00e8mes isol\u00e9s de dioxyde de carbone sont remplis et utilis\u00e9s doivent \u00eatre munis d\u2019une d\u00e9tection de fuite et d\u2019un syst\u00e8me d&#8217;alarme. Ce syst\u00e8me doit \u00eatre capable de d\u00e9tecter et d\u2019avertir\u2026 \u00e0, ou au-del\u00e0 de, \u2026 la LEA \u2026 et la LECT \u2026 \u2026 Des points de consignes plus restrictifs peuvent \u00eatre utilis\u00e9s.<\/p>\n<h3>Association des gaz comprim\u00e9s\u00a0: CGA G-6.3 \u2013 2013 Proc\u00e9dures de remplissage et manutention des bouteilles de dioxyde de carbone, quatri\u00e8me \u00e9dition <span style=\"color: #999999;\">(non-r\u00e9glementaire)<\/span><\/h3>\n<p style=\"padding-left: 30px;\"><strong>3.5 Consignes de s\u00e9curit\u00e9<br \/>\n<\/strong>\u2026La surveillance du dioxyde de carbone doit \u00eatre faite avant d\u2019entrer dans toute zone susceptible d\u2019accumuler du gaz dioxyde de carbone\u2026<\/p>\n<h1>Europe<\/h1>\n<h3><a href=\"http:\/\/eur-lex.europa.eu\/LexUriServ\/LexUriServ.do?uri=CELEX:31998L0024:en:HTML\" target=\"_blank\" rel=\"noopener noreferrer\">La Directive du Conseil europ\u00e9en 98\/24\/CE du 7 avrill 1998<\/a><\/h3>\n<p style=\"padding-left: 30px;\"><strong>La section 4 de l\u2019article 7 stipule clairement que l&#8217;employeur doit prendre les mesures n\u00e9cessaires pour fournir un dispositif d&#8217;avertissement en cas d\u2019alarme chaque fois qu&#8217;un risque accru pour la s\u00e9curit\u00e9 et la sant\u00e9 se produit\u00a0:<\/strong><br \/>\n&#8211; \u00ab\u00a0l&#8217;employeur prend les mesures n\u00e9cessaires pour mettre \u00e0 disposition les syst\u00e8mes d&#8217;alarme et autres syst\u00e8mes de communication requis pour signaler un risque accru pour la s\u00e9curit\u00e9 et la sant\u00e9, afin de permettre une r\u00e9action appropri\u00e9e et de mettre imm\u00e9diatement en \u0153uvre, si n\u00e9cessaire, les mesures qui s&#8217;imposent et les op\u00e9rations de secours, d&#8217;\u00e9vacuation et de sauvetage.\u00a0\u00bb<\/p>\n<h3><a href=\"http:\/\/eur-lex.europa.eu\/LexUriServ\/LexUriServ.do?uri=OJ:L:2006:038:0036:0039:en:PDF\" target=\"_blank\" rel=\"noopener noreferrer\">La Directive de la Commission europ\u00e9enne 2006\/15\/CE<\/a><\/h3>\n<p style=\"padding-left: 30px;\"><strong>The 2006\/15\/CE directive<\/strong> d\u00e9finit une deuxi\u00e8me liste de valeurs limites d&#8217;exposition professionnelle indicatives dans la mise en \u0153uvre de la<br \/>\nDirective du Conseil 98\/24\/CE. La directive stipule clairement dans son annexe la limite de VME \u00e0 5 000\u00a0ppm qui ne doit pas \u00eatre d\u00e9pass\u00e9e.<\/p>\n<h3><a href=\"http:\/\/www.hse.gov.uk\/pubns\/books\/eh40.htm\">EH40\/2005 Limites d&#8217;exposition sur le lieu de travail au Royaume-Uni<\/a><\/h3>\n<p>&nbsp;<\/p>\n<h3><a href=\"http:\/\/www.emploi.belgique.be\/defaultTab.aspx?id=616#1\">Protection de la sant\u00e9 et de la s\u00e9curit\u00e9 des travailleurs contre les risques li\u00e9s \u00e0 des agents chimiques sur le lieu de travail en Belgique<\/a><\/h3>\n","protected":false},"excerpt":{"rendered":"<p>R\u00e9glementations relatives au CO2 Beaucoup d&#8217;analyses d&#8217;\u00e9valuation des risques ont abouti \u00e0 une conclusion identique\u00a0: en incluant le facteur humain, le risque d\u2019\u00eatre expos\u00e9 \u00e0 ces niveaux de CO2 nocifs atteignant le DIVS (danger imm\u00e9diat pour la vie et la sant\u00e9) n&#8217;est pas acceptable dans notre soci\u00e9t\u00e9 moderne actuelle. C&#8217;est \u00e0 cause de ce danger [&hellip;]<\/p>\n","protected":false},"author":1,"featured_media":3238,"parent":2102,"menu_order":0,"comment_status":"closed","ping_status":"closed","template":"","meta":{"_acf_changed":false,"footnotes":""},"class_list":["post-4211","page","type-page","status-publish","has-post-thumbnail","hentry"],"acf":[],"yoast_head":"<!-- This site is optimized with the Yoast SEO plugin v25.9 - https:\/\/yoast.com\/wordpress\/plugins\/seo\/ -->\n<title>R\u00e9glementations et lois - Logico2<\/title>\n<meta name=\"robots\" content=\"index, follow, max-snippet:-1, max-image-preview:large, max-video-preview:-1\" \/>\n<link rel=\"canonical\" href=\"https:\/\/www.logico2.com\/fr\/knowledge-base\/reglementations-et-lois\/\" \/>\n<meta property=\"og:locale\" content=\"fr_FR\" \/>\n<meta property=\"og:type\" content=\"article\" \/>\n<meta property=\"og:title\" content=\"R\u00e9glementations et lois - Logico2\" \/>\n<meta property=\"og:description\" content=\"R\u00e9glementations relatives au CO2 Beaucoup d&#8217;analyses d&#8217;\u00e9valuation des risques ont abouti \u00e0 une conclusion identique\u00a0: en incluant le facteur humain, le risque d\u2019\u00eatre expos\u00e9 \u00e0 ces niveaux de CO2 nocifs atteignant le DIVS (danger imm\u00e9diat pour la vie et la sant\u00e9) n&#8217;est pas acceptable dans notre soci\u00e9t\u00e9 moderne actuelle. C&#8217;est \u00e0 cause de ce danger [&hellip;]\" \/>\n<meta property=\"og:url\" content=\"https:\/\/www.logico2.com\/fr\/knowledge-base\/reglementations-et-lois\/\" \/>\n<meta property=\"og:site_name\" content=\"Logico2\" \/>\n<meta property=\"article:modified_time\" content=\"2025-03-17T12:11:42+00:00\" \/>\n<meta property=\"og:image\" content=\"https:\/\/www.logico2.com\/app\/uploads\/knowledge-icon-laws.png\" \/>\n\t<meta property=\"og:image:width\" content=\"64\" \/>\n\t<meta property=\"og:image:height\" content=\"64\" \/>\n\t<meta property=\"og:image:type\" content=\"image\/png\" \/>\n<meta name=\"twitter:card\" content=\"summary_large_image\" \/>\n<meta name=\"twitter:label1\" content=\"Est. reading time\" \/>\n\t<meta name=\"twitter:data1\" content=\"7 minutes\" \/>\n<script type=\"application\/ld+json\" class=\"yoast-schema-graph\">{\"@context\":\"https:\/\/schema.org\",\"@graph\":[{\"@type\":\"WebPage\",\"@id\":\"https:\/\/www.logico2.com\/fr\/knowledge-base\/reglementations-et-lois\/\",\"url\":\"https:\/\/www.logico2.com\/fr\/knowledge-base\/reglementations-et-lois\/\",\"name\":\"R\u00e9glementations et lois - Logico2\",\"isPartOf\":{\"@id\":\"https:\/\/www.logico2.com\/#website\"},\"primaryImageOfPage\":{\"@id\":\"https:\/\/www.logico2.com\/fr\/knowledge-base\/reglementations-et-lois\/#primaryimage\"},\"image\":{\"@id\":\"https:\/\/www.logico2.com\/fr\/knowledge-base\/reglementations-et-lois\/#primaryimage\"},\"thumbnailUrl\":\"https:\/\/www.logico2.com\/app\/uploads\/knowledge-icon-laws.png\",\"datePublished\":\"2018-03-26T08:14:20+00:00\",\"dateModified\":\"2025-03-17T12:11:42+00:00\",\"breadcrumb\":{\"@id\":\"https:\/\/www.logico2.com\/fr\/knowledge-base\/reglementations-et-lois\/#breadcrumb\"},\"inLanguage\":\"fr-FR\",\"potentialAction\":[{\"@type\":\"ReadAction\",\"target\":[\"https:\/\/www.logico2.com\/fr\/knowledge-base\/reglementations-et-lois\/\"]}]},{\"@type\":\"ImageObject\",\"inLanguage\":\"fr-FR\",\"@id\":\"https:\/\/www.logico2.com\/fr\/knowledge-base\/reglementations-et-lois\/#primaryimage\",\"url\":\"https:\/\/www.logico2.com\/app\/uploads\/knowledge-icon-laws.png\",\"contentUrl\":\"https:\/\/www.logico2.com\/app\/uploads\/knowledge-icon-laws.png\",\"width\":64,\"height\":64},{\"@type\":\"BreadcrumbList\",\"@id\":\"https:\/\/www.logico2.com\/fr\/knowledge-base\/reglementations-et-lois\/#breadcrumb\",\"itemListElement\":[{\"@type\":\"ListItem\",\"position\":1,\"name\":\"Home\",\"item\":\"https:\/\/www.logico2.com\/fr\/\"},{\"@type\":\"ListItem\",\"position\":2,\"name\":\"Base de connaissances\",\"item\":\"https:\/\/www.logico2.com\/fr\/knowledge-base\/\"},{\"@type\":\"ListItem\",\"position\":3,\"name\":\"R\u00e9glementations et lois\"}]},{\"@type\":\"WebSite\",\"@id\":\"https:\/\/www.logico2.com\/#website\",\"url\":\"https:\/\/www.logico2.com\/\",\"name\":\"Logico2\",\"description\":\"CO2 Safety solutions\",\"potentialAction\":[{\"@type\":\"SearchAction\",\"target\":{\"@type\":\"EntryPoint\",\"urlTemplate\":\"https:\/\/www.logico2.com\/?s={search_term_string}\"},\"query-input\":{\"@type\":\"PropertyValueSpecification\",\"valueRequired\":true,\"valueName\":\"search_term_string\"}}],\"inLanguage\":\"fr-FR\"}]}<\/script>\n<!-- \/ Yoast SEO plugin. -->","yoast_head_json":{"title":"R\u00e9glementations et lois - Logico2","robots":{"index":"index","follow":"follow","max-snippet":"max-snippet:-1","max-image-preview":"max-image-preview:large","max-video-preview":"max-video-preview:-1"},"canonical":"https:\/\/www.logico2.com\/fr\/knowledge-base\/reglementations-et-lois\/","og_locale":"fr_FR","og_type":"article","og_title":"R\u00e9glementations et lois - Logico2","og_description":"R\u00e9glementations relatives au CO2 Beaucoup d&#8217;analyses d&#8217;\u00e9valuation des risques ont abouti \u00e0 une conclusion identique\u00a0: en incluant le facteur humain, le risque d\u2019\u00eatre expos\u00e9 \u00e0 ces niveaux de CO2 nocifs atteignant le DIVS (danger imm\u00e9diat pour la vie et la sant\u00e9) n&#8217;est pas acceptable dans notre soci\u00e9t\u00e9 moderne actuelle. C&#8217;est \u00e0 cause de ce danger [&hellip;]","og_url":"https:\/\/www.logico2.com\/fr\/knowledge-base\/reglementations-et-lois\/","og_site_name":"Logico2","article_modified_time":"2025-03-17T12:11:42+00:00","og_image":[{"width":64,"height":64,"url":"https:\/\/www.logico2.com\/app\/uploads\/knowledge-icon-laws.png","type":"image\/png"}],"twitter_card":"summary_large_image","twitter_misc":{"Est. reading time":"7 minutes"},"schema":{"@context":"https:\/\/schema.org","@graph":[{"@type":"WebPage","@id":"https:\/\/www.logico2.com\/fr\/knowledge-base\/reglementations-et-lois\/","url":"https:\/\/www.logico2.com\/fr\/knowledge-base\/reglementations-et-lois\/","name":"R\u00e9glementations et lois - Logico2","isPartOf":{"@id":"https:\/\/www.logico2.com\/#website"},"primaryImageOfPage":{"@id":"https:\/\/www.logico2.com\/fr\/knowledge-base\/reglementations-et-lois\/#primaryimage"},"image":{"@id":"https:\/\/www.logico2.com\/fr\/knowledge-base\/reglementations-et-lois\/#primaryimage"},"thumbnailUrl":"https:\/\/www.logico2.com\/app\/uploads\/knowledge-icon-laws.png","datePublished":"2018-03-26T08:14:20+00:00","dateModified":"2025-03-17T12:11:42+00:00","breadcrumb":{"@id":"https:\/\/www.logico2.com\/fr\/knowledge-base\/reglementations-et-lois\/#breadcrumb"},"inLanguage":"fr-FR","potentialAction":[{"@type":"ReadAction","target":["https:\/\/www.logico2.com\/fr\/knowledge-base\/reglementations-et-lois\/"]}]},{"@type":"ImageObject","inLanguage":"fr-FR","@id":"https:\/\/www.logico2.com\/fr\/knowledge-base\/reglementations-et-lois\/#primaryimage","url":"https:\/\/www.logico2.com\/app\/uploads\/knowledge-icon-laws.png","contentUrl":"https:\/\/www.logico2.com\/app\/uploads\/knowledge-icon-laws.png","width":64,"height":64},{"@type":"BreadcrumbList","@id":"https:\/\/www.logico2.com\/fr\/knowledge-base\/reglementations-et-lois\/#breadcrumb","itemListElement":[{"@type":"ListItem","position":1,"name":"Home","item":"https:\/\/www.logico2.com\/fr\/"},{"@type":"ListItem","position":2,"name":"Base de connaissances","item":"https:\/\/www.logico2.com\/fr\/knowledge-base\/"},{"@type":"ListItem","position":3,"name":"R\u00e9glementations et lois"}]},{"@type":"WebSite","@id":"https:\/\/www.logico2.com\/#website","url":"https:\/\/www.logico2.com\/","name":"Logico2","description":"CO2 Safety solutions","potentialAction":[{"@type":"SearchAction","target":{"@type":"EntryPoint","urlTemplate":"https:\/\/www.logico2.com\/?s={search_term_string}"},"query-input":{"@type":"PropertyValueSpecification","valueRequired":true,"valueName":"search_term_string"}}],"inLanguage":"fr-FR"}]}},"_links":{"self":[{"href":"https:\/\/www.logico2.com\/fr\/wp-json\/wp\/v2\/pages\/4211","targetHints":{"allow":["GET"]}}],"collection":[{"href":"https:\/\/www.logico2.com\/fr\/wp-json\/wp\/v2\/pages"}],"about":[{"href":"https:\/\/www.logico2.com\/fr\/wp-json\/wp\/v2\/types\/page"}],"author":[{"embeddable":true,"href":"https:\/\/www.logico2.com\/fr\/wp-json\/wp\/v2\/users\/1"}],"replies":[{"embeddable":true,"href":"https:\/\/www.logico2.com\/fr\/wp-json\/wp\/v2\/comments?post=4211"}],"version-history":[{"count":2,"href":"https:\/\/www.logico2.com\/fr\/wp-json\/wp\/v2\/pages\/4211\/revisions"}],"predecessor-version":[{"id":19222,"href":"https:\/\/www.logico2.com\/fr\/wp-json\/wp\/v2\/pages\/4211\/revisions\/19222"}],"up":[{"embeddable":true,"href":"https:\/\/www.logico2.com\/fr\/wp-json\/wp\/v2\/pages\/2102"}],"wp:featuredmedia":[{"embeddable":true,"href":"https:\/\/www.logico2.com\/fr\/wp-json\/wp\/v2\/media\/3238"}],"wp:attachment":[{"href":"https:\/\/www.logico2.com\/fr\/wp-json\/wp\/v2\/media?parent=4211"}],"curies":[{"name":"wp","href":"https:\/\/api.w.org\/{rel}","templated":true}]}}