{"id":4204,"date":"2018-03-26T08:14:20","date_gmt":"2018-03-26T08:14:20","guid":{"rendered":"https:\/\/www.logico2.com\/knowledge-base\/risques-du-co2\/"},"modified":"2025-05-12T08:02:06","modified_gmt":"2025-05-12T08:02:06","slug":"risques-du-co2","status":"publish","type":"page","link":"https:\/\/www.logico2.com\/fr\/knowledge-base\/risques-du-co2\/","title":{"rendered":"Risques du CO<sub>2<\/sub>"},"content":{"rendered":"<h1><img loading=\"lazy\" decoding=\"async\" class=\"size-full wp-image-1191 alignright\" src=\"https:\/\/www.logico2.com\/app\/uploads\/418_1146_1423566018_w495.png\" alt=\"\" width=\"495\" height=\"247\" srcset=\"https:\/\/www.logico2.com\/app\/uploads\/418_1146_1423566018_w495.png 495w, https:\/\/www.logico2.com\/app\/uploads\/418_1146_1423566018_w495-300x150.png 300w\" sizes=\"auto, (max-width: 495px) 100vw, 495px\" \/>Les risques du CO<sub>2<\/sub><\/h1>\n<p>Aucune raison ne justifie qu&#8217;une personne risque une exposition \u00e0 de niveaux de CO<sub>2<\/sub> dangereux\u00a0! Pour les humains, m\u00eame une petite augmentation du CO<sub>2<\/sub> dans l&#8217;air est dangereuse. L&#8217;air ext\u00e9rieur normal a un pourcentage de CO<sub>2<\/sub> moyen de seulement 0,04 %. \u00c0 une concentration de CO<sub>2<\/sub> de 1,5\u00a0% les humains r\u00e9agissent par une acc\u00e9l\u00e9ration de la fr\u00e9quence cardiaque et \u00e0 4\u00a0% de CO<sub>2<\/sub> il existe a un danger imm\u00e9diat pour la vie et la sant\u00e9 (DIVS).<\/p>\n<h2><\/h2>\n<p><a href=\"https:\/\/www.youtube.com\/watch?v=OTanQa9JpoQ\" target=\"_blank\" rel=\"noopener noreferrer\">Regardez notre film sur le travail en toute s\u00e9curit\u00e9 avec le CO<sub>2<\/sub><\/a><\/p>\n<p><img loading=\"lazy\" decoding=\"async\" class=\"size-full wp-image-1201 alignright\" src=\"https:\/\/www.logico2.com\/app\/uploads\/422_1156_1423567975_w117.png\" alt=\"\" width=\"117\" height=\"118\" \/> Comme le CO<sub>2<\/sub> est de plus en plus utilis\u00e9 dans diverses applications, les personnes peuvent, dans leur vie quotidienne, tant au travail que pendant leur temps libre, risquer d&#8217;\u00eatre expos\u00e9s \u00e0 des niveaux de CO<sub>2<\/sub> d\u00e9passant le DIVS (danger imm\u00e9diat pour la vie et la sant\u00e9). Par exemple, \u00e0 des stations-services, dans des commerces de proximit\u00e9 ou des restaurants de restauration rapide, qui vendent des boissons gazeuses non alcoolis\u00e9es.<\/p>\n<p>Afin d\u2019emp\u00eacher les accidents, les employeurs, le personnel et les membres ont besoin de conna\u00eetre les risques associ\u00e9s au travail avec le gaz CO<sub>2<\/sub>, d\u2019\u00eatre \u00e0 m\u00eame d\u2019identifier les premiers sympt\u00f4mes et d\u2019\u00eatre prot\u00e9g\u00e9s par des syst\u00e8mes de s\u00e9curit\u00e9 CO<sub>2<\/sub> fixes ou portables.<\/p>\n<p>Selon le guide de poche du National Institute for Occupational Safety and Health (NIOSH), les sympt\u00f4mes courants de l&#8217;exposition au CO<sub>2<\/sub> incluent le vertige, le mal de t\u00eate, le mauvais sommeil, la fatigue, l&#8217;anxi\u00e9t\u00e9, les variations oculaires, la maladie cardiaque coronarienne, la gastrite, les l\u00e9sions r\u00e9nales et h\u00e9patiques, les br\u00fblures oculaires et cutan\u00e9es, et la dermatite. Ces sympt\u00f4mes se produiront seulement si la limite d&#8217;exposition recommand\u00e9e (LER) standard du NIOSH et \/ ou la limite d&#8217;exposition admissible (LEA) recommand\u00e9e standard de l\u2019Occupational Safety And Health Administration (OSHA) d\u00e9passent 5 000 ppm.<\/p>\n<hr \/>\n<h2>Calcul du niveau de CO<sub>2<\/sub><\/h2>\n<p>La concentration de dioxyde de carbone dans une pi\u00e8ce d\u00e9pend du VOLUME de la pi\u00e8ce et de la quantit\u00e9 de CO<sub>2<\/sub> qui peut s\u2019y trouver. S&#8217;il y a une fuite, le CO<sub>2<\/sub> s\u2019accumule \u00e0 partir du sol (car il est 1,5 fois plus lourd que l&#8217;air). Nous avons cr\u00e9\u00e9 un outil simple et facile pour aider \u00e0 \u00e9valuer le risque d&#8217;une fuite de CO<sub>2<\/sub>.<\/p>\n<p>Entrez simplement la surface de la pi\u00e8ce dans la calculatrice et la quantit\u00e9 du CO<sub>2<\/sub> en livres ou kilos. Nous utilisons 2,4 m\u00e8tres ou 7 pieds 10 pouces comme hauteur de plafond standard. Nous calculons ensuite le volume. La concentration de CO<sub>2<\/sub> potentielle sera indiqu\u00e9e par la calculatrice, afin de vous offrir une une meilleure compr\u00e9hension du risque associ\u00e9 \u00e0 une alimentation de CO<sub>2<\/sub>. Par exemple, un sous-sol de 9 m\u00e8tres carr\u00e9s (100 pieds carr\u00e9s) contenant un petit r\u00e9servoir de 9 kg (20 livres) de CO<sub>2<\/sub> est un risque mortel et un syst\u00e8me de s\u00e9curit\u00e9 CO<sub>2<\/sub> appropri\u00e9 est indispensable\u00a0!<\/p>\n\n        <div class=\"co2_surround\">\n\n            <div class=\"co2_content\">\n\n                <div class=\"inputrow_cont\">\n                    \n                    <h3>CO<sub>2<\/sub> risk calculator<\/h3>\n\n                    <div class=\"inputrow\">\n                        <div class=\"units\">\n                            <div id=\"metric\" class=\"unit active\">Kilos\/Meters<\/div>\n                            <div id=\"imperial\" class=\"unit\">Pounds\/Feet<\/div>\n                        <\/div>\n                    <\/div>\n\n                    <div class=\"inputrow\">\n                        <div class=\"float-label\">\n                            <div class=\"text text_1\">KG CO<sub>2<\/sub><\/div>\n                            <input id=\"field_1\" class=\"input\" type=\"text\" \/>\n                            <img decoding=\"async\" class=\"calculator-icon\" src=\"https:\/\/www.logico2.com\/app\/themes\/logico2\/images\/calculator\/icon-co2.png\">\n                        <\/div>\n                    <\/div>\n\n                    <div class=\"inputrow\">\n                        <div class=\"float-label\">\n                            <div class=\"text text_2\">Risk Area m\u00b2<\/div>\n                            <input id=\"field_2\" class=\"input\" type=\"text\" \/>\n                            <img decoding=\"async\" class=\"calculator-icon\" src=\"https:\/\/www.logico2.com\/app\/themes\/logico2\/images\/calculator\/icon-area.png\">\n                        <\/div>\n                    <\/div>\n\n                    <div class=\"inputrow\">\n                        <div class=\"float-label active\">\n                            <div class=\"text text_3\">Ceiling height (m)<\/div>\n                            <input id=\"field_3\" class=\"input\" type=\"text\" \/>\n                            <img decoding=\"async\" class=\"calculator-icon\" src=\"https:\/\/www.logico2.com\/app\/themes\/logico2\/images\/calculator\/icon-height.png\">\n                        <\/div>\n                    <\/div>\n\n                    <div class=\"inputrow\">\n                        <div class=\"float-label active\">\n                            <div class=\"text text_4\">Altitude (m)<\/div>\n                            <select id=\"field_4\" class=\"input\"><\/select>\n                            <img decoding=\"async\" class=\"calculator-icon\" src=\"https:\/\/www.logico2.com\/app\/themes\/logico2\/images\/calculator\/icon-altitude.png\">\n                        <\/div>\n                    <\/div>\n\n                    <div class=\"inputrow\" style=\"display:flex; justify-content: center; padding-top:12px;\">\n                        <input id=\"co2_submit\" type=\"submit\" value=\"Calculate\" \/>\n                    <\/div>\n\n                <\/div>\n\n                <div class=\"result-container\">\n                    <div class=\"result\">\n                        <div class=\"headline\">CO<sub>2<\/sub> level:<\/div>\n                        <div class=\"procentage\"><\/div>\n                        <div class=\"message\"><\/div>\n                    <\/div>\n                <\/div>\n\n            <\/div>\n        <\/div>\n\n        \n<hr \/>\n<h2>Tutoriel sur le CO<sub>2<\/sub>, ses applications et les codes de s\u00e9curit\u00e9 des \u00c9tats-Unis<\/h2>\n<p><iframe loading=\"lazy\" style=\"float: left; margin-top: 20px;\" src=\"https:\/\/www.youtube.com\/embed\/OTanQa9JpoQ?rel=0&amp;showinfo=0\" width=\"1000\" height=\"563\" frameborder=\"0\" allowfullscreen=\"allowfullscreen\"><\/iframe><\/p>\n<p>&nbsp;<\/p>\n","protected":false},"excerpt":{"rendered":"<p>Les risques du CO2 Aucune raison ne justifie qu&#8217;une personne risque une exposition \u00e0 de niveaux de CO2 dangereux\u00a0! Pour les humains, m\u00eame une petite augmentation du CO2 dans l&#8217;air est dangereuse. L&#8217;air ext\u00e9rieur normal a un pourcentage de CO2 moyen de seulement 0,04 %. \u00c0 une concentration de CO2 de 1,5\u00a0% les humains r\u00e9agissent [&hellip;]<\/p>\n","protected":false},"author":1,"featured_media":3235,"parent":2102,"menu_order":0,"comment_status":"closed","ping_status":"closed","template":"","meta":{"_acf_changed":false,"footnotes":""},"class_list":["post-4204","page","type-page","status-publish","has-post-thumbnail","hentry"],"acf":[],"yoast_head":"<!-- This site is optimized with the Yoast SEO plugin v25.9 - https:\/\/yoast.com\/wordpress\/plugins\/seo\/ -->\n<title>Risques du CO2 - Logico2<\/title>\n<meta name=\"robots\" content=\"index, follow, max-snippet:-1, max-image-preview:large, max-video-preview:-1\" \/>\n<link rel=\"canonical\" href=\"https:\/\/www.logico2.com\/fr\/knowledge-base\/risques-du-co2\/\" \/>\n<meta property=\"og:locale\" content=\"fr_FR\" \/>\n<meta property=\"og:type\" content=\"article\" \/>\n<meta property=\"og:title\" content=\"Risques du CO2 - Logico2\" \/>\n<meta property=\"og:description\" content=\"Les risques du CO2 Aucune raison ne justifie qu&#8217;une personne risque une exposition \u00e0 de niveaux de CO2 dangereux\u00a0! Pour les humains, m\u00eame une petite augmentation du CO2 dans l&#8217;air est dangereuse. L&#8217;air ext\u00e9rieur normal a un pourcentage de CO2 moyen de seulement 0,04 %. \u00c0 une concentration de CO2 de 1,5\u00a0% les humains r\u00e9agissent [&hellip;]\" \/>\n<meta property=\"og:url\" content=\"https:\/\/www.logico2.com\/fr\/knowledge-base\/risques-du-co2\/\" \/>\n<meta property=\"og:site_name\" content=\"Logico2\" \/>\n<meta property=\"article:modified_time\" content=\"2025-05-12T08:02:06+00:00\" \/>\n<meta property=\"og:image\" content=\"https:\/\/www.logico2.com\/app\/uploads\/knowledge-icon-risk-1.png\" \/>\n\t<meta property=\"og:image:width\" content=\"64\" \/>\n\t<meta property=\"og:image:height\" content=\"64\" \/>\n\t<meta property=\"og:image:type\" content=\"image\/png\" \/>\n<meta name=\"twitter:card\" content=\"summary_large_image\" \/>\n<meta name=\"twitter:label1\" content=\"Est. reading time\" \/>\n\t<meta name=\"twitter:data1\" content=\"3 minutes\" \/>\n<script type=\"application\/ld+json\" class=\"yoast-schema-graph\">{\"@context\":\"https:\/\/schema.org\",\"@graph\":[{\"@type\":\"WebPage\",\"@id\":\"https:\/\/www.logico2.com\/fr\/knowledge-base\/risques-du-co2\/\",\"url\":\"https:\/\/www.logico2.com\/fr\/knowledge-base\/risques-du-co2\/\",\"name\":\"Risques du CO2 - Logico2\",\"isPartOf\":{\"@id\":\"https:\/\/www.logico2.com\/#website\"},\"primaryImageOfPage\":{\"@id\":\"https:\/\/www.logico2.com\/fr\/knowledge-base\/risques-du-co2\/#primaryimage\"},\"image\":{\"@id\":\"https:\/\/www.logico2.com\/fr\/knowledge-base\/risques-du-co2\/#primaryimage\"},\"thumbnailUrl\":\"https:\/\/www.logico2.com\/app\/uploads\/knowledge-icon-risk-1.png\",\"datePublished\":\"2018-03-26T08:14:20+00:00\",\"dateModified\":\"2025-05-12T08:02:06+00:00\",\"breadcrumb\":{\"@id\":\"https:\/\/www.logico2.com\/fr\/knowledge-base\/risques-du-co2\/#breadcrumb\"},\"inLanguage\":\"fr-FR\",\"potentialAction\":[{\"@type\":\"ReadAction\",\"target\":[\"https:\/\/www.logico2.com\/fr\/knowledge-base\/risques-du-co2\/\"]}]},{\"@type\":\"ImageObject\",\"inLanguage\":\"fr-FR\",\"@id\":\"https:\/\/www.logico2.com\/fr\/knowledge-base\/risques-du-co2\/#primaryimage\",\"url\":\"https:\/\/www.logico2.com\/app\/uploads\/knowledge-icon-risk-1.png\",\"contentUrl\":\"https:\/\/www.logico2.com\/app\/uploads\/knowledge-icon-risk-1.png\",\"width\":64,\"height\":64},{\"@type\":\"BreadcrumbList\",\"@id\":\"https:\/\/www.logico2.com\/fr\/knowledge-base\/risques-du-co2\/#breadcrumb\",\"itemListElement\":[{\"@type\":\"ListItem\",\"position\":1,\"name\":\"Home\",\"item\":\"https:\/\/www.logico2.com\/fr\/\"},{\"@type\":\"ListItem\",\"position\":2,\"name\":\"Base de connaissances\",\"item\":\"https:\/\/www.logico2.com\/fr\/knowledge-base\/\"},{\"@type\":\"ListItem\",\"position\":3,\"name\":\"Risques du CO2\"}]},{\"@type\":\"WebSite\",\"@id\":\"https:\/\/www.logico2.com\/#website\",\"url\":\"https:\/\/www.logico2.com\/\",\"name\":\"Logico2\",\"description\":\"CO2 Safety solutions\",\"potentialAction\":[{\"@type\":\"SearchAction\",\"target\":{\"@type\":\"EntryPoint\",\"urlTemplate\":\"https:\/\/www.logico2.com\/?s={search_term_string}\"},\"query-input\":{\"@type\":\"PropertyValueSpecification\",\"valueRequired\":true,\"valueName\":\"search_term_string\"}}],\"inLanguage\":\"fr-FR\"}]}<\/script>\n<!-- \/ Yoast SEO plugin. -->","yoast_head_json":{"title":"Risques du CO2 - Logico2","robots":{"index":"index","follow":"follow","max-snippet":"max-snippet:-1","max-image-preview":"max-image-preview:large","max-video-preview":"max-video-preview:-1"},"canonical":"https:\/\/www.logico2.com\/fr\/knowledge-base\/risques-du-co2\/","og_locale":"fr_FR","og_type":"article","og_title":"Risques du CO2 - Logico2","og_description":"Les risques du CO2 Aucune raison ne justifie qu&#8217;une personne risque une exposition \u00e0 de niveaux de CO2 dangereux\u00a0! Pour les humains, m\u00eame une petite augmentation du CO2 dans l&#8217;air est dangereuse. L&#8217;air ext\u00e9rieur normal a un pourcentage de CO2 moyen de seulement 0,04 %. \u00c0 une concentration de CO2 de 1,5\u00a0% les humains r\u00e9agissent [&hellip;]","og_url":"https:\/\/www.logico2.com\/fr\/knowledge-base\/risques-du-co2\/","og_site_name":"Logico2","article_modified_time":"2025-05-12T08:02:06+00:00","og_image":[{"width":64,"height":64,"url":"https:\/\/www.logico2.com\/app\/uploads\/knowledge-icon-risk-1.png","type":"image\/png"}],"twitter_card":"summary_large_image","twitter_misc":{"Est. reading time":"3 minutes"},"schema":{"@context":"https:\/\/schema.org","@graph":[{"@type":"WebPage","@id":"https:\/\/www.logico2.com\/fr\/knowledge-base\/risques-du-co2\/","url":"https:\/\/www.logico2.com\/fr\/knowledge-base\/risques-du-co2\/","name":"Risques du CO2 - Logico2","isPartOf":{"@id":"https:\/\/www.logico2.com\/#website"},"primaryImageOfPage":{"@id":"https:\/\/www.logico2.com\/fr\/knowledge-base\/risques-du-co2\/#primaryimage"},"image":{"@id":"https:\/\/www.logico2.com\/fr\/knowledge-base\/risques-du-co2\/#primaryimage"},"thumbnailUrl":"https:\/\/www.logico2.com\/app\/uploads\/knowledge-icon-risk-1.png","datePublished":"2018-03-26T08:14:20+00:00","dateModified":"2025-05-12T08:02:06+00:00","breadcrumb":{"@id":"https:\/\/www.logico2.com\/fr\/knowledge-base\/risques-du-co2\/#breadcrumb"},"inLanguage":"fr-FR","potentialAction":[{"@type":"ReadAction","target":["https:\/\/www.logico2.com\/fr\/knowledge-base\/risques-du-co2\/"]}]},{"@type":"ImageObject","inLanguage":"fr-FR","@id":"https:\/\/www.logico2.com\/fr\/knowledge-base\/risques-du-co2\/#primaryimage","url":"https:\/\/www.logico2.com\/app\/uploads\/knowledge-icon-risk-1.png","contentUrl":"https:\/\/www.logico2.com\/app\/uploads\/knowledge-icon-risk-1.png","width":64,"height":64},{"@type":"BreadcrumbList","@id":"https:\/\/www.logico2.com\/fr\/knowledge-base\/risques-du-co2\/#breadcrumb","itemListElement":[{"@type":"ListItem","position":1,"name":"Home","item":"https:\/\/www.logico2.com\/fr\/"},{"@type":"ListItem","position":2,"name":"Base de connaissances","item":"https:\/\/www.logico2.com\/fr\/knowledge-base\/"},{"@type":"ListItem","position":3,"name":"Risques du CO2"}]},{"@type":"WebSite","@id":"https:\/\/www.logico2.com\/#website","url":"https:\/\/www.logico2.com\/","name":"Logico2","description":"CO2 Safety solutions","potentialAction":[{"@type":"SearchAction","target":{"@type":"EntryPoint","urlTemplate":"https:\/\/www.logico2.com\/?s={search_term_string}"},"query-input":{"@type":"PropertyValueSpecification","valueRequired":true,"valueName":"search_term_string"}}],"inLanguage":"fr-FR"}]}},"_links":{"self":[{"href":"https:\/\/www.logico2.com\/fr\/wp-json\/wp\/v2\/pages\/4204","targetHints":{"allow":["GET"]}}],"collection":[{"href":"https:\/\/www.logico2.com\/fr\/wp-json\/wp\/v2\/pages"}],"about":[{"href":"https:\/\/www.logico2.com\/fr\/wp-json\/wp\/v2\/types\/page"}],"author":[{"embeddable":true,"href":"https:\/\/www.logico2.com\/fr\/wp-json\/wp\/v2\/users\/1"}],"replies":[{"embeddable":true,"href":"https:\/\/www.logico2.com\/fr\/wp-json\/wp\/v2\/comments?post=4204"}],"version-history":[{"count":2,"href":"https:\/\/www.logico2.com\/fr\/wp-json\/wp\/v2\/pages\/4204\/revisions"}],"predecessor-version":[{"id":19716,"href":"https:\/\/www.logico2.com\/fr\/wp-json\/wp\/v2\/pages\/4204\/revisions\/19716"}],"up":[{"embeddable":true,"href":"https:\/\/www.logico2.com\/fr\/wp-json\/wp\/v2\/pages\/2102"}],"wp:featuredmedia":[{"embeddable":true,"href":"https:\/\/www.logico2.com\/fr\/wp-json\/wp\/v2\/media\/3235"}],"wp:attachment":[{"href":"https:\/\/www.logico2.com\/fr\/wp-json\/wp\/v2\/media?parent=4204"}],"curies":[{"name":"wp","href":"https:\/\/api.w.org\/{rel}","templated":true}]}}