{"id":2102,"date":"2017-06-27T13:32:13","date_gmt":"2017-06-27T13:32:13","guid":{"rendered":"https:\/\/www.logico2.com\/knowledge-base\/"},"modified":"2018-03-26T08:21:23","modified_gmt":"2018-03-26T08:21:23","slug":"knowledge-base","status":"publish","type":"page","link":"https:\/\/www.logico2.com\/fr\/knowledge-base\/","title":{"rendered":"Base de connaissances"},"content":{"rendered":"<h2>Qu&#8217;est-ce que le CO<sub>2<\/sub>?<\/h2>\n<p><img loading=\"lazy\" decoding=\"async\" class=\"size-full wp-image-1199 alignright\" src=\"https:\/\/www.logico2.com\/app\/uploads\/421_1293_1423567727_w117.png\" alt=\"\" width=\"117\" height=\"118\" \/>CO<sub>2<\/sub> est un gaz produit naturellement dans l&#8217;atmosph\u00e8re terrestre. Il est invisible, inodore et 50% plus lourd que l&#8217;air. Le CO<sub>2<\/sub> est l&#8217;un des principaux produits des processus de combustion et du m\u00e9tabolisme naturel des organismes vivants.<\/p>\n<p>Les humains inhalent de l&#8217;oxyg\u00e8ne et expirent du dioxyde de carbone. Le niveau de CO<sub>2<\/sub> dans l&#8217;air expir\u00e9 est relativement constant \u00e0 3,8 % (38 000 ppm). Lorsque le CO<sub>2<\/sub> est expir\u00e9, il se m\u00e9lange rapidement \u00e0 l&#8217;air ambiant et, si la ventilation est bonne, sa concentration est r\u00e9duite \u00e0 des niveaux inoffensifs. Les niveaux de CO<sub>2<\/sub> en int\u00e9rieur varient en g\u00e9n\u00e9ral de 400 et \u00e0 2000 ppm (parties par million). Les niveaux de CO<sub>2<\/sub> en ext\u00e9rieur sont en g\u00e9n\u00e9ral de 350 \u00e0 450\u00a0ppm et d\u00e9pendent en grande partie de la saison. Les zones fortement industrialis\u00e9es ou contamin\u00e9es peuvent subir p\u00e9riodiquement une concentration de CO<sub>2<\/sub> jusqu&#8217;\u00e0 800 ppm. Les niveaux de CO<sub>2<\/sub> en ext\u00e9rieur sont sup\u00e9rieurs dans les zones de circulation intense.<\/p>\n<p>Le CO<sub>2<\/sub> est produit par la respiration, les feux, les voitures, un m\u00e9lange incorrect de d\u00e9tergents et la fermentation. Le CO<sub>2<\/sub>, bien qu&#8217;il ne soit pas class\u00e9 comme un produit toxique, est un gaz insidieux. Il est inoffensif en petite quantit\u00e9 mais il est fatal \u00e0 des concentrations \u00e9lev\u00e9es. Ce gaz \u00e9tant inodore, il ne peut pas \u00eatre d\u00e9tect\u00e9 sans instrument de mesure et beaucoup d&#8217;accidents mortels se sont produits, par exemple dans caves \u00e0 bi\u00e8re et dans des restaurants modernes o\u00f9 une grande quantit\u00e9 de CO<sub>2<\/sub> sert \u00e0 la production de boissons non alcoolis\u00e9es. Il en va de m\u00eame dans d&#8217;autres lieux qui traitent l&#8217;eau avec du CO<sub>2<\/sub>.<br \/>\nLe CO<sub>2<\/sub> ne doit pas \u00eatre confondu avec le monoxyde de carbone (CO), un gaz tr\u00e8s toxique produit par une mauvaise combustion, par exemple dans les voitures et les chemin\u00e9es. Le monoxyde de carbone est dangereux \u00e0 des concentrations tr\u00e8s faibles (25 \u00e0 50 ppm).<\/p>\n<p>&nbsp;<\/p>\n<h2>Quels sont les utilisations du CO<sub>2<\/sub> ?<\/h2>\n<p><img loading=\"lazy\" decoding=\"async\" class=\"size-full wp-image-1200 alignright\" src=\"https:\/\/www.logico2.com\/app\/uploads\/420_1294_1423567734_w117.png\" alt=\"\" width=\"117\" height=\"118\" \/>Le CO<sub>2<\/sub> est actuellement le gaz dont l&#8217;utilisation g\u00e9n\u00e9rale se d\u00e9veloppe le plus rapidement dans le monde, avec une large vari\u00e9t\u00e9 d&#8217;applications, entre autres la r\u00e9frig\u00e9ration des syst\u00e8mes de refroidissement, l&#8217;\u00e9quilibrage du ph des piscines, la cong\u00e9lation des denr\u00e9es alimentaires, le nettoyage industriel, le nettoyage \u00e0 sec (lavage \u00e0 sec) et comme additif alimentaire, pour rendre les boissons p\u00e9tillantes et dans de nombreuses d&#8217;autres applications.<\/p>\n<p>La mesure du CO<sub>2<\/sub> en int\u00e9rieur fournit une mesure dynamique du solde entre la g\u00e9n\u00e9ration de CO<sub>2<\/sub> dans l&#8217;espace, qui repr\u00e9sente l&#8217;occupation, et la faible concentration de CO<sub>2<\/sub> de l&#8217;air ext\u00e9rieur introduit par la ventilation. Peu de gaz sont autant utilis\u00e9s que le CO<sub>2<\/sub> dans de nombreux domaines. L&#8217;int\u00e9r\u00eat et la demande pour ce gaz sont en forte croissance. C&#8217;est principalement d\u00fb \u00e0 ce qu&#8217;il repr\u00e9sente l&#8217;option la plus respectueuse de l&#8217;environnement face \u00e0 de nombreuses substances dangereuses utilis\u00e9es aujourd&#8217;hui dans la soci\u00e9t\u00e9 moderne. Une nouvelle l\u00e9gislation a \u00e9t\u00e9 introduite pour assurer la s\u00e9curit\u00e9.<\/p>\n<p>Le CO<sub>2<\/sub> est utilis\u00e9 dans de nombreux abattoirs modernes pour gazer les animaux. Il est consid\u00e9r\u00e9 par beaucoup comme une m\u00e9thode humaine pour les \u00ab\u00a0assommer\u00a0\u00bb.<\/p>\n","protected":false},"excerpt":{"rendered":"<p>Qu&#8217;est-ce que le CO2? CO2 est un gaz produit naturellement dans l&#8217;atmosph\u00e8re terrestre. Il est invisible, inodore et 50% plus lourd que l&#8217;air. Le CO2 est l&#8217;un des principaux produits des processus de combustion et du m\u00e9tabolisme naturel des organismes vivants. Les humains inhalent de l&#8217;oxyg\u00e8ne et expirent du dioxyde de carbone. Le niveau de [&hellip;]<\/p>\n","protected":false},"author":1,"featured_media":0,"parent":0,"menu_order":2,"comment_status":"closed","ping_status":"closed","template":"","meta":{"_acf_changed":false,"footnotes":""},"class_list":["post-2102","page","type-page","status-publish","hentry"],"acf":[],"yoast_head":"<!-- This site is optimized with the Yoast SEO plugin v25.9 - https:\/\/yoast.com\/wordpress\/plugins\/seo\/ -->\n<title>Base de connaissances - Logico2<\/title>\n<meta name=\"robots\" content=\"index, follow, max-snippet:-1, max-image-preview:large, max-video-preview:-1\" \/>\n<link rel=\"canonical\" href=\"https:\/\/www.logico2.com\/fr\/knowledge-base\/\" \/>\n<meta property=\"og:locale\" content=\"fr_FR\" \/>\n<meta property=\"og:type\" content=\"article\" \/>\n<meta property=\"og:title\" content=\"Base de connaissances - Logico2\" \/>\n<meta property=\"og:description\" content=\"Qu&#8217;est-ce que le CO2? CO2 est un gaz produit naturellement dans l&#8217;atmosph\u00e8re terrestre. Il est invisible, inodore et 50% plus lourd que l&#8217;air. Le CO2 est l&#8217;un des principaux produits des processus de combustion et du m\u00e9tabolisme naturel des organismes vivants. Les humains inhalent de l&#8217;oxyg\u00e8ne et expirent du dioxyde de carbone. Le niveau de [&hellip;]\" \/>\n<meta property=\"og:url\" content=\"https:\/\/www.logico2.com\/fr\/knowledge-base\/\" \/>\n<meta property=\"og:site_name\" content=\"Logico2\" \/>\n<meta property=\"article:modified_time\" content=\"2018-03-26T08:21:23+00:00\" \/>\n<meta property=\"og:image\" content=\"https:\/\/www.logico2.com\/app\/uploads\/421_1293_1423567727_w117.png\" \/>\n\t<meta property=\"og:image:width\" content=\"117\" \/>\n\t<meta property=\"og:image:height\" content=\"118\" \/>\n\t<meta property=\"og:image:type\" content=\"image\/png\" \/>\n<meta name=\"twitter:card\" content=\"summary_large_image\" \/>\n<meta name=\"twitter:label1\" content=\"Est. reading time\" \/>\n\t<meta name=\"twitter:data1\" content=\"3 minutes\" \/>\n<script type=\"application\/ld+json\" class=\"yoast-schema-graph\">{\"@context\":\"https:\/\/schema.org\",\"@graph\":[{\"@type\":\"WebPage\",\"@id\":\"https:\/\/www.logico2.com\/fr\/knowledge-base\/\",\"url\":\"https:\/\/www.logico2.com\/fr\/knowledge-base\/\",\"name\":\"Base de connaissances - Logico2\",\"isPartOf\":{\"@id\":\"https:\/\/www.logico2.com\/#website\"},\"primaryImageOfPage\":{\"@id\":\"https:\/\/www.logico2.com\/fr\/knowledge-base\/#primaryimage\"},\"image\":{\"@id\":\"https:\/\/www.logico2.com\/fr\/knowledge-base\/#primaryimage\"},\"thumbnailUrl\":\"https:\/\/www.logico2.com\/app\/uploads\/421_1293_1423567727_w117.png\",\"datePublished\":\"2017-06-27T13:32:13+00:00\",\"dateModified\":\"2018-03-26T08:21:23+00:00\",\"breadcrumb\":{\"@id\":\"https:\/\/www.logico2.com\/fr\/knowledge-base\/#breadcrumb\"},\"inLanguage\":\"fr-FR\",\"potentialAction\":[{\"@type\":\"ReadAction\",\"target\":[\"https:\/\/www.logico2.com\/fr\/knowledge-base\/\"]}]},{\"@type\":\"ImageObject\",\"inLanguage\":\"fr-FR\",\"@id\":\"https:\/\/www.logico2.com\/fr\/knowledge-base\/#primaryimage\",\"url\":\"https:\/\/www.logico2.com\/app\/uploads\/421_1293_1423567727_w117.png\",\"contentUrl\":\"https:\/\/www.logico2.com\/app\/uploads\/421_1293_1423567727_w117.png\"},{\"@type\":\"BreadcrumbList\",\"@id\":\"https:\/\/www.logico2.com\/fr\/knowledge-base\/#breadcrumb\",\"itemListElement\":[{\"@type\":\"ListItem\",\"position\":1,\"name\":\"Home\",\"item\":\"https:\/\/www.logico2.com\/fr\/\"},{\"@type\":\"ListItem\",\"position\":2,\"name\":\"Base de connaissances\"}]},{\"@type\":\"WebSite\",\"@id\":\"https:\/\/www.logico2.com\/#website\",\"url\":\"https:\/\/www.logico2.com\/\",\"name\":\"Logico2\",\"description\":\"CO2 Safety solutions\",\"potentialAction\":[{\"@type\":\"SearchAction\",\"target\":{\"@type\":\"EntryPoint\",\"urlTemplate\":\"https:\/\/www.logico2.com\/?s={search_term_string}\"},\"query-input\":{\"@type\":\"PropertyValueSpecification\",\"valueRequired\":true,\"valueName\":\"search_term_string\"}}],\"inLanguage\":\"fr-FR\"}]}<\/script>\n<!-- \/ Yoast SEO plugin. -->","yoast_head_json":{"title":"Base de connaissances - Logico2","robots":{"index":"index","follow":"follow","max-snippet":"max-snippet:-1","max-image-preview":"max-image-preview:large","max-video-preview":"max-video-preview:-1"},"canonical":"https:\/\/www.logico2.com\/fr\/knowledge-base\/","og_locale":"fr_FR","og_type":"article","og_title":"Base de connaissances - Logico2","og_description":"Qu&#8217;est-ce que le CO2? CO2 est un gaz produit naturellement dans l&#8217;atmosph\u00e8re terrestre. Il est invisible, inodore et 50% plus lourd que l&#8217;air. Le CO2 est l&#8217;un des principaux produits des processus de combustion et du m\u00e9tabolisme naturel des organismes vivants. Les humains inhalent de l&#8217;oxyg\u00e8ne et expirent du dioxyde de carbone. Le niveau de [&hellip;]","og_url":"https:\/\/www.logico2.com\/fr\/knowledge-base\/","og_site_name":"Logico2","article_modified_time":"2018-03-26T08:21:23+00:00","og_image":[{"width":117,"height":118,"url":"https:\/\/www.logico2.com\/app\/uploads\/421_1293_1423567727_w117.png","type":"image\/png"}],"twitter_card":"summary_large_image","twitter_misc":{"Est. reading time":"3 minutes"},"schema":{"@context":"https:\/\/schema.org","@graph":[{"@type":"WebPage","@id":"https:\/\/www.logico2.com\/fr\/knowledge-base\/","url":"https:\/\/www.logico2.com\/fr\/knowledge-base\/","name":"Base de connaissances - Logico2","isPartOf":{"@id":"https:\/\/www.logico2.com\/#website"},"primaryImageOfPage":{"@id":"https:\/\/www.logico2.com\/fr\/knowledge-base\/#primaryimage"},"image":{"@id":"https:\/\/www.logico2.com\/fr\/knowledge-base\/#primaryimage"},"thumbnailUrl":"https:\/\/www.logico2.com\/app\/uploads\/421_1293_1423567727_w117.png","datePublished":"2017-06-27T13:32:13+00:00","dateModified":"2018-03-26T08:21:23+00:00","breadcrumb":{"@id":"https:\/\/www.logico2.com\/fr\/knowledge-base\/#breadcrumb"},"inLanguage":"fr-FR","potentialAction":[{"@type":"ReadAction","target":["https:\/\/www.logico2.com\/fr\/knowledge-base\/"]}]},{"@type":"ImageObject","inLanguage":"fr-FR","@id":"https:\/\/www.logico2.com\/fr\/knowledge-base\/#primaryimage","url":"https:\/\/www.logico2.com\/app\/uploads\/421_1293_1423567727_w117.png","contentUrl":"https:\/\/www.logico2.com\/app\/uploads\/421_1293_1423567727_w117.png"},{"@type":"BreadcrumbList","@id":"https:\/\/www.logico2.com\/fr\/knowledge-base\/#breadcrumb","itemListElement":[{"@type":"ListItem","position":1,"name":"Home","item":"https:\/\/www.logico2.com\/fr\/"},{"@type":"ListItem","position":2,"name":"Base de connaissances"}]},{"@type":"WebSite","@id":"https:\/\/www.logico2.com\/#website","url":"https:\/\/www.logico2.com\/","name":"Logico2","description":"CO2 Safety solutions","potentialAction":[{"@type":"SearchAction","target":{"@type":"EntryPoint","urlTemplate":"https:\/\/www.logico2.com\/?s={search_term_string}"},"query-input":{"@type":"PropertyValueSpecification","valueRequired":true,"valueName":"search_term_string"}}],"inLanguage":"fr-FR"}]}},"_links":{"self":[{"href":"https:\/\/www.logico2.com\/fr\/wp-json\/wp\/v2\/pages\/2102","targetHints":{"allow":["GET"]}}],"collection":[{"href":"https:\/\/www.logico2.com\/fr\/wp-json\/wp\/v2\/pages"}],"about":[{"href":"https:\/\/www.logico2.com\/fr\/wp-json\/wp\/v2\/types\/page"}],"author":[{"embeddable":true,"href":"https:\/\/www.logico2.com\/fr\/wp-json\/wp\/v2\/users\/1"}],"replies":[{"embeddable":true,"href":"https:\/\/www.logico2.com\/fr\/wp-json\/wp\/v2\/comments?post=2102"}],"version-history":[{"count":1,"href":"https:\/\/www.logico2.com\/fr\/wp-json\/wp\/v2\/pages\/2102\/revisions"}],"predecessor-version":[{"id":4203,"href":"https:\/\/www.logico2.com\/fr\/wp-json\/wp\/v2\/pages\/2102\/revisions\/4203"}],"wp:attachment":[{"href":"https:\/\/www.logico2.com\/fr\/wp-json\/wp\/v2\/media?parent=2102"}],"curies":[{"name":"wp","href":"https:\/\/api.w.org\/{rel}","templated":true}]}}