{"id":12258,"date":"2021-05-10T14:24:00","date_gmt":"2021-05-10T14:24:00","guid":{"rendered":"https:\/\/www.logico2.com\/?page_id=12258"},"modified":"2022-05-23T12:39:37","modified_gmt":"2022-05-23T12:39:37","slug":"controle-des-fonctions","status":"publish","type":"page","link":"https:\/\/www.logico2.com\/fr\/knowledge-base\/controle-des-fonctions\/","title":{"rendered":"Contr\u00f4le des fonctions"},"content":{"rendered":"<h2>Contr\u00f4le des fonctions du syst\u00e8me de s\u00e9curit\u00e9 CO2 LogiCO2 Mk9<\/h2>\n<p><iframe loading=\"lazy\" style=\"margin-top: 20px;\" src=\"https:\/\/www.youtube.com\/embed\/mfWDzM2tghw?rel=0\" width=\"1000\" height=\"563\" frameborder=\"0\" allowfullscreen=\"allowfullscreen\"><\/iframe><\/p>\n<h4><\/h4>\n<h2>T\u00e9l\u00e9charger les listes de contr\u00f4le<\/h2>\n<p class=\"p1\"><a href=\"https:\/\/www.logico2.com\/app\/uploads\/Function_and_installation_check1_CO2_fr_r3_3.pdf\" target=\"_blank\" rel=\"noopener noreferrer\"><span class=\"s1\">Liste de contr\u00f4le de contr\u00f4le des fonctions 1 pour les capteurs de CO2 Mk9<\/span><\/a><br \/>\n<a href=\"https:\/\/www.logico2.com\/app\/uploads\/Function_and_installation_check2_CO2_fr_r3_2.pdf\" target=\"_blank\" rel=\"noopener noreferrer\">Liste de contr\u00f4le de contr\u00f4le des fonctions 2 pour les capteurs de CO2 Mk9 &#8211; capteurs suppl\u00e9mentaires<\/a><\/p>\n<hr \/>\n<h2>Tutoriel d&#8217;installation du KIT Mk9 O2<\/h2>\n<p><iframe loading=\"lazy\" style=\"margin-top: 20px;\" src=\"https:\/\/www.youtube.com\/embed\/W_kiGRwjZ-s?rel=0\" width=\"1000\" height=\"563\" frameborder=\"0\" allowfullscreen=\"allowfullscreen\"><\/iframe><\/p>\n<h4><\/h4>\n<h2>T\u00e9l\u00e9charger les listes de contr\u00f4le<\/h2>\n<p><a href=\"https:\/\/www.logico2.com\/app\/uploads\/Function_and_installation_check_O2_fr_r1_0.pdf\"><span class=\"s1\">Liste de contr\u00f4le du contr\u00f4le des fonctions des capteurs Mk9 O2<\/span><\/a><\/p>\n<hr \/>\n<h2>Contr\u00f4le de fonctionnement de la soupape de s\u00e9curit\u00e9 LogiCO2 SMB<\/h2>\n<p><iframe loading=\"lazy\" title=\"YouTube video player\" src=\"https:\/\/www.youtube.com\/embed\/rRGIlWOD9TA?rel=0\" width=\"1000\" height=\"563\" frameborder=\"0\" allowfullscreen=\"allowfullscreen\" data-mce-fragment=\"1\"><\/iframe><\/p>\n<h4><\/h4>\n<h2>T\u00e9l\u00e9charger les listes de contr\u00f4le<\/h2>\n<p class=\"p1\"><a href=\"https:\/\/www.logico2.com\/app\/uploads\/Function_and_installation_check_SMB_fr.pdf\"><span class=\"s1\">Liste de contr\u00f4le du contr\u00f4le des fonctions pour la soupape de s\u00e9curit\u00e9 SMB<\/span><\/a><\/p>\n","protected":false},"excerpt":{"rendered":"<p>Contr\u00f4le des fonctions du syst\u00e8me de s\u00e9curit\u00e9 CO2 LogiCO2 Mk9 T\u00e9l\u00e9charger les listes de contr\u00f4le Liste de contr\u00f4le de contr\u00f4le des fonctions 1 pour les capteurs de CO2 Mk9 Liste de contr\u00f4le de contr\u00f4le des fonctions 2 pour les capteurs de CO2 Mk9 &#8211; capteurs suppl\u00e9mentaires Tutoriel d&#8217;installation du KIT Mk9 O2 T\u00e9l\u00e9charger les listes [&hellip;]<\/p>\n","protected":false},"author":3,"featured_media":7470,"parent":2102,"menu_order":0,"comment_status":"closed","ping_status":"closed","template":"","meta":{"_acf_changed":false,"footnotes":""},"class_list":["post-12258","page","type-page","status-publish","has-post-thumbnail","hentry"],"acf":[],"yoast_head":"<!-- This site is optimized with the Yoast SEO plugin v25.9 - https:\/\/yoast.com\/wordpress\/plugins\/seo\/ -->\n<title>Contr\u00f4le des fonctions - Logico2<\/title>\n<meta name=\"robots\" content=\"index, follow, max-snippet:-1, max-image-preview:large, max-video-preview:-1\" \/>\n<link rel=\"canonical\" href=\"https:\/\/www.logico2.com\/fr\/knowledge-base\/controle-des-fonctions\/\" \/>\n<meta property=\"og:locale\" content=\"fr_FR\" \/>\n<meta property=\"og:type\" content=\"article\" \/>\n<meta property=\"og:title\" content=\"Contr\u00f4le des fonctions - Logico2\" \/>\n<meta property=\"og:description\" content=\"Contr\u00f4le des fonctions du syst\u00e8me de s\u00e9curit\u00e9 CO2 LogiCO2 Mk9 T\u00e9l\u00e9charger les listes de contr\u00f4le Liste de contr\u00f4le de contr\u00f4le des fonctions 1 pour les capteurs de CO2 Mk9 Liste de contr\u00f4le de contr\u00f4le des fonctions 2 pour les capteurs de CO2 Mk9 &#8211; capteurs suppl\u00e9mentaires Tutoriel d&#8217;installation du KIT Mk9 O2 T\u00e9l\u00e9charger les listes [&hellip;]\" \/>\n<meta property=\"og:url\" content=\"https:\/\/www.logico2.com\/fr\/knowledge-base\/controle-des-fonctions\/\" \/>\n<meta property=\"og:site_name\" content=\"Logico2\" \/>\n<meta property=\"article:modified_time\" content=\"2022-05-23T12:39:37+00:00\" \/>\n<meta property=\"og:image\" content=\"https:\/\/www.logico2.com\/app\/uploads\/ico_funktionskontroll.png\" \/>\n\t<meta property=\"og:image:width\" content=\"486\" \/>\n\t<meta property=\"og:image:height\" content=\"486\" \/>\n\t<meta property=\"og:image:type\" content=\"image\/png\" \/>\n<meta name=\"twitter:card\" content=\"summary_large_image\" \/>\n<meta name=\"twitter:label1\" content=\"Est. reading time\" \/>\n\t<meta name=\"twitter:data1\" content=\"1 minute\" \/>\n<script type=\"application\/ld+json\" class=\"yoast-schema-graph\">{\"@context\":\"https:\/\/schema.org\",\"@graph\":[{\"@type\":\"WebPage\",\"@id\":\"https:\/\/www.logico2.com\/fr\/knowledge-base\/controle-des-fonctions\/\",\"url\":\"https:\/\/www.logico2.com\/fr\/knowledge-base\/controle-des-fonctions\/\",\"name\":\"Contr\u00f4le des fonctions - Logico2\",\"isPartOf\":{\"@id\":\"https:\/\/www.logico2.com\/#website\"},\"primaryImageOfPage\":{\"@id\":\"https:\/\/www.logico2.com\/fr\/knowledge-base\/controle-des-fonctions\/#primaryimage\"},\"image\":{\"@id\":\"https:\/\/www.logico2.com\/fr\/knowledge-base\/controle-des-fonctions\/#primaryimage\"},\"thumbnailUrl\":\"https:\/\/www.logico2.com\/app\/uploads\/ico_funktionskontroll.png\",\"datePublished\":\"2021-05-10T14:24:00+00:00\",\"dateModified\":\"2022-05-23T12:39:37+00:00\",\"breadcrumb\":{\"@id\":\"https:\/\/www.logico2.com\/fr\/knowledge-base\/controle-des-fonctions\/#breadcrumb\"},\"inLanguage\":\"fr-FR\",\"potentialAction\":[{\"@type\":\"ReadAction\",\"target\":[\"https:\/\/www.logico2.com\/fr\/knowledge-base\/controle-des-fonctions\/\"]}]},{\"@type\":\"ImageObject\",\"inLanguage\":\"fr-FR\",\"@id\":\"https:\/\/www.logico2.com\/fr\/knowledge-base\/controle-des-fonctions\/#primaryimage\",\"url\":\"https:\/\/www.logico2.com\/app\/uploads\/ico_funktionskontroll.png\",\"contentUrl\":\"https:\/\/www.logico2.com\/app\/uploads\/ico_funktionskontroll.png\",\"width\":486,\"height\":486},{\"@type\":\"BreadcrumbList\",\"@id\":\"https:\/\/www.logico2.com\/fr\/knowledge-base\/controle-des-fonctions\/#breadcrumb\",\"itemListElement\":[{\"@type\":\"ListItem\",\"position\":1,\"name\":\"Home\",\"item\":\"https:\/\/www.logico2.com\/fr\/\"},{\"@type\":\"ListItem\",\"position\":2,\"name\":\"Base de connaissances\",\"item\":\"https:\/\/www.logico2.com\/fr\/knowledge-base\/\"},{\"@type\":\"ListItem\",\"position\":3,\"name\":\"Contr\u00f4le des fonctions\"}]},{\"@type\":\"WebSite\",\"@id\":\"https:\/\/www.logico2.com\/#website\",\"url\":\"https:\/\/www.logico2.com\/\",\"name\":\"Logico2\",\"description\":\"CO2 Safety solutions\",\"potentialAction\":[{\"@type\":\"SearchAction\",\"target\":{\"@type\":\"EntryPoint\",\"urlTemplate\":\"https:\/\/www.logico2.com\/?s={search_term_string}\"},\"query-input\":{\"@type\":\"PropertyValueSpecification\",\"valueRequired\":true,\"valueName\":\"search_term_string\"}}],\"inLanguage\":\"fr-FR\"}]}<\/script>\n<!-- \/ Yoast SEO plugin. -->","yoast_head_json":{"title":"Contr\u00f4le des fonctions - Logico2","robots":{"index":"index","follow":"follow","max-snippet":"max-snippet:-1","max-image-preview":"max-image-preview:large","max-video-preview":"max-video-preview:-1"},"canonical":"https:\/\/www.logico2.com\/fr\/knowledge-base\/controle-des-fonctions\/","og_locale":"fr_FR","og_type":"article","og_title":"Contr\u00f4le des fonctions - Logico2","og_description":"Contr\u00f4le des fonctions du syst\u00e8me de s\u00e9curit\u00e9 CO2 LogiCO2 Mk9 T\u00e9l\u00e9charger les listes de contr\u00f4le Liste de contr\u00f4le de contr\u00f4le des fonctions 1 pour les capteurs de CO2 Mk9 Liste de contr\u00f4le de contr\u00f4le des fonctions 2 pour les capteurs de CO2 Mk9 &#8211; capteurs suppl\u00e9mentaires Tutoriel d&#8217;installation du KIT Mk9 O2 T\u00e9l\u00e9charger les listes [&hellip;]","og_url":"https:\/\/www.logico2.com\/fr\/knowledge-base\/controle-des-fonctions\/","og_site_name":"Logico2","article_modified_time":"2022-05-23T12:39:37+00:00","og_image":[{"width":486,"height":486,"url":"https:\/\/www.logico2.com\/app\/uploads\/ico_funktionskontroll.png","type":"image\/png"}],"twitter_card":"summary_large_image","twitter_misc":{"Est. reading time":"1 minute"},"schema":{"@context":"https:\/\/schema.org","@graph":[{"@type":"WebPage","@id":"https:\/\/www.logico2.com\/fr\/knowledge-base\/controle-des-fonctions\/","url":"https:\/\/www.logico2.com\/fr\/knowledge-base\/controle-des-fonctions\/","name":"Contr\u00f4le des fonctions - Logico2","isPartOf":{"@id":"https:\/\/www.logico2.com\/#website"},"primaryImageOfPage":{"@id":"https:\/\/www.logico2.com\/fr\/knowledge-base\/controle-des-fonctions\/#primaryimage"},"image":{"@id":"https:\/\/www.logico2.com\/fr\/knowledge-base\/controle-des-fonctions\/#primaryimage"},"thumbnailUrl":"https:\/\/www.logico2.com\/app\/uploads\/ico_funktionskontroll.png","datePublished":"2021-05-10T14:24:00+00:00","dateModified":"2022-05-23T12:39:37+00:00","breadcrumb":{"@id":"https:\/\/www.logico2.com\/fr\/knowledge-base\/controle-des-fonctions\/#breadcrumb"},"inLanguage":"fr-FR","potentialAction":[{"@type":"ReadAction","target":["https:\/\/www.logico2.com\/fr\/knowledge-base\/controle-des-fonctions\/"]}]},{"@type":"ImageObject","inLanguage":"fr-FR","@id":"https:\/\/www.logico2.com\/fr\/knowledge-base\/controle-des-fonctions\/#primaryimage","url":"https:\/\/www.logico2.com\/app\/uploads\/ico_funktionskontroll.png","contentUrl":"https:\/\/www.logico2.com\/app\/uploads\/ico_funktionskontroll.png","width":486,"height":486},{"@type":"BreadcrumbList","@id":"https:\/\/www.logico2.com\/fr\/knowledge-base\/controle-des-fonctions\/#breadcrumb","itemListElement":[{"@type":"ListItem","position":1,"name":"Home","item":"https:\/\/www.logico2.com\/fr\/"},{"@type":"ListItem","position":2,"name":"Base de connaissances","item":"https:\/\/www.logico2.com\/fr\/knowledge-base\/"},{"@type":"ListItem","position":3,"name":"Contr\u00f4le des fonctions"}]},{"@type":"WebSite","@id":"https:\/\/www.logico2.com\/#website","url":"https:\/\/www.logico2.com\/","name":"Logico2","description":"CO2 Safety solutions","potentialAction":[{"@type":"SearchAction","target":{"@type":"EntryPoint","urlTemplate":"https:\/\/www.logico2.com\/?s={search_term_string}"},"query-input":{"@type":"PropertyValueSpecification","valueRequired":true,"valueName":"search_term_string"}}],"inLanguage":"fr-FR"}]}},"_links":{"self":[{"href":"https:\/\/www.logico2.com\/fr\/wp-json\/wp\/v2\/pages\/12258","targetHints":{"allow":["GET"]}}],"collection":[{"href":"https:\/\/www.logico2.com\/fr\/wp-json\/wp\/v2\/pages"}],"about":[{"href":"https:\/\/www.logico2.com\/fr\/wp-json\/wp\/v2\/types\/page"}],"author":[{"embeddable":true,"href":"https:\/\/www.logico2.com\/fr\/wp-json\/wp\/v2\/users\/3"}],"replies":[{"embeddable":true,"href":"https:\/\/www.logico2.com\/fr\/wp-json\/wp\/v2\/comments?post=12258"}],"version-history":[{"count":10,"href":"https:\/\/www.logico2.com\/fr\/wp-json\/wp\/v2\/pages\/12258\/revisions"}],"predecessor-version":[{"id":14098,"href":"https:\/\/www.logico2.com\/fr\/wp-json\/wp\/v2\/pages\/12258\/revisions\/14098"}],"up":[{"embeddable":true,"href":"https:\/\/www.logico2.com\/fr\/wp-json\/wp\/v2\/pages\/2102"}],"wp:featuredmedia":[{"embeddable":true,"href":"https:\/\/www.logico2.com\/fr\/wp-json\/wp\/v2\/media\/7470"}],"wp:attachment":[{"href":"https:\/\/www.logico2.com\/fr\/wp-json\/wp\/v2\/media?parent=12258"}],"curies":[{"name":"wp","href":"https:\/\/api.w.org\/{rel}","templated":true}]}}