{"id":3910,"date":"2018-03-05T11:41:47","date_gmt":"2018-03-05T11:41:47","guid":{"rendered":"https:\/\/www.logico2.com\/base-de-conocimientos\/como-medimos-el-cosub2-sub\/"},"modified":"2018-03-06T12:45:27","modified_gmt":"2018-03-06T12:45:27","slug":"como-medimos-el-cosub2-sub","status":"publish","type":"page","link":"https:\/\/www.logico2.com\/es\/base-de-conocimientos\/como-medimos-el-cosub2-sub\/","title":{"rendered":"\u00bfC\u00f3mo medimos el CO&lt;sub&gt;2&lt;\/sub&gt;?"},"content":{"rendered":"<h1>Tecnolog\u00eda de detecci\u00f3n de LogiCO<sub>2<\/sub><img loading=\"lazy\" decoding=\"async\" class=\"wp-image-1234 alignright\" src=\"https:\/\/www.logico2.com\/app\/uploads\/S8-300x200.jpg\" alt=\"\" width=\"270\" height=\"180\" srcset=\"https:\/\/www.logico2.com\/app\/uploads\/S8-300x200.jpg 300w, https:\/\/www.logico2.com\/app\/uploads\/S8-768x512.jpg 768w, https:\/\/www.logico2.com\/app\/uploads\/S8.jpg 1000w\" sizes=\"auto, (max-width: 270px) 100vw, 270px\" \/><\/h1>\n<p>Todos detectores de CO<sub>2<\/sub> de LogiCO2 utilizan an\u00e1lisis infrarrojos no dispersivo para detectar la concentraci\u00f3n de di\u00f3xido de carbono o CO<sub>2<\/sub> en el aire. La tecnolog\u00eda de detecci\u00f3n NDIR de LogiCO2 es fiable y no est\u00e1 sujeta a las derivas encontradas en sensores de calidad del aire, ya que utilizamos un m\u00e9todo de autocalibraci\u00f3n patentado con el cual tenemos una larga experiencia de uso.<\/p>\n<h2>NDIR para medir la concentraci\u00f3n de CO<sub>2<\/sub><\/h2>\n<p>La t\u00e9cnica NDIR se basa en el hecho que las mol\u00e9culas absorben la luz en regiones espectrales donde la longitud de onda radiada coincide con niveles de energ\u00eda molecular internos. Seg\u00fan algunos conceptos fisicoqu\u00edmicos de mec\u00e1nica cu\u00e1ntica bien conocidos, tales resonancias de energ\u00eda existen en la zona espectral del infrarrojo medio debido a vibraciones interat\u00f3micas. Puesto que las distintas mol\u00e9culas est\u00e1n formadas por distintos \u00e1tomos (con distintas masas), las frecuencias (y longitudes de onda) de resonancia vibracional son distintas para cada sustancia. Al detectando la cantidad de absorci\u00f3n de luz, dentro de solo una peque\u00f1a regi\u00f3n espectral que coincide con la longitud de onda de resonancia del CO<sub>2<\/sub>, se obtiene una medida del n\u00famero de mol\u00e9culas de esta sustancia en particular, libre de interferencias de otras sustancias.<\/p>\n","protected":false},"excerpt":{"rendered":"<p>Tecnolog\u00eda de detecci\u00f3n de LogiCO2 Todos detectores de CO2 de LogiCO2 utilizan an\u00e1lisis infrarrojos no dispersivo para detectar la concentraci\u00f3n de di\u00f3xido de carbono o CO2 en el aire. La tecnolog\u00eda de detecci\u00f3n NDIR de LogiCO2 es fiable y no est\u00e1 sujeta a las derivas encontradas en sensores de calidad del aire, ya que utilizamos [&hellip;]<\/p>\n","protected":false},"author":1,"featured_media":3243,"parent":3873,"menu_order":0,"comment_status":"closed","ping_status":"closed","template":"","meta":{"_acf_changed":false,"footnotes":""},"class_list":["post-3910","page","type-page","status-publish","has-post-thumbnail","hentry"],"acf":[],"yoast_head":"<!-- This site is optimized with the Yoast SEO plugin v25.9 - https:\/\/yoast.com\/wordpress\/plugins\/seo\/ -->\n<title>\u00bfC\u00f3mo medimos el CO&lt;sub&gt;2&lt;\/sub&gt;? - Logico2<\/title>\n<meta name=\"robots\" content=\"index, follow, max-snippet:-1, max-image-preview:large, max-video-preview:-1\" \/>\n<link rel=\"canonical\" href=\"https:\/\/www.logico2.com\/es\/base-de-conocimientos\/como-medimos-el-cosub2-sub\/\" \/>\n<meta property=\"og:locale\" content=\"es_ES\" \/>\n<meta property=\"og:type\" content=\"article\" \/>\n<meta property=\"og:title\" content=\"\u00bfC\u00f3mo medimos el CO&lt;sub&gt;2&lt;\/sub&gt;? - Logico2\" \/>\n<meta property=\"og:description\" content=\"Tecnolog\u00eda de detecci\u00f3n de LogiCO2 Todos detectores de CO2 de LogiCO2 utilizan an\u00e1lisis infrarrojos no dispersivo para detectar la concentraci\u00f3n de di\u00f3xido de carbono o CO2 en el aire. La tecnolog\u00eda de detecci\u00f3n NDIR de LogiCO2 es fiable y no est\u00e1 sujeta a las derivas encontradas en sensores de calidad del aire, ya que utilizamos [&hellip;]\" \/>\n<meta property=\"og:url\" content=\"https:\/\/www.logico2.com\/es\/base-de-conocimientos\/como-medimos-el-cosub2-sub\/\" \/>\n<meta property=\"og:site_name\" content=\"Logico2\" \/>\n<meta property=\"article:modified_time\" content=\"2018-03-06T12:45:27+00:00\" \/>\n<meta property=\"og:image\" content=\"https:\/\/www.logico2.com\/app\/uploads\/knowledge-icon-measure.png\" \/>\n\t<meta property=\"og:image:width\" content=\"64\" \/>\n\t<meta property=\"og:image:height\" content=\"64\" \/>\n\t<meta property=\"og:image:type\" content=\"image\/png\" \/>\n<meta name=\"twitter:card\" content=\"summary_large_image\" \/>\n<meta name=\"twitter:label1\" content=\"Est. reading time\" \/>\n\t<meta name=\"twitter:data1\" content=\"1 minute\" \/>\n<script type=\"application\/ld+json\" class=\"yoast-schema-graph\">{\"@context\":\"https:\/\/schema.org\",\"@graph\":[{\"@type\":\"WebPage\",\"@id\":\"https:\/\/www.logico2.com\/es\/base-de-conocimientos\/como-medimos-el-cosub2-sub\/\",\"url\":\"https:\/\/www.logico2.com\/es\/base-de-conocimientos\/como-medimos-el-cosub2-sub\/\",\"name\":\"\u00bfC\u00f3mo medimos el CO&lt;sub&gt;2&lt;\/sub&gt;? - Logico2\",\"isPartOf\":{\"@id\":\"https:\/\/www.logico2.com\/#website\"},\"primaryImageOfPage\":{\"@id\":\"https:\/\/www.logico2.com\/es\/base-de-conocimientos\/como-medimos-el-cosub2-sub\/#primaryimage\"},\"image\":{\"@id\":\"https:\/\/www.logico2.com\/es\/base-de-conocimientos\/como-medimos-el-cosub2-sub\/#primaryimage\"},\"thumbnailUrl\":\"https:\/\/www.logico2.com\/app\/uploads\/knowledge-icon-measure.png\",\"datePublished\":\"2018-03-05T11:41:47+00:00\",\"dateModified\":\"2018-03-06T12:45:27+00:00\",\"breadcrumb\":{\"@id\":\"https:\/\/www.logico2.com\/es\/base-de-conocimientos\/como-medimos-el-cosub2-sub\/#breadcrumb\"},\"inLanguage\":\"es-ES\",\"potentialAction\":[{\"@type\":\"ReadAction\",\"target\":[\"https:\/\/www.logico2.com\/es\/base-de-conocimientos\/como-medimos-el-cosub2-sub\/\"]}]},{\"@type\":\"ImageObject\",\"inLanguage\":\"es-ES\",\"@id\":\"https:\/\/www.logico2.com\/es\/base-de-conocimientos\/como-medimos-el-cosub2-sub\/#primaryimage\",\"url\":\"https:\/\/www.logico2.com\/app\/uploads\/knowledge-icon-measure.png\",\"contentUrl\":\"https:\/\/www.logico2.com\/app\/uploads\/knowledge-icon-measure.png\",\"width\":64,\"height\":64},{\"@type\":\"BreadcrumbList\",\"@id\":\"https:\/\/www.logico2.com\/es\/base-de-conocimientos\/como-medimos-el-cosub2-sub\/#breadcrumb\",\"itemListElement\":[{\"@type\":\"ListItem\",\"position\":1,\"name\":\"Home\",\"item\":\"https:\/\/www.logico2.com\/es\/\"},{\"@type\":\"ListItem\",\"position\":2,\"name\":\"Base de conocimientos\",\"item\":\"https:\/\/www.logico2.com\/es\/base-de-conocimientos\/\"},{\"@type\":\"ListItem\",\"position\":3,\"name\":\"\u00bfC\u00f3mo medimos el CO&lt;sub&gt;2&lt;\/sub&gt;?\"}]},{\"@type\":\"WebSite\",\"@id\":\"https:\/\/www.logico2.com\/#website\",\"url\":\"https:\/\/www.logico2.com\/\",\"name\":\"Logico2\",\"description\":\"Soluciones de seguridad de CO2\",\"potentialAction\":[{\"@type\":\"SearchAction\",\"target\":{\"@type\":\"EntryPoint\",\"urlTemplate\":\"https:\/\/www.logico2.com\/?s={search_term_string}\"},\"query-input\":{\"@type\":\"PropertyValueSpecification\",\"valueRequired\":true,\"valueName\":\"search_term_string\"}}],\"inLanguage\":\"es-ES\"}]}<\/script>\n<!-- \/ Yoast SEO plugin. -->","yoast_head_json":{"title":"\u00bfC\u00f3mo medimos el CO&lt;sub&gt;2&lt;\/sub&gt;? - Logico2","robots":{"index":"index","follow":"follow","max-snippet":"max-snippet:-1","max-image-preview":"max-image-preview:large","max-video-preview":"max-video-preview:-1"},"canonical":"https:\/\/www.logico2.com\/es\/base-de-conocimientos\/como-medimos-el-cosub2-sub\/","og_locale":"es_ES","og_type":"article","og_title":"\u00bfC\u00f3mo medimos el CO&lt;sub&gt;2&lt;\/sub&gt;? - Logico2","og_description":"Tecnolog\u00eda de detecci\u00f3n de LogiCO2 Todos detectores de CO2 de LogiCO2 utilizan an\u00e1lisis infrarrojos no dispersivo para detectar la concentraci\u00f3n de di\u00f3xido de carbono o CO2 en el aire. La tecnolog\u00eda de detecci\u00f3n NDIR de LogiCO2 es fiable y no est\u00e1 sujeta a las derivas encontradas en sensores de calidad del aire, ya que utilizamos [&hellip;]","og_url":"https:\/\/www.logico2.com\/es\/base-de-conocimientos\/como-medimos-el-cosub2-sub\/","og_site_name":"Logico2","article_modified_time":"2018-03-06T12:45:27+00:00","og_image":[{"width":64,"height":64,"url":"https:\/\/www.logico2.com\/app\/uploads\/knowledge-icon-measure.png","type":"image\/png"}],"twitter_card":"summary_large_image","twitter_misc":{"Est. reading time":"1 minute"},"schema":{"@context":"https:\/\/schema.org","@graph":[{"@type":"WebPage","@id":"https:\/\/www.logico2.com\/es\/base-de-conocimientos\/como-medimos-el-cosub2-sub\/","url":"https:\/\/www.logico2.com\/es\/base-de-conocimientos\/como-medimos-el-cosub2-sub\/","name":"\u00bfC\u00f3mo medimos el CO&lt;sub&gt;2&lt;\/sub&gt;? - Logico2","isPartOf":{"@id":"https:\/\/www.logico2.com\/#website"},"primaryImageOfPage":{"@id":"https:\/\/www.logico2.com\/es\/base-de-conocimientos\/como-medimos-el-cosub2-sub\/#primaryimage"},"image":{"@id":"https:\/\/www.logico2.com\/es\/base-de-conocimientos\/como-medimos-el-cosub2-sub\/#primaryimage"},"thumbnailUrl":"https:\/\/www.logico2.com\/app\/uploads\/knowledge-icon-measure.png","datePublished":"2018-03-05T11:41:47+00:00","dateModified":"2018-03-06T12:45:27+00:00","breadcrumb":{"@id":"https:\/\/www.logico2.com\/es\/base-de-conocimientos\/como-medimos-el-cosub2-sub\/#breadcrumb"},"inLanguage":"es-ES","potentialAction":[{"@type":"ReadAction","target":["https:\/\/www.logico2.com\/es\/base-de-conocimientos\/como-medimos-el-cosub2-sub\/"]}]},{"@type":"ImageObject","inLanguage":"es-ES","@id":"https:\/\/www.logico2.com\/es\/base-de-conocimientos\/como-medimos-el-cosub2-sub\/#primaryimage","url":"https:\/\/www.logico2.com\/app\/uploads\/knowledge-icon-measure.png","contentUrl":"https:\/\/www.logico2.com\/app\/uploads\/knowledge-icon-measure.png","width":64,"height":64},{"@type":"BreadcrumbList","@id":"https:\/\/www.logico2.com\/es\/base-de-conocimientos\/como-medimos-el-cosub2-sub\/#breadcrumb","itemListElement":[{"@type":"ListItem","position":1,"name":"Home","item":"https:\/\/www.logico2.com\/es\/"},{"@type":"ListItem","position":2,"name":"Base de conocimientos","item":"https:\/\/www.logico2.com\/es\/base-de-conocimientos\/"},{"@type":"ListItem","position":3,"name":"\u00bfC\u00f3mo medimos el CO&lt;sub&gt;2&lt;\/sub&gt;?"}]},{"@type":"WebSite","@id":"https:\/\/www.logico2.com\/#website","url":"https:\/\/www.logico2.com\/","name":"Logico2","description":"Soluciones de seguridad de CO2","potentialAction":[{"@type":"SearchAction","target":{"@type":"EntryPoint","urlTemplate":"https:\/\/www.logico2.com\/?s={search_term_string}"},"query-input":{"@type":"PropertyValueSpecification","valueRequired":true,"valueName":"search_term_string"}}],"inLanguage":"es-ES"}]}},"_links":{"self":[{"href":"https:\/\/www.logico2.com\/es\/wp-json\/wp\/v2\/pages\/3910","targetHints":{"allow":["GET"]}}],"collection":[{"href":"https:\/\/www.logico2.com\/es\/wp-json\/wp\/v2\/pages"}],"about":[{"href":"https:\/\/www.logico2.com\/es\/wp-json\/wp\/v2\/types\/page"}],"author":[{"embeddable":true,"href":"https:\/\/www.logico2.com\/es\/wp-json\/wp\/v2\/users\/1"}],"replies":[{"embeddable":true,"href":"https:\/\/www.logico2.com\/es\/wp-json\/wp\/v2\/comments?post=3910"}],"version-history":[{"count":5,"href":"https:\/\/www.logico2.com\/es\/wp-json\/wp\/v2\/pages\/3910\/revisions"}],"predecessor-version":[{"id":4049,"href":"https:\/\/www.logico2.com\/es\/wp-json\/wp\/v2\/pages\/3910\/revisions\/4049"}],"up":[{"embeddable":true,"href":"https:\/\/www.logico2.com\/es\/wp-json\/wp\/v2\/pages\/3873"}],"wp:featuredmedia":[{"embeddable":true,"href":"https:\/\/www.logico2.com\/es\/wp-json\/wp\/v2\/media\/3243"}],"wp:attachment":[{"href":"https:\/\/www.logico2.com\/es\/wp-json\/wp\/v2\/media?parent=3910"}],"curies":[{"name":"wp","href":"https:\/\/api.w.org\/{rel}","templated":true}]}}