{"id":3897,"date":"2018-03-05T11:41:45","date_gmt":"2018-03-05T11:41:45","guid":{"rendered":"https:\/\/www.logico2.com\/registro-para-iniciar-la-certificacion-en-linea-de-logico2\/"},"modified":"2018-03-06T13:00:05","modified_gmt":"2018-03-06T13:00:05","slug":"registro-para-iniciar-la-certificacion-en-linea-de-logico2","status":"publish","type":"page","link":"https:\/\/www.logico2.com\/es\/registro-para-iniciar-la-certificacion-en-linea-de-logico2\/","title":{"rendered":"Registro para iniciar la Certificaci\u00f3n en l\u00ednea de LogiCO2"},"content":{"rendered":"<h1><img loading=\"lazy\" decoding=\"async\" class=\" wp-image-1547 aligncenter\" src=\"https:\/\/www.logico2.com\/app\/uploads\/cert.jpg\" alt=\"\" width=\"194\" height=\"144\" srcset=\"https:\/\/www.logico2.com\/app\/uploads\/cert.jpg 328w, https:\/\/www.logico2.com\/app\/uploads\/cert-300x222.jpg 300w\" sizes=\"auto, (max-width: 194px) 100vw, 194px\" \/><\/h1>\n<h1 style=\"text-align: center;\">Registro para Certificaci\u00f3n en l\u00ednea<\/h1>\n<p style=\"text-align: center;\">\n<style=\"text-align: center;\">\u00bfDesea hacerse instalador certificado de los productos de LogiCO2?<br \/>\nReg\u00edstrese) ahora para formar parte de nuestra red mundial de instaladores certificados. En cuanto nos env\u00ede toda la informaci\u00f3n siguiente, le enviaremos las instrucciones para que inicie el proceso.<\/> <\/p>\n<p style=\"text-align: center;\">\n","protected":false},"excerpt":{"rendered":"<p>Registro para Certificaci\u00f3n en l\u00ednea \u00bfDesea hacerse instalador certificado de los productos de LogiCO2? Reg\u00edstrese) ahora para formar parte de nuestra red mundial de instaladores certificados. En cuanto nos env\u00ede toda la informaci\u00f3n siguiente, le enviaremos las instrucciones para que inicie el proceso.<\/p>\n","protected":false},"author":1,"featured_media":0,"parent":0,"menu_order":0,"comment_status":"closed","ping_status":"closed","template":"certificate-parts\/new-install.php","meta":{"_acf_changed":false,"footnotes":""},"class_list":["post-3897","page","type-page","status-publish","hentry"],"acf":[],"yoast_head":"<!-- This site is optimized with the Yoast SEO plugin v25.9 - https:\/\/yoast.com\/wordpress\/plugins\/seo\/ -->\n<title>Registro para iniciar la Certificaci\u00f3n en l\u00ednea de LogiCO2 - Logico2<\/title>\n<meta name=\"robots\" content=\"index, follow, max-snippet:-1, max-image-preview:large, max-video-preview:-1\" \/>\n<link rel=\"canonical\" href=\"https:\/\/www.logico2.com\/es\/registro-para-iniciar-la-certificacion-en-linea-de-logico2\/\" \/>\n<meta property=\"og:locale\" content=\"es_ES\" \/>\n<meta property=\"og:type\" content=\"article\" \/>\n<meta property=\"og:title\" content=\"Registro para iniciar la Certificaci\u00f3n en l\u00ednea de LogiCO2 - Logico2\" \/>\n<meta property=\"og:description\" content=\"Registro para Certificaci\u00f3n en l\u00ednea \u00bfDesea hacerse instalador certificado de los productos de LogiCO2? Reg\u00edstrese) ahora para formar parte de nuestra red mundial de instaladores certificados. En cuanto nos env\u00ede toda la informaci\u00f3n siguiente, le enviaremos las instrucciones para que inicie el proceso.\" \/>\n<meta property=\"og:url\" content=\"https:\/\/www.logico2.com\/es\/registro-para-iniciar-la-certificacion-en-linea-de-logico2\/\" \/>\n<meta property=\"og:site_name\" content=\"Logico2\" \/>\n<meta property=\"article:modified_time\" content=\"2018-03-06T13:00:05+00:00\" \/>\n<meta property=\"og:image\" content=\"https:\/\/www.logico2.com\/app\/uploads\/cert.jpg\" \/>\n\t<meta property=\"og:image:width\" content=\"328\" \/>\n\t<meta property=\"og:image:height\" content=\"243\" \/>\n\t<meta property=\"og:image:type\" content=\"image\/jpeg\" \/>\n<meta name=\"twitter:card\" content=\"summary_large_image\" \/>\n<script type=\"application\/ld+json\" class=\"yoast-schema-graph\">{\"@context\":\"https:\/\/schema.org\",\"@graph\":[{\"@type\":\"WebPage\",\"@id\":\"https:\/\/www.logico2.com\/es\/registro-para-iniciar-la-certificacion-en-linea-de-logico2\/\",\"url\":\"https:\/\/www.logico2.com\/es\/registro-para-iniciar-la-certificacion-en-linea-de-logico2\/\",\"name\":\"Registro para iniciar la Certificaci\u00f3n en l\u00ednea de LogiCO2 - Logico2\",\"isPartOf\":{\"@id\":\"https:\/\/www.logico2.com\/#website\"},\"primaryImageOfPage\":{\"@id\":\"https:\/\/www.logico2.com\/es\/registro-para-iniciar-la-certificacion-en-linea-de-logico2\/#primaryimage\"},\"image\":{\"@id\":\"https:\/\/www.logico2.com\/es\/registro-para-iniciar-la-certificacion-en-linea-de-logico2\/#primaryimage\"},\"thumbnailUrl\":\"https:\/\/www.logico2.com\/app\/uploads\/cert.jpg\",\"datePublished\":\"2018-03-05T11:41:45+00:00\",\"dateModified\":\"2018-03-06T13:00:05+00:00\",\"breadcrumb\":{\"@id\":\"https:\/\/www.logico2.com\/es\/registro-para-iniciar-la-certificacion-en-linea-de-logico2\/#breadcrumb\"},\"inLanguage\":\"es-ES\",\"potentialAction\":[{\"@type\":\"ReadAction\",\"target\":[\"https:\/\/www.logico2.com\/es\/registro-para-iniciar-la-certificacion-en-linea-de-logico2\/\"]}]},{\"@type\":\"ImageObject\",\"inLanguage\":\"es-ES\",\"@id\":\"https:\/\/www.logico2.com\/es\/registro-para-iniciar-la-certificacion-en-linea-de-logico2\/#primaryimage\",\"url\":\"https:\/\/www.logico2.com\/app\/uploads\/cert.jpg\",\"contentUrl\":\"https:\/\/www.logico2.com\/app\/uploads\/cert.jpg\"},{\"@type\":\"BreadcrumbList\",\"@id\":\"https:\/\/www.logico2.com\/es\/registro-para-iniciar-la-certificacion-en-linea-de-logico2\/#breadcrumb\",\"itemListElement\":[{\"@type\":\"ListItem\",\"position\":1,\"name\":\"Home\",\"item\":\"https:\/\/www.logico2.com\/es\/\"},{\"@type\":\"ListItem\",\"position\":2,\"name\":\"Registro para iniciar la Certificaci\u00f3n en l\u00ednea de LogiCO2\"}]},{\"@type\":\"WebSite\",\"@id\":\"https:\/\/www.logico2.com\/#website\",\"url\":\"https:\/\/www.logico2.com\/\",\"name\":\"Logico2\",\"description\":\"Soluciones de seguridad de CO2\",\"potentialAction\":[{\"@type\":\"SearchAction\",\"target\":{\"@type\":\"EntryPoint\",\"urlTemplate\":\"https:\/\/www.logico2.com\/?s={search_term_string}\"},\"query-input\":{\"@type\":\"PropertyValueSpecification\",\"valueRequired\":true,\"valueName\":\"search_term_string\"}}],\"inLanguage\":\"es-ES\"}]}<\/script>\n<!-- \/ Yoast SEO plugin. -->","yoast_head_json":{"title":"Registro para iniciar la Certificaci\u00f3n en l\u00ednea de LogiCO2 - Logico2","robots":{"index":"index","follow":"follow","max-snippet":"max-snippet:-1","max-image-preview":"max-image-preview:large","max-video-preview":"max-video-preview:-1"},"canonical":"https:\/\/www.logico2.com\/es\/registro-para-iniciar-la-certificacion-en-linea-de-logico2\/","og_locale":"es_ES","og_type":"article","og_title":"Registro para iniciar la Certificaci\u00f3n en l\u00ednea de LogiCO2 - Logico2","og_description":"Registro para Certificaci\u00f3n en l\u00ednea \u00bfDesea hacerse instalador certificado de los productos de LogiCO2? Reg\u00edstrese) ahora para formar parte de nuestra red mundial de instaladores certificados. En cuanto nos env\u00ede toda la informaci\u00f3n siguiente, le enviaremos las instrucciones para que inicie el proceso.","og_url":"https:\/\/www.logico2.com\/es\/registro-para-iniciar-la-certificacion-en-linea-de-logico2\/","og_site_name":"Logico2","article_modified_time":"2018-03-06T13:00:05+00:00","og_image":[{"width":328,"height":243,"url":"https:\/\/www.logico2.com\/app\/uploads\/cert.jpg","type":"image\/jpeg"}],"twitter_card":"summary_large_image","schema":{"@context":"https:\/\/schema.org","@graph":[{"@type":"WebPage","@id":"https:\/\/www.logico2.com\/es\/registro-para-iniciar-la-certificacion-en-linea-de-logico2\/","url":"https:\/\/www.logico2.com\/es\/registro-para-iniciar-la-certificacion-en-linea-de-logico2\/","name":"Registro para iniciar la Certificaci\u00f3n en l\u00ednea de LogiCO2 - Logico2","isPartOf":{"@id":"https:\/\/www.logico2.com\/#website"},"primaryImageOfPage":{"@id":"https:\/\/www.logico2.com\/es\/registro-para-iniciar-la-certificacion-en-linea-de-logico2\/#primaryimage"},"image":{"@id":"https:\/\/www.logico2.com\/es\/registro-para-iniciar-la-certificacion-en-linea-de-logico2\/#primaryimage"},"thumbnailUrl":"https:\/\/www.logico2.com\/app\/uploads\/cert.jpg","datePublished":"2018-03-05T11:41:45+00:00","dateModified":"2018-03-06T13:00:05+00:00","breadcrumb":{"@id":"https:\/\/www.logico2.com\/es\/registro-para-iniciar-la-certificacion-en-linea-de-logico2\/#breadcrumb"},"inLanguage":"es-ES","potentialAction":[{"@type":"ReadAction","target":["https:\/\/www.logico2.com\/es\/registro-para-iniciar-la-certificacion-en-linea-de-logico2\/"]}]},{"@type":"ImageObject","inLanguage":"es-ES","@id":"https:\/\/www.logico2.com\/es\/registro-para-iniciar-la-certificacion-en-linea-de-logico2\/#primaryimage","url":"https:\/\/www.logico2.com\/app\/uploads\/cert.jpg","contentUrl":"https:\/\/www.logico2.com\/app\/uploads\/cert.jpg"},{"@type":"BreadcrumbList","@id":"https:\/\/www.logico2.com\/es\/registro-para-iniciar-la-certificacion-en-linea-de-logico2\/#breadcrumb","itemListElement":[{"@type":"ListItem","position":1,"name":"Home","item":"https:\/\/www.logico2.com\/es\/"},{"@type":"ListItem","position":2,"name":"Registro para iniciar la Certificaci\u00f3n en l\u00ednea de LogiCO2"}]},{"@type":"WebSite","@id":"https:\/\/www.logico2.com\/#website","url":"https:\/\/www.logico2.com\/","name":"Logico2","description":"Soluciones de seguridad de CO2","potentialAction":[{"@type":"SearchAction","target":{"@type":"EntryPoint","urlTemplate":"https:\/\/www.logico2.com\/?s={search_term_string}"},"query-input":{"@type":"PropertyValueSpecification","valueRequired":true,"valueName":"search_term_string"}}],"inLanguage":"es-ES"}]}},"_links":{"self":[{"href":"https:\/\/www.logico2.com\/es\/wp-json\/wp\/v2\/pages\/3897","targetHints":{"allow":["GET"]}}],"collection":[{"href":"https:\/\/www.logico2.com\/es\/wp-json\/wp\/v2\/pages"}],"about":[{"href":"https:\/\/www.logico2.com\/es\/wp-json\/wp\/v2\/types\/page"}],"author":[{"embeddable":true,"href":"https:\/\/www.logico2.com\/es\/wp-json\/wp\/v2\/users\/1"}],"replies":[{"embeddable":true,"href":"https:\/\/www.logico2.com\/es\/wp-json\/wp\/v2\/comments?post=3897"}],"version-history":[{"count":4,"href":"https:\/\/www.logico2.com\/es\/wp-json\/wp\/v2\/pages\/3897\/revisions"}],"predecessor-version":[{"id":4055,"href":"https:\/\/www.logico2.com\/es\/wp-json\/wp\/v2\/pages\/3897\/revisions\/4055"}],"wp:attachment":[{"href":"https:\/\/www.logico2.com\/es\/wp-json\/wp\/v2\/media?parent=3897"}],"curies":[{"name":"wp","href":"https:\/\/api.w.org\/{rel}","templated":true}]}}