{"id":3880,"date":"2018-03-05T11:41:43","date_gmt":"2018-03-05T11:41:43","guid":{"rendered":"https:\/\/www.logico2.com\/base-de-conocimientos\/riesgos-del-cosub2-sub\/"},"modified":"2025-05-12T07:59:26","modified_gmt":"2025-05-12T07:59:26","slug":"riesgos-del-cosub2-sub","status":"publish","type":"page","link":"https:\/\/www.logico2.com\/es\/base-de-conocimientos\/riesgos-del-cosub2-sub\/","title":{"rendered":"Riesgos del CO&lt;sub&gt;2&lt;\/sub&gt;"},"content":{"rendered":"<h1><img loading=\"lazy\" decoding=\"async\" class=\"size-full wp-image-1191 alignright\" src=\"https:\/\/www.logico2.com\/app\/uploads\/418_1146_1423566018_w495.png\" alt=\"\" width=\"495\" height=\"247\" srcset=\"https:\/\/www.logico2.com\/app\/uploads\/418_1146_1423566018_w495.png 495w, https:\/\/www.logico2.com\/app\/uploads\/418_1146_1423566018_w495-300x150.png 300w\" sizes=\"auto, (max-width: 495px) 100vw, 495px\" \/>Los riesgos del CO<sub>2<\/sub><\/h1>\n<p>\u00a1No hay ning\u00fan motivo por el que nadie debiera arriesgarse a exponerse a niveles peligrosos de CO<sub>2<\/sub>! Para los humanos resulta peligroso el aumento del CO<sub>2<\/sub> en el aire, incluso si es peque\u00f1o. El aire exterior normalmente tiene un porcentaje de CO<sub>2<\/sub> medio de solo el 0,04%. Con un contenido de CO<sub>2<\/sub> del 1,5% las personas reaccionan acelerando el coraz\u00f3n y con un 4% de CO<sub>2<\/sub> existe un peligro inminente para la salud y la vida (IDLH).<\/p>\n<h2><\/h2>\n<p><a href=\"https:\/\/www.youtube.com\/watch?v=OTanQa9JpoQ\" target=\"_blank\" rel=\"noopener noreferrer\">Vea nuestro v\u00eddeo sobre c\u00f3mo trabajar de forma segura con CO<sub>2<\/sub><\/a><\/p>\n<p><img loading=\"lazy\" decoding=\"async\" class=\"size-full wp-image-1201 alignright\" src=\"https:\/\/www.logico2.com\/app\/uploads\/422_1156_1423567975_w117.png\" alt=\"\" width=\"117\" height=\"118\" \/> Puesto que el CO<sub>2<\/sub> se utiliza cada vez m\u00e1s para distintas aplicaciones, las personas podr\u00edan estar en su vida cotidiana, tanto en su tiempo de trabajo como de ocio, en peligro de estar expuestos a niveles de CO<sub>2<\/sub> que superan el nivel de IDLH (peligro inminente para la salud y la vida). Por ejemplo, en gasolineras, tiendas multiservicio o restaurantes de comida r\u00e1pida, en los que se sirven bebidas gaseosas.<\/p>\n<p>Para impedir que se produzcan accidentes, las empresas y los empleados deben conocer los riesgos asociados a los trabajos con gas CO<sub>2<\/sub>, deben poder identificar los primeros s\u00edntomas y deben estar protegidos por sistemas de seguridad de CO<sub>2<\/sub> fijos o port\u00e1tiles.<\/p>\n<p>Seg\u00fan la Gu\u00eda de bolsillo del NIOSH (National Institute for Occupational Safety and Health, Instituto nacional para la seguridad y salud ocupacional) los s\u00edntomas m\u00e1s comunes de la exposici\u00f3n al CO<sub>2<\/sub> incluyen mareos, dolor de cabeza, sue\u00f1o escaso, apat\u00eda, ansiedad, cambios oculares, cardiopat\u00eda coronaria, gastritis, da\u00f1os en el ri\u00f1\u00f3n e h\u00edgado, quemaduras en ojos y piel y dermatitis. Estos s\u00edntomas solo se producir\u00e1n si la concentraci\u00f3n supera las 5.000 ppm, L\u00edmite de exposici\u00f3n recomendada (REL) de la norma del NIOSH o L\u00edmite de exposici\u00f3n admisible (PEL) de la norma de la Administraci\u00f3n de seguridad y salud laboral (OSHA).<\/p>\n<hr \/>\n<h2>Calcule el nivel de CO<sub>2<\/sub><\/h2>\n<p>La concentraci\u00f3n de di\u00f3xido de carbono en una sala depende del VOLUMEN de la sala y de la cantidad de CO<sub>2<\/sub> que se ha dejado entrar. Si hay una fuga, el CO<sub>2<\/sub> se acumula sobre el suelo (porque es 1,5 veces m\u00e1s pesado que el aire). Hemos creado una sencilla herramienta para ayudarle a evaluar el riesgo de fuga de CO<sub>2<\/sub>.<\/p>\n<p>Basta con introducir en la calculadora el \u00e1rea total de la sala y la cantidad de CO<sub>2<\/sub> en libras o kilos. Utilizamos 2,4 metros o 7 pies y 10 pulgadas como altura de techo est\u00e1ndar. Haciendo esto calculamos el volumen. La calculadora mostrar\u00e1 la concentraci\u00f3n de CO<sub>2<\/sub> potencial para ayudarle a comprender mejor el riesgo asociado con el suministro de CO<sub>2<\/sub>. Por ejemplo, un s\u00f3tano de 9 metros cuadrados con un peque\u00f1o tanque de 9 kg de CO<sub>2<\/sub> es un riesgo letal y disponer de un sistema de seguridad de CO<sub>2<\/sub> apropiado es una necesidad.<\/p>\n\n        <div class=\"co2_surround\">\n\n            <div class=\"co2_content\">\n\n                <div class=\"inputrow_cont\">\n                    \n                    <h3>CO<sub>2<\/sub> risk calculator<\/h3>\n\n                    <div class=\"inputrow\">\n                        <div class=\"units\">\n                            <div id=\"metric\" class=\"unit active\">Kilos\/Meters<\/div>\n                            <div id=\"imperial\" class=\"unit\">Pounds\/Feet<\/div>\n                        <\/div>\n                    <\/div>\n\n                    <div class=\"inputrow\">\n                        <div class=\"float-label\">\n                            <div class=\"text text_1\">KG CO<sub>2<\/sub><\/div>\n                            <input id=\"field_1\" class=\"input\" type=\"text\" \/>\n                            <img decoding=\"async\" class=\"calculator-icon\" src=\"https:\/\/www.logico2.com\/app\/themes\/logico2\/images\/calculator\/icon-co2.png\">\n                        <\/div>\n                    <\/div>\n\n                    <div class=\"inputrow\">\n                        <div class=\"float-label\">\n                            <div class=\"text text_2\">Risk Area m\u00b2<\/div>\n                            <input id=\"field_2\" class=\"input\" type=\"text\" \/>\n                            <img decoding=\"async\" class=\"calculator-icon\" src=\"https:\/\/www.logico2.com\/app\/themes\/logico2\/images\/calculator\/icon-area.png\">\n                        <\/div>\n                    <\/div>\n\n                    <div class=\"inputrow\">\n                        <div class=\"float-label active\">\n                            <div class=\"text text_3\">Ceiling height (m)<\/div>\n                            <input id=\"field_3\" class=\"input\" type=\"text\" \/>\n                            <img decoding=\"async\" class=\"calculator-icon\" src=\"https:\/\/www.logico2.com\/app\/themes\/logico2\/images\/calculator\/icon-height.png\">\n                        <\/div>\n                    <\/div>\n\n                    <div class=\"inputrow\">\n                        <div class=\"float-label active\">\n                            <div class=\"text text_4\">Altitude (m)<\/div>\n                            <select id=\"field_4\" class=\"input\"><\/select>\n                            <img decoding=\"async\" class=\"calculator-icon\" src=\"https:\/\/www.logico2.com\/app\/themes\/logico2\/images\/calculator\/icon-altitude.png\">\n                        <\/div>\n                    <\/div>\n\n                    <div class=\"inputrow\" style=\"display:flex; justify-content: center; padding-top:12px;\">\n                        <input id=\"co2_submit\" type=\"submit\" value=\"Calculate\" \/>\n                    <\/div>\n\n                <\/div>\n\n                <div class=\"result-container\">\n                    <div class=\"result\">\n                        <div class=\"headline\">CO<sub>2<\/sub> level:<\/div>\n                        <div class=\"procentage\"><\/div>\n                        <div class=\"message\"><\/div>\n                    <\/div>\n                <\/div>\n\n            <\/div>\n        <\/div>\n\n        \n<hr \/>\n<h2>Tutorial acerca del CO<sub>2<\/sub>, sus aplicaciones y reglamentos de seguridad estadounidenses<\/h2>\n<p><iframe loading=\"lazy\" style=\"float: left; margin-top: 20px;\" src=\"https:\/\/www.youtube.com\/embed\/OTanQa9JpoQ?rel=0&amp;showinfo=0\" width=\"1000\" height=\"563\" frameborder=\"0\" allowfullscreen=\"allowfullscreen\"><\/iframe><\/p>\n<p>&nbsp;<\/p>\n","protected":false},"excerpt":{"rendered":"<p>Los riesgos del CO2 \u00a1No hay ning\u00fan motivo por el que nadie debiera arriesgarse a exponerse a niveles peligrosos de CO2! Para los humanos resulta peligroso el aumento del CO2 en el aire, incluso si es peque\u00f1o. El aire exterior normalmente tiene un porcentaje de CO2 medio de solo el 0,04%. Con un contenido de [&hellip;]<\/p>\n","protected":false},"author":1,"featured_media":3237,"parent":3873,"menu_order":0,"comment_status":"closed","ping_status":"closed","template":"","meta":{"_acf_changed":false,"footnotes":""},"class_list":["post-3880","page","type-page","status-publish","has-post-thumbnail","hentry"],"acf":[],"yoast_head":"<!-- This site is optimized with the Yoast SEO plugin v25.9 - https:\/\/yoast.com\/wordpress\/plugins\/seo\/ -->\n<title>Riesgos del CO&lt;sub&gt;2&lt;\/sub&gt; - Logico2<\/title>\n<meta name=\"robots\" content=\"index, follow, max-snippet:-1, max-image-preview:large, max-video-preview:-1\" \/>\n<link rel=\"canonical\" href=\"https:\/\/www.logico2.com\/es\/base-de-conocimientos\/riesgos-del-cosub2-sub\/\" \/>\n<meta property=\"og:locale\" content=\"es_ES\" \/>\n<meta property=\"og:type\" content=\"article\" \/>\n<meta property=\"og:title\" content=\"Riesgos del CO&lt;sub&gt;2&lt;\/sub&gt; - Logico2\" \/>\n<meta property=\"og:description\" content=\"Los riesgos del CO2 \u00a1No hay ning\u00fan motivo por el que nadie debiera arriesgarse a exponerse a niveles peligrosos de CO2! Para los humanos resulta peligroso el aumento del CO2 en el aire, incluso si es peque\u00f1o. El aire exterior normalmente tiene un porcentaje de CO2 medio de solo el 0,04%. Con un contenido de [&hellip;]\" \/>\n<meta property=\"og:url\" content=\"https:\/\/www.logico2.com\/es\/base-de-conocimientos\/riesgos-del-cosub2-sub\/\" \/>\n<meta property=\"og:site_name\" content=\"Logico2\" \/>\n<meta property=\"article:modified_time\" content=\"2025-05-12T07:59:26+00:00\" \/>\n<meta property=\"og:image\" content=\"https:\/\/www.logico2.com\/app\/uploads\/knowledge-icon-risk-1.png\" \/>\n\t<meta property=\"og:image:width\" content=\"64\" \/>\n\t<meta property=\"og:image:height\" content=\"64\" \/>\n\t<meta property=\"og:image:type\" content=\"image\/png\" \/>\n<meta name=\"twitter:card\" content=\"summary_large_image\" \/>\n<meta name=\"twitter:label1\" content=\"Est. reading time\" \/>\n\t<meta name=\"twitter:data1\" content=\"3 minutes\" \/>\n<script type=\"application\/ld+json\" class=\"yoast-schema-graph\">{\"@context\":\"https:\/\/schema.org\",\"@graph\":[{\"@type\":\"WebPage\",\"@id\":\"https:\/\/www.logico2.com\/es\/base-de-conocimientos\/riesgos-del-cosub2-sub\/\",\"url\":\"https:\/\/www.logico2.com\/es\/base-de-conocimientos\/riesgos-del-cosub2-sub\/\",\"name\":\"Riesgos del CO&lt;sub&gt;2&lt;\/sub&gt; - Logico2\",\"isPartOf\":{\"@id\":\"https:\/\/www.logico2.com\/#website\"},\"primaryImageOfPage\":{\"@id\":\"https:\/\/www.logico2.com\/es\/base-de-conocimientos\/riesgos-del-cosub2-sub\/#primaryimage\"},\"image\":{\"@id\":\"https:\/\/www.logico2.com\/es\/base-de-conocimientos\/riesgos-del-cosub2-sub\/#primaryimage\"},\"thumbnailUrl\":\"https:\/\/www.logico2.com\/app\/uploads\/knowledge-icon-risk-1.png\",\"datePublished\":\"2018-03-05T11:41:43+00:00\",\"dateModified\":\"2025-05-12T07:59:26+00:00\",\"breadcrumb\":{\"@id\":\"https:\/\/www.logico2.com\/es\/base-de-conocimientos\/riesgos-del-cosub2-sub\/#breadcrumb\"},\"inLanguage\":\"es-ES\",\"potentialAction\":[{\"@type\":\"ReadAction\",\"target\":[\"https:\/\/www.logico2.com\/es\/base-de-conocimientos\/riesgos-del-cosub2-sub\/\"]}]},{\"@type\":\"ImageObject\",\"inLanguage\":\"es-ES\",\"@id\":\"https:\/\/www.logico2.com\/es\/base-de-conocimientos\/riesgos-del-cosub2-sub\/#primaryimage\",\"url\":\"https:\/\/www.logico2.com\/app\/uploads\/knowledge-icon-risk-1.png\",\"contentUrl\":\"https:\/\/www.logico2.com\/app\/uploads\/knowledge-icon-risk-1.png\",\"width\":64,\"height\":64},{\"@type\":\"BreadcrumbList\",\"@id\":\"https:\/\/www.logico2.com\/es\/base-de-conocimientos\/riesgos-del-cosub2-sub\/#breadcrumb\",\"itemListElement\":[{\"@type\":\"ListItem\",\"position\":1,\"name\":\"Home\",\"item\":\"https:\/\/www.logico2.com\/es\/\"},{\"@type\":\"ListItem\",\"position\":2,\"name\":\"Base de conocimientos\",\"item\":\"https:\/\/www.logico2.com\/es\/base-de-conocimientos\/\"},{\"@type\":\"ListItem\",\"position\":3,\"name\":\"Riesgos del CO&lt;sub&gt;2&lt;\/sub&gt;\"}]},{\"@type\":\"WebSite\",\"@id\":\"https:\/\/www.logico2.com\/#website\",\"url\":\"https:\/\/www.logico2.com\/\",\"name\":\"Logico2\",\"description\":\"Soluciones de seguridad de CO2\",\"potentialAction\":[{\"@type\":\"SearchAction\",\"target\":{\"@type\":\"EntryPoint\",\"urlTemplate\":\"https:\/\/www.logico2.com\/?s={search_term_string}\"},\"query-input\":{\"@type\":\"PropertyValueSpecification\",\"valueRequired\":true,\"valueName\":\"search_term_string\"}}],\"inLanguage\":\"es-ES\"}]}<\/script>\n<!-- \/ Yoast SEO plugin. -->","yoast_head_json":{"title":"Riesgos del CO&lt;sub&gt;2&lt;\/sub&gt; - Logico2","robots":{"index":"index","follow":"follow","max-snippet":"max-snippet:-1","max-image-preview":"max-image-preview:large","max-video-preview":"max-video-preview:-1"},"canonical":"https:\/\/www.logico2.com\/es\/base-de-conocimientos\/riesgos-del-cosub2-sub\/","og_locale":"es_ES","og_type":"article","og_title":"Riesgos del CO&lt;sub&gt;2&lt;\/sub&gt; - Logico2","og_description":"Los riesgos del CO2 \u00a1No hay ning\u00fan motivo por el que nadie debiera arriesgarse a exponerse a niveles peligrosos de CO2! Para los humanos resulta peligroso el aumento del CO2 en el aire, incluso si es peque\u00f1o. El aire exterior normalmente tiene un porcentaje de CO2 medio de solo el 0,04%. Con un contenido de [&hellip;]","og_url":"https:\/\/www.logico2.com\/es\/base-de-conocimientos\/riesgos-del-cosub2-sub\/","og_site_name":"Logico2","article_modified_time":"2025-05-12T07:59:26+00:00","og_image":[{"width":64,"height":64,"url":"https:\/\/www.logico2.com\/app\/uploads\/knowledge-icon-risk-1.png","type":"image\/png"}],"twitter_card":"summary_large_image","twitter_misc":{"Est. reading time":"3 minutes"},"schema":{"@context":"https:\/\/schema.org","@graph":[{"@type":"WebPage","@id":"https:\/\/www.logico2.com\/es\/base-de-conocimientos\/riesgos-del-cosub2-sub\/","url":"https:\/\/www.logico2.com\/es\/base-de-conocimientos\/riesgos-del-cosub2-sub\/","name":"Riesgos del CO&lt;sub&gt;2&lt;\/sub&gt; - Logico2","isPartOf":{"@id":"https:\/\/www.logico2.com\/#website"},"primaryImageOfPage":{"@id":"https:\/\/www.logico2.com\/es\/base-de-conocimientos\/riesgos-del-cosub2-sub\/#primaryimage"},"image":{"@id":"https:\/\/www.logico2.com\/es\/base-de-conocimientos\/riesgos-del-cosub2-sub\/#primaryimage"},"thumbnailUrl":"https:\/\/www.logico2.com\/app\/uploads\/knowledge-icon-risk-1.png","datePublished":"2018-03-05T11:41:43+00:00","dateModified":"2025-05-12T07:59:26+00:00","breadcrumb":{"@id":"https:\/\/www.logico2.com\/es\/base-de-conocimientos\/riesgos-del-cosub2-sub\/#breadcrumb"},"inLanguage":"es-ES","potentialAction":[{"@type":"ReadAction","target":["https:\/\/www.logico2.com\/es\/base-de-conocimientos\/riesgos-del-cosub2-sub\/"]}]},{"@type":"ImageObject","inLanguage":"es-ES","@id":"https:\/\/www.logico2.com\/es\/base-de-conocimientos\/riesgos-del-cosub2-sub\/#primaryimage","url":"https:\/\/www.logico2.com\/app\/uploads\/knowledge-icon-risk-1.png","contentUrl":"https:\/\/www.logico2.com\/app\/uploads\/knowledge-icon-risk-1.png","width":64,"height":64},{"@type":"BreadcrumbList","@id":"https:\/\/www.logico2.com\/es\/base-de-conocimientos\/riesgos-del-cosub2-sub\/#breadcrumb","itemListElement":[{"@type":"ListItem","position":1,"name":"Home","item":"https:\/\/www.logico2.com\/es\/"},{"@type":"ListItem","position":2,"name":"Base de conocimientos","item":"https:\/\/www.logico2.com\/es\/base-de-conocimientos\/"},{"@type":"ListItem","position":3,"name":"Riesgos del CO&lt;sub&gt;2&lt;\/sub&gt;"}]},{"@type":"WebSite","@id":"https:\/\/www.logico2.com\/#website","url":"https:\/\/www.logico2.com\/","name":"Logico2","description":"Soluciones de seguridad de CO2","potentialAction":[{"@type":"SearchAction","target":{"@type":"EntryPoint","urlTemplate":"https:\/\/www.logico2.com\/?s={search_term_string}"},"query-input":{"@type":"PropertyValueSpecification","valueRequired":true,"valueName":"search_term_string"}}],"inLanguage":"es-ES"}]}},"_links":{"self":[{"href":"https:\/\/www.logico2.com\/es\/wp-json\/wp\/v2\/pages\/3880","targetHints":{"allow":["GET"]}}],"collection":[{"href":"https:\/\/www.logico2.com\/es\/wp-json\/wp\/v2\/pages"}],"about":[{"href":"https:\/\/www.logico2.com\/es\/wp-json\/wp\/v2\/types\/page"}],"author":[{"embeddable":true,"href":"https:\/\/www.logico2.com\/es\/wp-json\/wp\/v2\/users\/1"}],"replies":[{"embeddable":true,"href":"https:\/\/www.logico2.com\/es\/wp-json\/wp\/v2\/comments?post=3880"}],"version-history":[{"count":7,"href":"https:\/\/www.logico2.com\/es\/wp-json\/wp\/v2\/pages\/3880\/revisions"}],"predecessor-version":[{"id":19698,"href":"https:\/\/www.logico2.com\/es\/wp-json\/wp\/v2\/pages\/3880\/revisions\/19698"}],"up":[{"embeddable":true,"href":"https:\/\/www.logico2.com\/es\/wp-json\/wp\/v2\/pages\/3873"}],"wp:featuredmedia":[{"embeddable":true,"href":"https:\/\/www.logico2.com\/es\/wp-json\/wp\/v2\/media\/3237"}],"wp:attachment":[{"href":"https:\/\/www.logico2.com\/es\/wp-json\/wp\/v2\/media?parent=3880"}],"curies":[{"name":"wp","href":"https:\/\/api.w.org\/{rel}","templated":true}]}}