{"id":3879,"date":"2018-03-05T11:41:42","date_gmt":"2018-03-05T11:41:42","guid":{"rendered":"https:\/\/www.logico2.com\/base-de-conocimientos\/normativas-y-leyes\/"},"modified":"2018-03-06T12:45:03","modified_gmt":"2018-03-06T12:45:03","slug":"normativas-y-leyes","status":"publish","type":"page","link":"https:\/\/www.logico2.com\/es\/base-de-conocimientos\/normativas-y-leyes\/","title":{"rendered":"Normativas y leyes"},"content":{"rendered":"<h1>Normativas del CO<sub>2<\/sub><img loading=\"lazy\" decoding=\"async\" class=\"size-full wp-image-1201 alignright\" src=\"https:\/\/www.logico2.com\/app\/uploads\/422_1156_1423567975_w117.png\" alt=\"\" width=\"117\" height=\"118\" \/><\/h1>\n<p>Se han elaborado muchos an\u00e1lisis de evaluaci\u00f3n de riesgos que llegan a la misma conclusi\u00f3n: con el factor humano incluido, el riesgo de estar expuestos a niveles nocivos de CO2 equivalentes al IDLH (peligro inminente para la salud y la vida) no es aceptable en nuestra sociedad moderna actual. Por ese peligro, muchos pa\u00edses como Alemania, Holanda, B\u00e9lgica, Inglaterra, Suecia y Dinamarca, entre otros, han establecido valores de STEL (l\u00edmites de exposici\u00f3n de corta duraci\u00f3n) que no est\u00e1 permitido superar.<\/p>\n<p>En la mayor cadena de comida r\u00e1pida del mundo, es obligatorio disponer de sistemas de seguridad de CO2 en todos sus 33.000 restaurantes. En la Alemania y Holanda tambi\u00e9n han impuesto leyes que obligan a instalar sistemas de seguridad de CO2 donde exista riesgo de exposici\u00f3n a niveles nocivos de CO2.<\/p>\n<p>Esas leyes, al igual que el l\u00edmite de 5000 ppm de la Directiva de la Comisi\u00f3n Europea 2006\/15\/CE, OSHA, la Norma australiana 5034-2005 y las recomendaciones del ACGIH relativas al L\u00edmite de exposici\u00f3n de corta duraci\u00f3n (STEL) y al Promedio ponderado en el tiempo (TWA), demuestran que instalar un sistema de seguridad de CO2 que obedezca lo dispuesto en esas normativas es de puro sentido com\u00fan y no hacerlo es una irresponsabilidad, tanto hacia los operarios como hacia los clientes.<\/p>\n<h1>Estados Unidos<\/h1>\n<p>A continuaci\u00f3n se detallan las Normas Nacionales, Reglamentos y Directrices sin car\u00e1cter normativo (CGA) estadounidenses actuales relativas a los requisitos de detecci\u00f3n de gas CO2. Tenga en cuenta que estas son no necesariamente las que un Estado o municipio en particular imponen o utilizan como base para sus normativas:<\/p>\n<h3>C\u00f3digo internacional de incendios (IFC): 2018 IFC &#8211; hay dos secciones que regulan el CO2<\/h3>\n<p style=\"padding-left: 30px;\"><strong>2018 IFC &#8211; Secci\u00f3n 5307 Gases comprimidos no sujetos a otras reglamentaciones<\/strong><br \/>\n5307.3 Sistemas de di\u00f3xido de carbono l\u00edquido aislados que se utilizan en aplicaciones de suministro de bebidas<br \/>\n5307.3.2 Sistema de detecci\u00f3n de gases &#8211; En los que no se dispone de ventilaci\u00f3n conforme a la Secci\u00f3n<br \/>\n5307.3.1 se deber\u00e1 disponer de un sistema de detecci\u00f3n de gas en salas o \u00e1reas interiores y en espacios exteriores bajo tierra con sistemas de di\u00f3xido de carbono aislados. Los sensores de di\u00f3xido de carbono se instalar\u00e1n a menos de 30\u00a0cm del \u00e1rea de suelo en la que podr\u00eda acumularse gas\u2026<br \/>\n5307.3.2.1. Activa una alarma de supervisi\u00f3n ac\u00fastica y visible\u2026de una \u2026concentraci\u00f3n de 5.000 ppm\u2026<br \/>\n5307.3.2.2. Activa una alarma ac\u00fastica y visible\u2026de una \u2026concentraci\u00f3n de 30.000 ppm\u2026<\/p>\n<p style=\"padding-left: 30px;\"><strong>Cap\u00edtulo 50 Materiales peligrosos &#8211; Disposiciones generales<\/strong><br \/>\n5005.1.12 Aislamiento de emergencia. Donde haya gases o l\u00edquidos que tengan riesgos para la salud de Categor\u00eda. 3 \u2026 deber\u00e1 disponerse de un medio homologado para la detecci\u00f3n de fugas.<\/p>\n<h3>Asociaci\u00f3n nacional de protecci\u00f3n contra incendios (NFPA): 2016 NFPA 55 C\u00f3digo de Gases comprimidos y fluidos criog\u00e9nicos, edici\u00f3n 2016<\/h3>\n<p style=\"padding-left: 30px;\"><strong>2016 NFPA 55 Cap\u00edtulo 13 Sistemas de di\u00f3xido de carbono l\u00edquido aislados<\/strong><br \/>\n13.2 Sistemas de gases comprimidos de di\u00f3xido de carbono no aislados. El almacenamiento, uso y tratamiento del di\u00f3xido de carbono en sistemas no aislados ser\u00e1 conforme a las disposiciones del Cap\u00edtulo 13 y de los Cap\u00edtulos 1 a 7.<br \/>\n13.10 Sistemas de bebidas y di\u00f3xido de carbono<br \/>\n13.10.1 Generalidades. Los sistemas con m\u00e1s de\u00a045 kg de di\u00f3xido de carbono utilizado en aplicaciones para el suministro de bebidas cumplir\u00e1n lo dispuesto en las secciones 13.10.2 a 13.10.4.<br \/>\n13.10.2 Equipos. El almacenamiento, uso y tratamiento del di\u00f3xido de carbono ser\u00e1 conforme a las disposiciones de los Cap\u00edtulos 1 a 7 y los requisitos de este cap\u00edtulo, si fueran aplicables.<br \/>\n13.10.4 Protecci\u00f3n obligatoria. Los tanques, bombonas, tuber\u00edas y equipos situados en interiores, salas y otras \u00e1reas donde puedan asentarse fugas de di\u00f3xido de carbono dispondr\u00e1n de \u2026 un sistema de alarma de emergencia conforme a 13.10.4.2. 13.6.2 Las salas o \u00e1reas en interiores o en espacios exteriores cerrados donde se rellenan y usan sistemas contenedores dispondr\u00e1n de un sistema de detecci\u00f3n y alarma de gas que ser\u00e1 capaz de detectar y notificar \u2026 niveles iguales o superiores a \u2026 PEL \u2026 y STEL \u2026 Se permitir\u00e1 utilizar puntos de control m\u00e1s conservadores.<br \/>\n13.6.2 Las salas o \u00e1reas donde en interiores o en espacios exteriores cerrados donde se rellenan y usan sistemas contenedores dispondr\u00e1n de un sistema de detecci\u00f3n y alarma de gas que ser\u00e1 capaz de detectar y notificar \u2026 niveles iguales o superiores a \u2026 PEL \u2026 y STEL \u2026 Se permitir\u00e1 utilizar puntos de control m\u00e1s conservadores.<\/p>\n<h3>Comit\u00e9 nacional de pr\u00e1cticas de inspecci\u00f3n para recipientes presurizados ASME: 2017 NBIC<\/h3>\n<p>Hay dos suplementos del NBIC aplicables a los recipientes de almacenamiento de di\u00f3xido de carbono l\u00edquido<\/p>\n<p style=\"padding-left: 30px;\">\n<strong>2017 NBIC Parte 1 Suplemento 3<\/strong><em> para instalaciones <\/em><br \/>\n<strong>2017 NBIC Parte 2 Suplemento 12<\/strong> <em>para inspecciones<br \/>\n<\/em>Ambos Suplementos del NBIC especifican \u201cse dispondr\u00e1 de un sistema de detecci\u00f3n continua de gas en la sala o \u00e1rea donde se rellenan y utilizan los sistemas contenedores, en \u00e1reas donde se re\u00fanen gases m\u00e1s pesados que el aire y en espacios subterr\u00e1neos exteriores \u2026 se dispondr\u00e1 de sensores de CO2 a menos de 30\u00a0cm del suelo en el \u00e1rea en la que el gas tenga mayor probabilidad de acumulaci\u00f3n o haya mayor probabilidad de fugas\u201d.<br \/>\na) El umbral para la activaci\u00f3n de la alarma de nivel bajo no superar\u00e1 una concentraci\u00f3n \u2026 de 5.000 ppm del promedio ponderado en el tiempo sobre 8 horas.<br \/>\nb) El umbral para la activaci\u00f3n de la alarma de nivel alto no superar\u00e1 una concentraci\u00f3n \u2026 de 30.000 ppm\u2026<\/p>\n<h3>Administraci\u00f3n de seguridad y salud laboral (OSHA): OSHA 29 CFR 1910.1000 Tabla Z-1<\/h3>\n<p>Substancias t\u00f3xicas y peligrosas, l\u00edmites para agentes contaminantes del aire: PEL (l\u00edmite de exposici\u00f3n admisible) para di\u00f3xido de carbono &#8211; 5.000 ppm Promedio ponderado en el tiempo sobre 8 horas, STEL &#8211; 30.000 ppm<\/p>\n<h3>Asociaci\u00f3n de gases comprimidos (CGA): CGA G-6.5 &#8211; 2013, Norma para peque\u00f1os sistemas de alimentaci\u00f3n de di\u00f3xido de carbono aislados estacionarios, cuarta edici\u00f3n <span style=\"color: #999999;\">(sin car\u00e1cter normativo)<\/span><\/h3>\n<p style=\"padding-left: 30px;\"><strong>3.6 Sistema de detecci\u00f3n de fugas de di\u00f3xido de carbono<\/strong><br \/>\nLas \u00e1reas o salas interiores o los espacios exteriores cerrados donde se rellenan y usan peque\u00f1os sistemas aislados de di\u00f3xido de carbono dispondr\u00e1n de un sistema de detecci\u00f3n y alarma de fugas. Dicho sistema ser\u00e1 capaz de detectar y notificar \u2026 niveles iguales o superiores a \u2026 PEL \u2026 y STEL \u2026 Se permitir\u00e1 utilizar puntos de control m\u00e1s conservadores.<\/p>\n<h3>Asociaci\u00f3n de gases comprimidos (CGA): CGA G-6.3 &#8211; 2013, Procedimientos de llenado y manipulaci\u00f3n de bombonas de di\u00f3xido de carbono, cuarta edici\u00f3n <span style=\"color: #999999;\">(sin car\u00e1cter normativo)<\/span><\/h3>\n<p style=\"padding-left: 30px;\"><strong>3.5 Medidas de seguridad <\/strong>\u2026La monitorizaci\u00f3n de di\u00f3xido de carbono se deber\u00e1 hacer antes de entrar en cualquier \u00e1rea en la que pueda acumularse el gas di\u00f3xido de carbono\u2026<\/p>\n<h1>Europa<\/h1>\n<h3><a href=\"http:\/\/eur-lex.europa.eu\/LexUriServ\/LexUriServ.do?uri=CELEX:31998L0024:en:HTML\" target=\"_blank\" rel=\"noopener\">Directiva 98\/24\/EC del Consejo Europeo del 7 de abril de 1998<\/a><\/h3>\n<p style=\"padding-left: 30px;\"><strong>El Art\u00edculo 7, Secci\u00f3n 4, indica claramente que el empresario tomar\u00e1 las medidas necesarias para disponer de un dispositivo de alarma que avise siempre que se produzca un mayor riesgo para la seguridad y la salud:<\/strong><br \/>\n-&#8220;el empresario tomar\u00e1 las medidas necesarias para proporcionar sistemas de aviso y otros medios de comunicaci\u00f3n requeridos para se\u00f1alizar mayores riesgos para la seguridad y salud, y activar inmediatamente una respuesta apropiada e iniciar medidas correctivas, de ayuda, escape y rescate si fuera preciso\u201d.<\/p>\n<h3><a href=\"http:\/\/eur-lex.europa.eu\/LexUriServ\/LexUriServ.do?uri=OJ:L:2006:038:0036:0039:en:PDF\" target=\"_blank\" rel=\"noopener\">Directiva de la Comisi\u00f3n Europea 2006\/15\/CE<\/a><\/h3>\n<p style=\"padding-left: 30px;\"><strong>La Directiva 2006\/15\/CE<\/strong> establece una segunda lista de valores l\u00edmite de exposici\u00f3n profesional indicativos en la implementaci\u00f3n de la Directiva 98\/24\/CE del Consejo Europeo. En el ap\u00e9ndice, la directiva indica claramente el l\u00edmite TWA de 5000 ppm que no se debe superar.<\/p>\n<h3><a href=\"http:\/\/www.hse.gov.uk\/pubns\/books\/eh40.htm\">EH40\/2005, L\u00edmites de exposici\u00f3n para centros de trabajo en el Reino Unido<\/a><\/h3>\n<h3><a href=\"https:\/\/www.verbrauchergesundheit.gv.at\/lebensmittel\/buch\/hygieneleitlinien\/Schankanlagen_2.pdf?5te4th\">Directriz para sistemas dispensadores en Austria<\/a><\/h3>\n<h3><a href=\"http:\/\/www.emploi.belgique.be\/defaultTab.aspx?id=616#1\">Protecci\u00f3n de la salud y seguridad de los trabajadores frente a riesgos por agentes qu\u00edmicos en el centro de trabajo en B\u00e9lgica<\/a><\/h3>\n","protected":false},"excerpt":{"rendered":"<p>Normativas del CO2 Se han elaborado muchos an\u00e1lisis de evaluaci\u00f3n de riesgos que llegan a la misma conclusi\u00f3n: con el factor humano incluido, el riesgo de estar expuestos a niveles nocivos de CO2 equivalentes al IDLH (peligro inminente para la salud y la vida) no es aceptable en nuestra sociedad moderna actual. Por ese peligro, [&hellip;]<\/p>\n","protected":false},"author":1,"featured_media":3240,"parent":3873,"menu_order":0,"comment_status":"closed","ping_status":"closed","template":"","meta":{"_acf_changed":false,"footnotes":""},"class_list":["post-3879","page","type-page","status-publish","has-post-thumbnail","hentry"],"acf":[],"yoast_head":"<!-- This site is optimized with the Yoast SEO plugin v25.9 - https:\/\/yoast.com\/wordpress\/plugins\/seo\/ -->\n<title>Normativas y leyes - Logico2<\/title>\n<meta name=\"robots\" content=\"index, follow, max-snippet:-1, max-image-preview:large, max-video-preview:-1\" \/>\n<link rel=\"canonical\" href=\"https:\/\/www.logico2.com\/knowledge-base\/regulations-laws\/\" \/>\n<meta property=\"og:locale\" content=\"es_ES\" \/>\n<meta property=\"og:type\" content=\"article\" \/>\n<meta property=\"og:title\" content=\"Normativas y leyes - Logico2\" \/>\n<meta property=\"og:description\" content=\"Normativas del CO2 Se han elaborado muchos an\u00e1lisis de evaluaci\u00f3n de riesgos que llegan a la misma conclusi\u00f3n: con el factor humano incluido, el riesgo de estar expuestos a niveles nocivos de CO2 equivalentes al IDLH (peligro inminente para la salud y la vida) no es aceptable en nuestra sociedad moderna actual. Por ese peligro, [&hellip;]\" \/>\n<meta property=\"og:url\" content=\"https:\/\/www.logico2.com\/knowledge-base\/regulations-laws\/\" \/>\n<meta property=\"og:site_name\" content=\"Logico2\" \/>\n<meta property=\"article:modified_time\" content=\"2018-03-06T12:45:03+00:00\" \/>\n<meta property=\"og:image\" content=\"https:\/\/www.logico2.com\/app\/uploads\/knowledge-icon-laws.png\" \/>\n\t<meta property=\"og:image:width\" content=\"64\" \/>\n\t<meta property=\"og:image:height\" content=\"64\" \/>\n\t<meta property=\"og:image:type\" content=\"image\/png\" \/>\n<meta name=\"twitter:card\" content=\"summary_large_image\" \/>\n<meta name=\"twitter:label1\" content=\"Est. reading time\" \/>\n\t<meta name=\"twitter:data1\" content=\"7 minutes\" \/>\n<script type=\"application\/ld+json\" class=\"yoast-schema-graph\">{\"@context\":\"https:\/\/schema.org\",\"@graph\":[{\"@type\":\"WebPage\",\"@id\":\"https:\/\/www.logico2.com\/knowledge-base\/regulations-laws\/\",\"url\":\"https:\/\/www.logico2.com\/knowledge-base\/regulations-laws\/\",\"name\":\"Normativas y leyes - Logico2\",\"isPartOf\":{\"@id\":\"https:\/\/www.logico2.com\/#website\"},\"primaryImageOfPage\":{\"@id\":\"https:\/\/www.logico2.com\/knowledge-base\/regulations-laws\/#primaryimage\"},\"image\":{\"@id\":\"https:\/\/www.logico2.com\/knowledge-base\/regulations-laws\/#primaryimage\"},\"thumbnailUrl\":\"https:\/\/www.logico2.com\/app\/uploads\/knowledge-icon-laws.png\",\"datePublished\":\"2018-03-05T11:41:42+00:00\",\"dateModified\":\"2018-03-06T12:45:03+00:00\",\"breadcrumb\":{\"@id\":\"https:\/\/www.logico2.com\/knowledge-base\/regulations-laws\/#breadcrumb\"},\"inLanguage\":\"es-ES\",\"potentialAction\":[{\"@type\":\"ReadAction\",\"target\":[\"https:\/\/www.logico2.com\/knowledge-base\/regulations-laws\/\"]}]},{\"@type\":\"ImageObject\",\"inLanguage\":\"es-ES\",\"@id\":\"https:\/\/www.logico2.com\/knowledge-base\/regulations-laws\/#primaryimage\",\"url\":\"https:\/\/www.logico2.com\/app\/uploads\/knowledge-icon-laws.png\",\"contentUrl\":\"https:\/\/www.logico2.com\/app\/uploads\/knowledge-icon-laws.png\",\"width\":64,\"height\":64},{\"@type\":\"BreadcrumbList\",\"@id\":\"https:\/\/www.logico2.com\/knowledge-base\/regulations-laws\/#breadcrumb\",\"itemListElement\":[{\"@type\":\"ListItem\",\"position\":1,\"name\":\"Home\",\"item\":\"https:\/\/www.logico2.com\/es\/\"},{\"@type\":\"ListItem\",\"position\":2,\"name\":\"Base de conocimientos\",\"item\":\"https:\/\/www.logico2.com\/es\/base-de-conocimientos\/\"},{\"@type\":\"ListItem\",\"position\":3,\"name\":\"Normativas y leyes\"}]},{\"@type\":\"WebSite\",\"@id\":\"https:\/\/www.logico2.com\/#website\",\"url\":\"https:\/\/www.logico2.com\/\",\"name\":\"Logico2\",\"description\":\"Soluciones de seguridad de CO2\",\"potentialAction\":[{\"@type\":\"SearchAction\",\"target\":{\"@type\":\"EntryPoint\",\"urlTemplate\":\"https:\/\/www.logico2.com\/?s={search_term_string}\"},\"query-input\":{\"@type\":\"PropertyValueSpecification\",\"valueRequired\":true,\"valueName\":\"search_term_string\"}}],\"inLanguage\":\"es-ES\"}]}<\/script>\n<!-- \/ Yoast SEO plugin. -->","yoast_head_json":{"title":"Normativas y leyes - Logico2","robots":{"index":"index","follow":"follow","max-snippet":"max-snippet:-1","max-image-preview":"max-image-preview:large","max-video-preview":"max-video-preview:-1"},"canonical":"https:\/\/www.logico2.com\/knowledge-base\/regulations-laws\/","og_locale":"es_ES","og_type":"article","og_title":"Normativas y leyes - Logico2","og_description":"Normativas del CO2 Se han elaborado muchos an\u00e1lisis de evaluaci\u00f3n de riesgos que llegan a la misma conclusi\u00f3n: con el factor humano incluido, el riesgo de estar expuestos a niveles nocivos de CO2 equivalentes al IDLH (peligro inminente para la salud y la vida) no es aceptable en nuestra sociedad moderna actual. Por ese peligro, [&hellip;]","og_url":"https:\/\/www.logico2.com\/knowledge-base\/regulations-laws\/","og_site_name":"Logico2","article_modified_time":"2018-03-06T12:45:03+00:00","og_image":[{"width":64,"height":64,"url":"https:\/\/www.logico2.com\/app\/uploads\/knowledge-icon-laws.png","type":"image\/png"}],"twitter_card":"summary_large_image","twitter_misc":{"Est. reading time":"7 minutes"},"schema":{"@context":"https:\/\/schema.org","@graph":[{"@type":"WebPage","@id":"https:\/\/www.logico2.com\/knowledge-base\/regulations-laws\/","url":"https:\/\/www.logico2.com\/knowledge-base\/regulations-laws\/","name":"Normativas y leyes - Logico2","isPartOf":{"@id":"https:\/\/www.logico2.com\/#website"},"primaryImageOfPage":{"@id":"https:\/\/www.logico2.com\/knowledge-base\/regulations-laws\/#primaryimage"},"image":{"@id":"https:\/\/www.logico2.com\/knowledge-base\/regulations-laws\/#primaryimage"},"thumbnailUrl":"https:\/\/www.logico2.com\/app\/uploads\/knowledge-icon-laws.png","datePublished":"2018-03-05T11:41:42+00:00","dateModified":"2018-03-06T12:45:03+00:00","breadcrumb":{"@id":"https:\/\/www.logico2.com\/knowledge-base\/regulations-laws\/#breadcrumb"},"inLanguage":"es-ES","potentialAction":[{"@type":"ReadAction","target":["https:\/\/www.logico2.com\/knowledge-base\/regulations-laws\/"]}]},{"@type":"ImageObject","inLanguage":"es-ES","@id":"https:\/\/www.logico2.com\/knowledge-base\/regulations-laws\/#primaryimage","url":"https:\/\/www.logico2.com\/app\/uploads\/knowledge-icon-laws.png","contentUrl":"https:\/\/www.logico2.com\/app\/uploads\/knowledge-icon-laws.png","width":64,"height":64},{"@type":"BreadcrumbList","@id":"https:\/\/www.logico2.com\/knowledge-base\/regulations-laws\/#breadcrumb","itemListElement":[{"@type":"ListItem","position":1,"name":"Home","item":"https:\/\/www.logico2.com\/es\/"},{"@type":"ListItem","position":2,"name":"Base de conocimientos","item":"https:\/\/www.logico2.com\/es\/base-de-conocimientos\/"},{"@type":"ListItem","position":3,"name":"Normativas y leyes"}]},{"@type":"WebSite","@id":"https:\/\/www.logico2.com\/#website","url":"https:\/\/www.logico2.com\/","name":"Logico2","description":"Soluciones de seguridad de CO2","potentialAction":[{"@type":"SearchAction","target":{"@type":"EntryPoint","urlTemplate":"https:\/\/www.logico2.com\/?s={search_term_string}"},"query-input":{"@type":"PropertyValueSpecification","valueRequired":true,"valueName":"search_term_string"}}],"inLanguage":"es-ES"}]}},"_links":{"self":[{"href":"https:\/\/www.logico2.com\/es\/wp-json\/wp\/v2\/pages\/3879","targetHints":{"allow":["GET"]}}],"collection":[{"href":"https:\/\/www.logico2.com\/es\/wp-json\/wp\/v2\/pages"}],"about":[{"href":"https:\/\/www.logico2.com\/es\/wp-json\/wp\/v2\/types\/page"}],"author":[{"embeddable":true,"href":"https:\/\/www.logico2.com\/es\/wp-json\/wp\/v2\/users\/1"}],"replies":[{"embeddable":true,"href":"https:\/\/www.logico2.com\/es\/wp-json\/wp\/v2\/comments?post=3879"}],"version-history":[{"count":5,"href":"https:\/\/www.logico2.com\/es\/wp-json\/wp\/v2\/pages\/3879\/revisions"}],"predecessor-version":[{"id":4048,"href":"https:\/\/www.logico2.com\/es\/wp-json\/wp\/v2\/pages\/3879\/revisions\/4048"}],"up":[{"embeddable":true,"href":"https:\/\/www.logico2.com\/es\/wp-json\/wp\/v2\/pages\/3873"}],"wp:featuredmedia":[{"embeddable":true,"href":"https:\/\/www.logico2.com\/es\/wp-json\/wp\/v2\/media\/3240"}],"wp:attachment":[{"href":"https:\/\/www.logico2.com\/es\/wp-json\/wp\/v2\/media?parent=3879"}],"curies":[{"name":"wp","href":"https:\/\/api.w.org\/{rel}","templated":true}]}}