{"id":3873,"date":"2018-03-05T11:41:41","date_gmt":"2018-03-05T11:41:41","guid":{"rendered":"https:\/\/www.logico2.com\/base-de-conocimientos\/"},"modified":"2018-03-06T12:44:03","modified_gmt":"2018-03-06T12:44:03","slug":"base-de-conocimientos","status":"publish","type":"page","link":"https:\/\/www.logico2.com\/es\/base-de-conocimientos\/","title":{"rendered":"Base de conocimientos"},"content":{"rendered":"<h2>\u00bfQu\u00e9 es el CO<sub>2<\/sub>?<\/h2>\n<p><img loading=\"lazy\" decoding=\"async\" class=\"size-full wp-image-1199 alignright\" src=\"https:\/\/www.logico2.com\/app\/uploads\/421_1293_1423567727_w117.png\" alt=\"\" width=\"117\" height=\"118\" \/>El CO<sub>2<\/sub> es un gas que existe de modo natural en la atm\u00f3sfera terrestre. Es invisible, inodoro y un 50% m\u00e1s pesado que el aire. El CO<sub>2<\/sub> es uno de los principales productos en los procesos de combusti\u00f3n y en el metabolismo natural de los organismos vivos.<\/p>\n<p>Los humanos inhalamos ox\u00edgeno y exhalamos di\u00f3xido de carbono. El nivel de CO<sub>2<\/sub> en el aire exhalado es muy constante, alrededor del 3,8% (38.000 ppm). Cuando se exhala CO<sub>2<\/sub>, se mezcla r\u00e1pidamente con el aire circundante y, si hay buena ventilaci\u00f3n, la concentraci\u00f3n se reducir\u00e1 hasta niveles inocuos. Los niveles de CO<sub>2<\/sub> en interiores normalmente var\u00edan entre 400 y 2.000 ppm (partes por mill\u00f3n). Los niveles de CO<sub>2<\/sub> en exteriores normalmente son de 350 \u2013 450 ppm y dependen en gran parte de la estaci\u00f3n. Las \u00e1reas muy industrializadas o contaminadas pueden tener peri\u00f3dicamente una concentraci\u00f3n de CO<sub>2<\/sub> de hasta 800 ppm. Los niveles de CO<sub>2<\/sub> en exteriores son mayores en \u00e1reas en las que el tr\u00e1fico es muy pesado.<\/p>\n<p>El CO<sub>2<\/sub> se produce por la respiraci\u00f3n, incendios, veh\u00edculos, mezcla defectuosa de detergentes y fermentaciones. El CO<sub>2<\/sub>, a pesar de no estar clasificado como t\u00f3xico en s\u00ed mismo, es un gas peligroso. Es inocuo en cantidades peque\u00f1as, pero a altas concentraciones es fatal. Al ser un gas inodoro, no se puede detectar sin aparatos de medici\u00f3n y ha ocasionado muchos accidentes mortales, p.\u00a0ej., en cavas cerveceras y en restaurantes modernos donde se usan grandes cantidades de CO<sub>2<\/sub> para producir bebidas gaseosas, as\u00ed como en otras ubicaciones donde se usa CO<sub>2<\/sub> para el tratamiento del agua.<br \/>\nEl CO<sub>2<\/sub> no se debe confundir con el mon\u00f3xido de carbono (CO), un gas muy t\u00f3xico que es un subproducto de la combusti\u00f3n deficiente, por ejemplo, en veh\u00edculos y chimeneas. El mon\u00f3xido de carbono es peligroso incluso a concentraciones muy bajas (de 25 a 50 ppm).<\/p>\n<p>&nbsp;<\/p>\n<h2>\u00bfPara qu\u00e9 se utiliza el CO<sub>2<\/sub>?<\/h2>\n<p><img loading=\"lazy\" decoding=\"async\" class=\"size-full wp-image-1200 alignright\" src=\"https:\/\/www.logico2.com\/app\/uploads\/420_1294_1423567734_w117.png\" alt=\"\" width=\"117\" height=\"118\" \/>El CO<sub>2<\/sub> es actualmente el gas cuyo uso crece a mayor velocidad en el mundo. Se utiliza en una gran variedad de aplicaciones, como refrigerante en sistemas de refrigeraci\u00f3n, equilibrador de pH en piscinas, congelaci\u00f3n de alimentos, limpieza industrial, limpieza en seco (tintorer\u00edas) y como aditivo en alimentos, bebidas carbonatadas y otras muchas aplicaciones.<\/p>\n<p>Las medidas de CO<sub>2<\/sub> en interiores proporcionan un valor din\u00e1mico del equilibrio entre la generaci\u00f3n de CO<sub>2<\/sub> en el espacio, que representa la ocupaci\u00f3n y la baja concentraci\u00f3n de CO<sub>2<\/sub> del aire exterior introducido por la ventilaci\u00f3n. Hay pocos gases que tengan \u00e1reas de aplicaci\u00f3n tan variadas como el CO<sub>2<\/sub>. El inter\u00e9s y la demanda de este gas est\u00e1n aumentando considerablemente. Esto se debe principalmente a que ha demostrado ser la alternativa m\u00e1s respetuosa con el medio ambiente en comparaci\u00f3n con muchas substancias peligrosas que se utilizan en la sociedad moderna. Se ha introducido nueva legislaci\u00f3n para garantizar la seguridad.<\/p>\n<p>En la mayor\u00eda de los mataderos modernos se utiliza CO<sub>2<\/sub> antes de sacrificar a los animales. Este m\u00e9todo es considerado como el m\u00e1s humano para \u201caturdir\u201d a los animales.<\/p>\n","protected":false},"excerpt":{"rendered":"<p>\u00bfQu\u00e9 es el CO2? El CO2 es un gas que existe de modo natural en la atm\u00f3sfera terrestre. Es invisible, inodoro y un 50% m\u00e1s pesado que el aire. El CO2 es uno de los principales productos en los procesos de combusti\u00f3n y en el metabolismo natural de los organismos vivos. Los humanos inhalamos ox\u00edgeno [&hellip;]<\/p>\n","protected":false},"author":1,"featured_media":0,"parent":0,"menu_order":2,"comment_status":"closed","ping_status":"closed","template":"","meta":{"_acf_changed":false,"footnotes":""},"class_list":["post-3873","page","type-page","status-publish","hentry"],"acf":[],"yoast_head":"<!-- This site is optimized with the Yoast SEO plugin v25.9 - https:\/\/yoast.com\/wordpress\/plugins\/seo\/ -->\n<title>Base de conocimientos - Logico2<\/title>\n<meta name=\"robots\" content=\"index, follow, max-snippet:-1, max-image-preview:large, max-video-preview:-1\" \/>\n<link rel=\"canonical\" href=\"https:\/\/www.logico2.com\/es\/base-de-conocimientos\/\" \/>\n<meta property=\"og:locale\" content=\"es_ES\" \/>\n<meta property=\"og:type\" content=\"article\" \/>\n<meta property=\"og:title\" content=\"Base de conocimientos - Logico2\" \/>\n<meta property=\"og:description\" content=\"\u00bfQu\u00e9 es el CO2? El CO2 es un gas que existe de modo natural en la atm\u00f3sfera terrestre. Es invisible, inodoro y un 50% m\u00e1s pesado que el aire. El CO2 es uno de los principales productos en los procesos de combusti\u00f3n y en el metabolismo natural de los organismos vivos. Los humanos inhalamos ox\u00edgeno [&hellip;]\" \/>\n<meta property=\"og:url\" content=\"https:\/\/www.logico2.com\/es\/base-de-conocimientos\/\" \/>\n<meta property=\"og:site_name\" content=\"Logico2\" \/>\n<meta property=\"article:modified_time\" content=\"2018-03-06T12:44:03+00:00\" \/>\n<meta property=\"og:image\" content=\"https:\/\/www.logico2.com\/app\/uploads\/421_1293_1423567727_w117.png\" \/>\n\t<meta property=\"og:image:width\" content=\"117\" \/>\n\t<meta property=\"og:image:height\" content=\"118\" \/>\n\t<meta property=\"og:image:type\" content=\"image\/png\" \/>\n<meta name=\"twitter:card\" content=\"summary_large_image\" \/>\n<meta name=\"twitter:label1\" content=\"Est. reading time\" \/>\n\t<meta name=\"twitter:data1\" content=\"3 minutes\" \/>\n<script type=\"application\/ld+json\" class=\"yoast-schema-graph\">{\"@context\":\"https:\/\/schema.org\",\"@graph\":[{\"@type\":\"WebPage\",\"@id\":\"https:\/\/www.logico2.com\/es\/base-de-conocimientos\/\",\"url\":\"https:\/\/www.logico2.com\/es\/base-de-conocimientos\/\",\"name\":\"Base de conocimientos - Logico2\",\"isPartOf\":{\"@id\":\"https:\/\/www.logico2.com\/#website\"},\"primaryImageOfPage\":{\"@id\":\"https:\/\/www.logico2.com\/es\/base-de-conocimientos\/#primaryimage\"},\"image\":{\"@id\":\"https:\/\/www.logico2.com\/es\/base-de-conocimientos\/#primaryimage\"},\"thumbnailUrl\":\"https:\/\/www.logico2.com\/app\/uploads\/421_1293_1423567727_w117.png\",\"datePublished\":\"2018-03-05T11:41:41+00:00\",\"dateModified\":\"2018-03-06T12:44:03+00:00\",\"breadcrumb\":{\"@id\":\"https:\/\/www.logico2.com\/es\/base-de-conocimientos\/#breadcrumb\"},\"inLanguage\":\"es-ES\",\"potentialAction\":[{\"@type\":\"ReadAction\",\"target\":[\"https:\/\/www.logico2.com\/es\/base-de-conocimientos\/\"]}]},{\"@type\":\"ImageObject\",\"inLanguage\":\"es-ES\",\"@id\":\"https:\/\/www.logico2.com\/es\/base-de-conocimientos\/#primaryimage\",\"url\":\"https:\/\/www.logico2.com\/app\/uploads\/421_1293_1423567727_w117.png\",\"contentUrl\":\"https:\/\/www.logico2.com\/app\/uploads\/421_1293_1423567727_w117.png\"},{\"@type\":\"BreadcrumbList\",\"@id\":\"https:\/\/www.logico2.com\/es\/base-de-conocimientos\/#breadcrumb\",\"itemListElement\":[{\"@type\":\"ListItem\",\"position\":1,\"name\":\"Home\",\"item\":\"https:\/\/www.logico2.com\/es\/\"},{\"@type\":\"ListItem\",\"position\":2,\"name\":\"Base de conocimientos\"}]},{\"@type\":\"WebSite\",\"@id\":\"https:\/\/www.logico2.com\/#website\",\"url\":\"https:\/\/www.logico2.com\/\",\"name\":\"Logico2\",\"description\":\"Soluciones de seguridad de CO2\",\"potentialAction\":[{\"@type\":\"SearchAction\",\"target\":{\"@type\":\"EntryPoint\",\"urlTemplate\":\"https:\/\/www.logico2.com\/?s={search_term_string}\"},\"query-input\":{\"@type\":\"PropertyValueSpecification\",\"valueRequired\":true,\"valueName\":\"search_term_string\"}}],\"inLanguage\":\"es-ES\"}]}<\/script>\n<!-- \/ Yoast SEO plugin. -->","yoast_head_json":{"title":"Base de conocimientos - Logico2","robots":{"index":"index","follow":"follow","max-snippet":"max-snippet:-1","max-image-preview":"max-image-preview:large","max-video-preview":"max-video-preview:-1"},"canonical":"https:\/\/www.logico2.com\/es\/base-de-conocimientos\/","og_locale":"es_ES","og_type":"article","og_title":"Base de conocimientos - Logico2","og_description":"\u00bfQu\u00e9 es el CO2? El CO2 es un gas que existe de modo natural en la atm\u00f3sfera terrestre. Es invisible, inodoro y un 50% m\u00e1s pesado que el aire. El CO2 es uno de los principales productos en los procesos de combusti\u00f3n y en el metabolismo natural de los organismos vivos. Los humanos inhalamos ox\u00edgeno [&hellip;]","og_url":"https:\/\/www.logico2.com\/es\/base-de-conocimientos\/","og_site_name":"Logico2","article_modified_time":"2018-03-06T12:44:03+00:00","og_image":[{"width":117,"height":118,"url":"https:\/\/www.logico2.com\/app\/uploads\/421_1293_1423567727_w117.png","type":"image\/png"}],"twitter_card":"summary_large_image","twitter_misc":{"Est. reading time":"3 minutes"},"schema":{"@context":"https:\/\/schema.org","@graph":[{"@type":"WebPage","@id":"https:\/\/www.logico2.com\/es\/base-de-conocimientos\/","url":"https:\/\/www.logico2.com\/es\/base-de-conocimientos\/","name":"Base de conocimientos - Logico2","isPartOf":{"@id":"https:\/\/www.logico2.com\/#website"},"primaryImageOfPage":{"@id":"https:\/\/www.logico2.com\/es\/base-de-conocimientos\/#primaryimage"},"image":{"@id":"https:\/\/www.logico2.com\/es\/base-de-conocimientos\/#primaryimage"},"thumbnailUrl":"https:\/\/www.logico2.com\/app\/uploads\/421_1293_1423567727_w117.png","datePublished":"2018-03-05T11:41:41+00:00","dateModified":"2018-03-06T12:44:03+00:00","breadcrumb":{"@id":"https:\/\/www.logico2.com\/es\/base-de-conocimientos\/#breadcrumb"},"inLanguage":"es-ES","potentialAction":[{"@type":"ReadAction","target":["https:\/\/www.logico2.com\/es\/base-de-conocimientos\/"]}]},{"@type":"ImageObject","inLanguage":"es-ES","@id":"https:\/\/www.logico2.com\/es\/base-de-conocimientos\/#primaryimage","url":"https:\/\/www.logico2.com\/app\/uploads\/421_1293_1423567727_w117.png","contentUrl":"https:\/\/www.logico2.com\/app\/uploads\/421_1293_1423567727_w117.png"},{"@type":"BreadcrumbList","@id":"https:\/\/www.logico2.com\/es\/base-de-conocimientos\/#breadcrumb","itemListElement":[{"@type":"ListItem","position":1,"name":"Home","item":"https:\/\/www.logico2.com\/es\/"},{"@type":"ListItem","position":2,"name":"Base de conocimientos"}]},{"@type":"WebSite","@id":"https:\/\/www.logico2.com\/#website","url":"https:\/\/www.logico2.com\/","name":"Logico2","description":"Soluciones de seguridad de CO2","potentialAction":[{"@type":"SearchAction","target":{"@type":"EntryPoint","urlTemplate":"https:\/\/www.logico2.com\/?s={search_term_string}"},"query-input":{"@type":"PropertyValueSpecification","valueRequired":true,"valueName":"search_term_string"}}],"inLanguage":"es-ES"}]}},"_links":{"self":[{"href":"https:\/\/www.logico2.com\/es\/wp-json\/wp\/v2\/pages\/3873","targetHints":{"allow":["GET"]}}],"collection":[{"href":"https:\/\/www.logico2.com\/es\/wp-json\/wp\/v2\/pages"}],"about":[{"href":"https:\/\/www.logico2.com\/es\/wp-json\/wp\/v2\/types\/page"}],"author":[{"embeddable":true,"href":"https:\/\/www.logico2.com\/es\/wp-json\/wp\/v2\/users\/1"}],"replies":[{"embeddable":true,"href":"https:\/\/www.logico2.com\/es\/wp-json\/wp\/v2\/comments?post=3873"}],"version-history":[{"count":5,"href":"https:\/\/www.logico2.com\/es\/wp-json\/wp\/v2\/pages\/3873\/revisions"}],"predecessor-version":[{"id":4046,"href":"https:\/\/www.logico2.com\/es\/wp-json\/wp\/v2\/pages\/3873\/revisions\/4046"}],"wp:attachment":[{"href":"https:\/\/www.logico2.com\/es\/wp-json\/wp\/v2\/media?parent=3873"}],"curies":[{"name":"wp","href":"https:\/\/api.w.org\/{rel}","templated":true}]}}