{"id":12254,"date":"2021-05-10T13:55:46","date_gmt":"2021-05-10T13:55:46","guid":{"rendered":"https:\/\/www.logico2.com\/?page_id=12254"},"modified":"2022-05-23T12:34:40","modified_gmt":"2022-05-23T12:34:40","slug":"control-de-funciones","status":"publish","type":"page","link":"https:\/\/www.logico2.com\/es\/base-de-conocimientos\/control-de-funciones\/","title":{"rendered":"Control de funciones"},"content":{"rendered":"<h2>Control de funciones del sistema de seguridad de CO2 LogiCO2 Mk9<\/h2>\n<p><iframe loading=\"lazy\" style=\"margin-top: 20px;\" src=\"https:\/\/www.youtube.com\/embed\/5br9Wq74YjM?rel=0\" width=\"1000\" height=\"563\" frameborder=\"0\" allowfullscreen=\"allowfullscreen\"><\/iframe><\/p>\n<h4><\/h4>\n<h2>Descargar listas de verificaci\u00f3n<\/h2>\n<p class=\"p1\"><a href=\"https:\/\/www.logico2.com\/app\/uploads\/Function_and_installation_check1_CO2_es_r3_3.pdf\" target=\"_blank\" rel=\"noopener noreferrer\"><span class=\"s1\">Lista de verificaci\u00f3n de control de funciones 1 para sensores de CO2 Mk9<\/span><\/a><br \/>\n<a href=\"https:\/\/www.logico2.com\/app\/uploads\/Function_and_installation_check2_CO2_es_r3_2.pdf\" target=\"_blank\" rel=\"noopener noreferrer\">Lista de verificaci\u00f3n de control de funciones 2 para sensores de CO2 Mk9 &#8211; sensores adicionales<\/a><\/p>\n<hr \/>\n<h2>Tutorial de instalaci\u00f3n para el KIT Mk9 O2<\/h2>\n<p><iframe loading=\"lazy\" style=\"margin-top: 20px;\" src=\"https:\/\/www.youtube.com\/embed\/XXG17DdiMhs?rel=0\" width=\"1000\" height=\"563\" frameborder=\"0\" allowfullscreen=\"allowfullscreen\"><\/iframe><\/p>\n<h4><\/h4>\n<h2>Descargar lista de verificaci\u00f3n<\/h2>\n<p><a href=\"https:\/\/www.logico2.com\/app\/uploads\/Function_and_installation_check_O2_es_r1_0-1.pdf\"><span class=\"s1\">Lista de verificaci\u00f3n de control de funciones para sensores de O2 Mk9<\/span><\/a><\/p>\n<hr \/>\n<h2>Control de funci\u00f3n de la v\u00e1lvula de seguridad LogiCO2 SMB<\/h2>\n<p><iframe loading=\"lazy\" title=\"YouTube video player\" src=\"https:\/\/www.youtube.com\/embed\/AB8X7HIdHJc?rel=0\" width=\"1000\" height=\"563\" frameborder=\"0\" allowfullscreen=\"allowfullscreen\" data-mce-fragment=\"1\"><\/iframe><\/p>\n<h4><\/h4>\n<h2>Descargar lista de verificaci\u00f3n<\/h2>\n<p class=\"p1\"><a href=\"https:\/\/www.logico2.com\/app\/uploads\/Function_and_installation_check_SMB_es.pdf\"><span class=\"s1\">Lista de verificaci\u00f3n de control de funci\u00f3n V\u00e1lvula de seguridad SMB<\/span><\/a><\/p>\n","protected":false},"excerpt":{"rendered":"<p>Control de funciones del sistema de seguridad de CO2 LogiCO2 Mk9 Descargar listas de verificaci\u00f3n Lista de verificaci\u00f3n de control de funciones 1 para sensores de CO2 Mk9 Lista de verificaci\u00f3n de control de funciones 2 para sensores de CO2 Mk9 &#8211; sensores adicionales Tutorial de instalaci\u00f3n para el KIT Mk9 O2 Descargar lista de [&hellip;]<\/p>\n","protected":false},"author":3,"featured_media":7472,"parent":3873,"menu_order":0,"comment_status":"closed","ping_status":"closed","template":"","meta":{"_acf_changed":false,"footnotes":""},"class_list":["post-12254","page","type-page","status-publish","has-post-thumbnail","hentry"],"acf":[],"yoast_head":"<!-- This site is optimized with the Yoast SEO plugin v25.9 - https:\/\/yoast.com\/wordpress\/plugins\/seo\/ -->\n<title>Control de funciones - Logico2<\/title>\n<meta name=\"robots\" content=\"index, follow, max-snippet:-1, max-image-preview:large, max-video-preview:-1\" \/>\n<link rel=\"canonical\" href=\"https:\/\/www.logico2.com\/es\/base-de-conocimientos\/control-de-funciones\/\" \/>\n<meta property=\"og:locale\" content=\"es_ES\" \/>\n<meta property=\"og:type\" content=\"article\" \/>\n<meta property=\"og:title\" content=\"Control de funciones - Logico2\" \/>\n<meta property=\"og:description\" content=\"Control de funciones del sistema de seguridad de CO2 LogiCO2 Mk9 Descargar listas de verificaci\u00f3n Lista de verificaci\u00f3n de control de funciones 1 para sensores de CO2 Mk9 Lista de verificaci\u00f3n de control de funciones 2 para sensores de CO2 Mk9 &#8211; sensores adicionales Tutorial de instalaci\u00f3n para el KIT Mk9 O2 Descargar lista de [&hellip;]\" \/>\n<meta property=\"og:url\" content=\"https:\/\/www.logico2.com\/es\/base-de-conocimientos\/control-de-funciones\/\" \/>\n<meta property=\"og:site_name\" content=\"Logico2\" \/>\n<meta property=\"article:modified_time\" content=\"2022-05-23T12:34:40+00:00\" \/>\n<meta property=\"og:image\" content=\"https:\/\/www.logico2.com\/app\/uploads\/ico_funktionskontroll.png\" \/>\n\t<meta property=\"og:image:width\" content=\"486\" \/>\n\t<meta property=\"og:image:height\" content=\"486\" \/>\n\t<meta property=\"og:image:type\" content=\"image\/png\" \/>\n<meta name=\"twitter:card\" content=\"summary_large_image\" \/>\n<meta name=\"twitter:label1\" content=\"Est. reading time\" \/>\n\t<meta name=\"twitter:data1\" content=\"1 minute\" \/>\n<script type=\"application\/ld+json\" class=\"yoast-schema-graph\">{\"@context\":\"https:\/\/schema.org\",\"@graph\":[{\"@type\":\"WebPage\",\"@id\":\"https:\/\/www.logico2.com\/es\/base-de-conocimientos\/control-de-funciones\/\",\"url\":\"https:\/\/www.logico2.com\/es\/base-de-conocimientos\/control-de-funciones\/\",\"name\":\"Control de funciones - Logico2\",\"isPartOf\":{\"@id\":\"https:\/\/www.logico2.com\/#website\"},\"primaryImageOfPage\":{\"@id\":\"https:\/\/www.logico2.com\/es\/base-de-conocimientos\/control-de-funciones\/#primaryimage\"},\"image\":{\"@id\":\"https:\/\/www.logico2.com\/es\/base-de-conocimientos\/control-de-funciones\/#primaryimage\"},\"thumbnailUrl\":\"https:\/\/www.logico2.com\/app\/uploads\/ico_funktionskontroll.png\",\"datePublished\":\"2021-05-10T13:55:46+00:00\",\"dateModified\":\"2022-05-23T12:34:40+00:00\",\"breadcrumb\":{\"@id\":\"https:\/\/www.logico2.com\/es\/base-de-conocimientos\/control-de-funciones\/#breadcrumb\"},\"inLanguage\":\"es-ES\",\"potentialAction\":[{\"@type\":\"ReadAction\",\"target\":[\"https:\/\/www.logico2.com\/es\/base-de-conocimientos\/control-de-funciones\/\"]}]},{\"@type\":\"ImageObject\",\"inLanguage\":\"es-ES\",\"@id\":\"https:\/\/www.logico2.com\/es\/base-de-conocimientos\/control-de-funciones\/#primaryimage\",\"url\":\"https:\/\/www.logico2.com\/app\/uploads\/ico_funktionskontroll.png\",\"contentUrl\":\"https:\/\/www.logico2.com\/app\/uploads\/ico_funktionskontroll.png\",\"width\":486,\"height\":486},{\"@type\":\"BreadcrumbList\",\"@id\":\"https:\/\/www.logico2.com\/es\/base-de-conocimientos\/control-de-funciones\/#breadcrumb\",\"itemListElement\":[{\"@type\":\"ListItem\",\"position\":1,\"name\":\"Home\",\"item\":\"https:\/\/www.logico2.com\/es\/\"},{\"@type\":\"ListItem\",\"position\":2,\"name\":\"Base de conocimientos\",\"item\":\"https:\/\/www.logico2.com\/es\/base-de-conocimientos\/\"},{\"@type\":\"ListItem\",\"position\":3,\"name\":\"Control de funciones\"}]},{\"@type\":\"WebSite\",\"@id\":\"https:\/\/www.logico2.com\/#website\",\"url\":\"https:\/\/www.logico2.com\/\",\"name\":\"Logico2\",\"description\":\"Soluciones de seguridad de CO2\",\"potentialAction\":[{\"@type\":\"SearchAction\",\"target\":{\"@type\":\"EntryPoint\",\"urlTemplate\":\"https:\/\/www.logico2.com\/?s={search_term_string}\"},\"query-input\":{\"@type\":\"PropertyValueSpecification\",\"valueRequired\":true,\"valueName\":\"search_term_string\"}}],\"inLanguage\":\"es-ES\"}]}<\/script>\n<!-- \/ Yoast SEO plugin. -->","yoast_head_json":{"title":"Control de funciones - Logico2","robots":{"index":"index","follow":"follow","max-snippet":"max-snippet:-1","max-image-preview":"max-image-preview:large","max-video-preview":"max-video-preview:-1"},"canonical":"https:\/\/www.logico2.com\/es\/base-de-conocimientos\/control-de-funciones\/","og_locale":"es_ES","og_type":"article","og_title":"Control de funciones - Logico2","og_description":"Control de funciones del sistema de seguridad de CO2 LogiCO2 Mk9 Descargar listas de verificaci\u00f3n Lista de verificaci\u00f3n de control de funciones 1 para sensores de CO2 Mk9 Lista de verificaci\u00f3n de control de funciones 2 para sensores de CO2 Mk9 &#8211; sensores adicionales Tutorial de instalaci\u00f3n para el KIT Mk9 O2 Descargar lista de [&hellip;]","og_url":"https:\/\/www.logico2.com\/es\/base-de-conocimientos\/control-de-funciones\/","og_site_name":"Logico2","article_modified_time":"2022-05-23T12:34:40+00:00","og_image":[{"width":486,"height":486,"url":"https:\/\/www.logico2.com\/app\/uploads\/ico_funktionskontroll.png","type":"image\/png"}],"twitter_card":"summary_large_image","twitter_misc":{"Est. reading time":"1 minute"},"schema":{"@context":"https:\/\/schema.org","@graph":[{"@type":"WebPage","@id":"https:\/\/www.logico2.com\/es\/base-de-conocimientos\/control-de-funciones\/","url":"https:\/\/www.logico2.com\/es\/base-de-conocimientos\/control-de-funciones\/","name":"Control de funciones - Logico2","isPartOf":{"@id":"https:\/\/www.logico2.com\/#website"},"primaryImageOfPage":{"@id":"https:\/\/www.logico2.com\/es\/base-de-conocimientos\/control-de-funciones\/#primaryimage"},"image":{"@id":"https:\/\/www.logico2.com\/es\/base-de-conocimientos\/control-de-funciones\/#primaryimage"},"thumbnailUrl":"https:\/\/www.logico2.com\/app\/uploads\/ico_funktionskontroll.png","datePublished":"2021-05-10T13:55:46+00:00","dateModified":"2022-05-23T12:34:40+00:00","breadcrumb":{"@id":"https:\/\/www.logico2.com\/es\/base-de-conocimientos\/control-de-funciones\/#breadcrumb"},"inLanguage":"es-ES","potentialAction":[{"@type":"ReadAction","target":["https:\/\/www.logico2.com\/es\/base-de-conocimientos\/control-de-funciones\/"]}]},{"@type":"ImageObject","inLanguage":"es-ES","@id":"https:\/\/www.logico2.com\/es\/base-de-conocimientos\/control-de-funciones\/#primaryimage","url":"https:\/\/www.logico2.com\/app\/uploads\/ico_funktionskontroll.png","contentUrl":"https:\/\/www.logico2.com\/app\/uploads\/ico_funktionskontroll.png","width":486,"height":486},{"@type":"BreadcrumbList","@id":"https:\/\/www.logico2.com\/es\/base-de-conocimientos\/control-de-funciones\/#breadcrumb","itemListElement":[{"@type":"ListItem","position":1,"name":"Home","item":"https:\/\/www.logico2.com\/es\/"},{"@type":"ListItem","position":2,"name":"Base de conocimientos","item":"https:\/\/www.logico2.com\/es\/base-de-conocimientos\/"},{"@type":"ListItem","position":3,"name":"Control de funciones"}]},{"@type":"WebSite","@id":"https:\/\/www.logico2.com\/#website","url":"https:\/\/www.logico2.com\/","name":"Logico2","description":"Soluciones de seguridad de CO2","potentialAction":[{"@type":"SearchAction","target":{"@type":"EntryPoint","urlTemplate":"https:\/\/www.logico2.com\/?s={search_term_string}"},"query-input":{"@type":"PropertyValueSpecification","valueRequired":true,"valueName":"search_term_string"}}],"inLanguage":"es-ES"}]}},"_links":{"self":[{"href":"https:\/\/www.logico2.com\/es\/wp-json\/wp\/v2\/pages\/12254","targetHints":{"allow":["GET"]}}],"collection":[{"href":"https:\/\/www.logico2.com\/es\/wp-json\/wp\/v2\/pages"}],"about":[{"href":"https:\/\/www.logico2.com\/es\/wp-json\/wp\/v2\/types\/page"}],"author":[{"embeddable":true,"href":"https:\/\/www.logico2.com\/es\/wp-json\/wp\/v2\/users\/3"}],"replies":[{"embeddable":true,"href":"https:\/\/www.logico2.com\/es\/wp-json\/wp\/v2\/comments?post=12254"}],"version-history":[{"count":13,"href":"https:\/\/www.logico2.com\/es\/wp-json\/wp\/v2\/pages\/12254\/revisions"}],"predecessor-version":[{"id":14097,"href":"https:\/\/www.logico2.com\/es\/wp-json\/wp\/v2\/pages\/12254\/revisions\/14097"}],"up":[{"embeddable":true,"href":"https:\/\/www.logico2.com\/es\/wp-json\/wp\/v2\/pages\/3873"}],"wp:featuredmedia":[{"embeddable":true,"href":"https:\/\/www.logico2.com\/es\/wp-json\/wp\/v2\/media\/7472"}],"wp:attachment":[{"href":"https:\/\/www.logico2.com\/es\/wp-json\/wp\/v2\/media?parent=12254"}],"curies":[{"name":"wp","href":"https:\/\/api.w.org\/{rel}","templated":true}]}}