{"id":3685,"date":"2018-02-26T15:01:50","date_gmt":"2018-02-26T15:01:50","guid":{"rendered":"https:\/\/www.logico2.com\/wissensdatenbank\/"},"modified":"2018-02-26T15:21:05","modified_gmt":"2018-02-26T15:21:05","slug":"wissensdatenbank","status":"publish","type":"page","link":"https:\/\/www.logico2.com\/de\/wissensdatenbank\/","title":{"rendered":"Wissensdatenbank"},"content":{"rendered":"<h2>Was ist CO<sub>2<\/sub>?<\/h2>\n<p><img loading=\"lazy\" decoding=\"async\" class=\"size-full wp-image-1199 alignright\" src=\"https:\/\/www.logico2.com\/app\/uploads\/421_1293_1423567727_w117.png\" alt=\"\" width=\"117\" height=\"118\" \/>CO<sub>2<\/sub> ist ein nat\u00fcrliches Gas, das in der Erdatmosph\u00e4re vorkommt. Es ist unsichtbar, geruchlos und um 50% schwerer als Luft. CO<sub>2<\/sub> ist ein Hauptprodukt aus Verbrennungsprozessen und aus dem nat\u00fcrlichen Stoffwechsel lebender Organismen.<\/p>\n<p>Der Mensch atmet Sauerstoff ein und Kohlendioxid aus. Die CO<sub>2<\/sub>-Konzentration in ausgeatmeter Luft liegt ziemlich konstant bei 3,8 % (38.000 ppm). Wenn CO<sub>2<\/sub> ausgeatmet wird, wird es schnell mit der Umgebungsluft vermischt; bei guter Bel\u00fcftung wird die Konzentration auf ungef\u00e4hrliche Werte reduziert. CO<sub>2<\/sub>-Werte in Innenr\u00e4umen variieren in der Regel zwischen 400 und 2000 ppm (parts per million). CO<sub>2<\/sub>-Werte in Au\u00dfenbereichen liegen abh\u00e4ngig von der Jahreszeit bei  350 &#8211; 450 ppm. Stark industrialisierte oder kontaminierte Bereiche k\u00f6nnen zeitweise eine CO<sub>2<\/sub>-Konzentration von bis zu 800 ppm aufweisen. CO<sub>2<\/sub>-Konzentrationen im Freien sind in Gebieten mit starkem Verkehr h\u00f6her.<\/p>\n<p>CO<sub>2<\/sub> wird durch Atmung, Br\u00e4nde, Autos, fehlerhaftes Mischen von Reinigungsmitteln und durch G\u00e4rung erzeugt. CO<sub>2<\/sub> ist ein heimt\u00fcckisches Gas, obwohl es an sich nicht als giftig eingestuft wurde. Es ist in kleinen Mengen harmlos, aber in hohen Konzentrationen t\u00f6dlich. Da das Gas geruchlos ist, kann es ohne Messger\u00e4te nicht detektiert werden; es gab viele t\u00f6dliche Unf\u00e4lle in z. B. Bierkellern und in modernen Restaurants, in denen gro\u00dfe Mengen CO<sub>2<\/sub> zur Zubereitung von Erfrischungsgetr\u00e4nken zum Einsatz kommen. Dies trifft auch f\u00fcr andere Orte zu, an denen CO<sub>2<\/sub> zur Wasseraufbereitung eingesetzt wird.<br \/>\nCO<sub>2<\/sub> darf nicht mit Kohlenmonoxid (CO) verwechselt werden, einem sehr giftigen Gas, das Nebenprodukt einer schlechten Verbrennung in Autos und \u00d6fen ist. Kohlenmonoxid ist schon bei sehr niedrigen Konzentrationen (25 bis 50 ppm) gef\u00e4hrlich.<\/p>\n<p>&nbsp;<\/p>\n<h2>Wof\u00fcr wird CO<sub>2<\/sub> verwendet?<\/h2>\n<p><img loading=\"lazy\" decoding=\"async\" class=\"size-full wp-image-1200 alignright\" src=\"https:\/\/www.logico2.com\/app\/uploads\/420_1294_1423567734_w117.png\" alt=\"\" width=\"117\" height=\"118\" \/>CO<sub>2<\/sub> ist ein technisches Gas, dessen Verwendung derzeit weltweit am st\u00e4rksten w\u00e4chst; es hat eine Vielzahl von Anwendungen, die von K\u00e4ltemitteln in K\u00fchlsystemen, der Ph-Wert-Einstellung in Schwimmb\u00e4dern, dem Einfrieren von Lebensmitteln, der industriellen Reinigung, der chemischen Reinigung (Trockenreinigung), der Verwendung als Zusatzstoff in Lebensmitteln, der Herstellung von Erfrischungsgetr\u00e4nken und zahlreichen anderen Anwendungen reichen.<\/p>\n<p>Die Messung von CO<sub>2<\/sub> in Innenbereichen liefert ein dynamisches Gleichgewicht zwischen der durch Personen verursachten CO<sub>2<\/sub>-Erzeugung im Raum und der Menge der niedrigen CO<sub>2<\/sub>-Konzentration der durch die L\u00fcftung zugef\u00fchrten Au\u00dfenluft. Nur wenige Gase haben so unterschiedliche Anwendungsbereiche wie CO<sub>2<\/sub>. Interesse und Nachfrage nach dem Gas nehmen stark zu. Das liegt vor allem daran, dass es die umweltfreundlichste Alternative zu vielen verschiedenen, in der heutigen modernen Gesellschaft verwendeten Gefahrstoffen darstellt. Zur Gew\u00e4hrleistung der Sicherheit wurden neue Gesetze verabschiedet.<\/p>\n<p>CO<sub>2<\/sub> wird in den meisten modernen Schlachth\u00e4usern zum Einschl\u00e4fern der Tiere verwendet. Dies wird von vielen Menschen als humane Methode zur \u201eBet\u00e4ubung\u201c der Tiere angesehen.<\/p>\n","protected":false},"excerpt":{"rendered":"<p>Was ist CO2? CO2 ist ein nat\u00fcrliches Gas, das in der Erdatmosph\u00e4re vorkommt. Es ist unsichtbar, geruchlos und um 50% schwerer als Luft. CO2 ist ein Hauptprodukt aus Verbrennungsprozessen und aus dem nat\u00fcrlichen Stoffwechsel lebender Organismen. Der Mensch atmet Sauerstoff ein und Kohlendioxid aus. Die CO2-Konzentration in ausgeatmeter Luft liegt ziemlich konstant bei 3,8 % [&hellip;]<\/p>\n","protected":false},"author":1,"featured_media":0,"parent":0,"menu_order":2,"comment_status":"closed","ping_status":"closed","template":"","meta":{"_acf_changed":false,"footnotes":""},"class_list":["post-3685","page","type-page","status-publish","hentry"],"acf":[],"yoast_head":"<!-- This site is optimized with the Yoast SEO plugin v25.9 - https:\/\/yoast.com\/wordpress\/plugins\/seo\/ -->\n<title>Wissensdatenbank - Logico2<\/title>\n<meta name=\"robots\" content=\"index, follow, max-snippet:-1, max-image-preview:large, max-video-preview:-1\" \/>\n<link rel=\"canonical\" href=\"https:\/\/www.logico2.com\/de\/wissensdatenbank\/\" \/>\n<meta property=\"og:locale\" content=\"de_DE\" \/>\n<meta property=\"og:type\" content=\"article\" \/>\n<meta property=\"og:title\" content=\"Wissensdatenbank - Logico2\" \/>\n<meta property=\"og:description\" content=\"Was ist CO2? CO2 ist ein nat\u00fcrliches Gas, das in der Erdatmosph\u00e4re vorkommt. Es ist unsichtbar, geruchlos und um 50% schwerer als Luft. CO2 ist ein Hauptprodukt aus Verbrennungsprozessen und aus dem nat\u00fcrlichen Stoffwechsel lebender Organismen. Der Mensch atmet Sauerstoff ein und Kohlendioxid aus. Die CO2-Konzentration in ausgeatmeter Luft liegt ziemlich konstant bei 3,8 % [&hellip;]\" \/>\n<meta property=\"og:url\" content=\"https:\/\/www.logico2.com\/de\/wissensdatenbank\/\" \/>\n<meta property=\"og:site_name\" content=\"Logico2\" \/>\n<meta property=\"article:modified_time\" content=\"2018-02-26T15:21:05+00:00\" \/>\n<meta property=\"og:image\" content=\"https:\/\/www.logico2.com\/app\/uploads\/421_1293_1423567727_w117.png\" \/>\n\t<meta property=\"og:image:width\" content=\"117\" \/>\n\t<meta property=\"og:image:height\" content=\"118\" \/>\n\t<meta property=\"og:image:type\" content=\"image\/png\" \/>\n<meta name=\"twitter:card\" content=\"summary_large_image\" \/>\n<meta name=\"twitter:label1\" content=\"Est. reading time\" \/>\n\t<meta name=\"twitter:data1\" content=\"2 minutes\" \/>\n<script type=\"application\/ld+json\" class=\"yoast-schema-graph\">{\"@context\":\"https:\/\/schema.org\",\"@graph\":[{\"@type\":\"WebPage\",\"@id\":\"https:\/\/www.logico2.com\/de\/wissensdatenbank\/\",\"url\":\"https:\/\/www.logico2.com\/de\/wissensdatenbank\/\",\"name\":\"Wissensdatenbank - Logico2\",\"isPartOf\":{\"@id\":\"https:\/\/www.logico2.com\/#website\"},\"primaryImageOfPage\":{\"@id\":\"https:\/\/www.logico2.com\/de\/wissensdatenbank\/#primaryimage\"},\"image\":{\"@id\":\"https:\/\/www.logico2.com\/de\/wissensdatenbank\/#primaryimage\"},\"thumbnailUrl\":\"https:\/\/www.logico2.com\/app\/uploads\/421_1293_1423567727_w117.png\",\"datePublished\":\"2018-02-26T15:01:50+00:00\",\"dateModified\":\"2018-02-26T15:21:05+00:00\",\"breadcrumb\":{\"@id\":\"https:\/\/www.logico2.com\/de\/wissensdatenbank\/#breadcrumb\"},\"inLanguage\":\"de-DE\",\"potentialAction\":[{\"@type\":\"ReadAction\",\"target\":[\"https:\/\/www.logico2.com\/de\/wissensdatenbank\/\"]}]},{\"@type\":\"ImageObject\",\"inLanguage\":\"de-DE\",\"@id\":\"https:\/\/www.logico2.com\/de\/wissensdatenbank\/#primaryimage\",\"url\":\"https:\/\/www.logico2.com\/app\/uploads\/421_1293_1423567727_w117.png\",\"contentUrl\":\"https:\/\/www.logico2.com\/app\/uploads\/421_1293_1423567727_w117.png\"},{\"@type\":\"BreadcrumbList\",\"@id\":\"https:\/\/www.logico2.com\/de\/wissensdatenbank\/#breadcrumb\",\"itemListElement\":[{\"@type\":\"ListItem\",\"position\":1,\"name\":\"Home\",\"item\":\"https:\/\/www.logico2.com\/de\/\"},{\"@type\":\"ListItem\",\"position\":2,\"name\":\"Wissensdatenbank\"}]},{\"@type\":\"WebSite\",\"@id\":\"https:\/\/www.logico2.com\/#website\",\"url\":\"https:\/\/www.logico2.com\/\",\"name\":\"Logico2\",\"description\":\"CO2-Sicherheitsl\u00f6sungen\",\"potentialAction\":[{\"@type\":\"SearchAction\",\"target\":{\"@type\":\"EntryPoint\",\"urlTemplate\":\"https:\/\/www.logico2.com\/?s={search_term_string}\"},\"query-input\":{\"@type\":\"PropertyValueSpecification\",\"valueRequired\":true,\"valueName\":\"search_term_string\"}}],\"inLanguage\":\"de-DE\"}]}<\/script>\n<!-- \/ Yoast SEO plugin. -->","yoast_head_json":{"title":"Wissensdatenbank - Logico2","robots":{"index":"index","follow":"follow","max-snippet":"max-snippet:-1","max-image-preview":"max-image-preview:large","max-video-preview":"max-video-preview:-1"},"canonical":"https:\/\/www.logico2.com\/de\/wissensdatenbank\/","og_locale":"de_DE","og_type":"article","og_title":"Wissensdatenbank - Logico2","og_description":"Was ist CO2? CO2 ist ein nat\u00fcrliches Gas, das in der Erdatmosph\u00e4re vorkommt. Es ist unsichtbar, geruchlos und um 50% schwerer als Luft. CO2 ist ein Hauptprodukt aus Verbrennungsprozessen und aus dem nat\u00fcrlichen Stoffwechsel lebender Organismen. Der Mensch atmet Sauerstoff ein und Kohlendioxid aus. Die CO2-Konzentration in ausgeatmeter Luft liegt ziemlich konstant bei 3,8 % [&hellip;]","og_url":"https:\/\/www.logico2.com\/de\/wissensdatenbank\/","og_site_name":"Logico2","article_modified_time":"2018-02-26T15:21:05+00:00","og_image":[{"width":117,"height":118,"url":"https:\/\/www.logico2.com\/app\/uploads\/421_1293_1423567727_w117.png","type":"image\/png"}],"twitter_card":"summary_large_image","twitter_misc":{"Est. reading time":"2 minutes"},"schema":{"@context":"https:\/\/schema.org","@graph":[{"@type":"WebPage","@id":"https:\/\/www.logico2.com\/de\/wissensdatenbank\/","url":"https:\/\/www.logico2.com\/de\/wissensdatenbank\/","name":"Wissensdatenbank - Logico2","isPartOf":{"@id":"https:\/\/www.logico2.com\/#website"},"primaryImageOfPage":{"@id":"https:\/\/www.logico2.com\/de\/wissensdatenbank\/#primaryimage"},"image":{"@id":"https:\/\/www.logico2.com\/de\/wissensdatenbank\/#primaryimage"},"thumbnailUrl":"https:\/\/www.logico2.com\/app\/uploads\/421_1293_1423567727_w117.png","datePublished":"2018-02-26T15:01:50+00:00","dateModified":"2018-02-26T15:21:05+00:00","breadcrumb":{"@id":"https:\/\/www.logico2.com\/de\/wissensdatenbank\/#breadcrumb"},"inLanguage":"de-DE","potentialAction":[{"@type":"ReadAction","target":["https:\/\/www.logico2.com\/de\/wissensdatenbank\/"]}]},{"@type":"ImageObject","inLanguage":"de-DE","@id":"https:\/\/www.logico2.com\/de\/wissensdatenbank\/#primaryimage","url":"https:\/\/www.logico2.com\/app\/uploads\/421_1293_1423567727_w117.png","contentUrl":"https:\/\/www.logico2.com\/app\/uploads\/421_1293_1423567727_w117.png"},{"@type":"BreadcrumbList","@id":"https:\/\/www.logico2.com\/de\/wissensdatenbank\/#breadcrumb","itemListElement":[{"@type":"ListItem","position":1,"name":"Home","item":"https:\/\/www.logico2.com\/de\/"},{"@type":"ListItem","position":2,"name":"Wissensdatenbank"}]},{"@type":"WebSite","@id":"https:\/\/www.logico2.com\/#website","url":"https:\/\/www.logico2.com\/","name":"Logico2","description":"CO2-Sicherheitsl\u00f6sungen","potentialAction":[{"@type":"SearchAction","target":{"@type":"EntryPoint","urlTemplate":"https:\/\/www.logico2.com\/?s={search_term_string}"},"query-input":{"@type":"PropertyValueSpecification","valueRequired":true,"valueName":"search_term_string"}}],"inLanguage":"de-DE"}]}},"_links":{"self":[{"href":"https:\/\/www.logico2.com\/de\/wp-json\/wp\/v2\/pages\/3685","targetHints":{"allow":["GET"]}}],"collection":[{"href":"https:\/\/www.logico2.com\/de\/wp-json\/wp\/v2\/pages"}],"about":[{"href":"https:\/\/www.logico2.com\/de\/wp-json\/wp\/v2\/types\/page"}],"author":[{"embeddable":true,"href":"https:\/\/www.logico2.com\/de\/wp-json\/wp\/v2\/users\/1"}],"replies":[{"embeddable":true,"href":"https:\/\/www.logico2.com\/de\/wp-json\/wp\/v2\/comments?post=3685"}],"version-history":[{"count":1,"href":"https:\/\/www.logico2.com\/de\/wp-json\/wp\/v2\/pages\/3685\/revisions"}],"predecessor-version":[{"id":3769,"href":"https:\/\/www.logico2.com\/de\/wp-json\/wp\/v2\/pages\/3685\/revisions\/3769"}],"wp:attachment":[{"href":"https:\/\/www.logico2.com\/de\/wp-json\/wp\/v2\/media?parent=3685"}],"curies":[{"name":"wp","href":"https:\/\/api.w.org\/{rel}","templated":true}]}}