{"id":3683,"date":"2018-02-26T15:01:50","date_gmt":"2018-02-26T15:01:50","guid":{"rendered":"https:\/\/www.logico2.com\/vorschriften-und-gesetze\/"},"modified":"2025-03-17T12:12:34","modified_gmt":"2025-03-17T12:12:34","slug":"vorschriften-und-gesetze","status":"publish","type":"page","link":"https:\/\/www.logico2.com\/de\/wissensdatenbank\/vorschriften-und-gesetze\/","title":{"rendered":"Vorschriften und Gesetze"},"content":{"rendered":"<h1>CO<sub>2<\/sub>-Richtlinien<img loading=\"lazy\" decoding=\"async\" class=\"size-full wp-image-1201 alignright\" src=\"https:\/\/www.logico2.com\/app\/uploads\/422_1156_1423567975_w117.png\" alt=\"\" width=\"117\" height=\"118\" \/><\/h1>\n<p>Eine Vielzahl von Risikobewertungsanalysen kommen zum gleichen Ergebnis: Unter Einbeziehung des menschlichen Faktors ist das Risiko, sch\u00e4dlichen CO2-Gehalten ausgesetzt zu sein, die IDLH-Werte (Immediate Danger to Life and Health) erreichen, in unserer heutigen, modernen Gesellschaft nicht akzeptabel. Aufgrund dieser Gefahr haben viele L\u00e4nder wie Deutschland, Holland, Belgien, England, Schweden, D\u00e4nemark und andere L\u00e4nder direkte STEL-Werte (Short Time Exposure Limits, Kurzzeitgrenzwerte) festgelegt, die nicht \u00fcberschritten werden d\u00fcrfen.<\/p>\n<p>In der weltgr\u00f6\u00dften Fast-Food-Kette sind CO2-Sicherheitssysteme in allen 33.000 Filialen Pflicht. In Deutschland und Holland wurden au\u00dferdem Gesetze erlassen, die CO2-Sicherheitssysteme vorschreiben, wenn die Gefahr einer Aussetzung gegen\u00fcber sch\u00e4dlichen CO2-Gehalten besteht.<\/p>\n<p>Dies \u2013 sowie die EU-Richtlinie 2006\/15\/EG, OSHA, die Australische Norm 5034-2005 und die Empfehlungen des ACGIH hinsichtlich der Kurzzeitgrenzwerte (STEL) und der TWA-Grenzwerte (Time Weighted Average, zeitlich gewichtetes Mittel) von 5000 ppm \u2013 zeigen, dass die Notwendigkeit zur Installation eines diesen Vorschriften entsprechenden CO2-Sicherheitssystems klar auf der Hand liegt; dies nicht zu tun, w\u00e4re sowohl gegen\u00fcber dem Personal als auch gegen\u00fcber den Kunden unverantwortlich.<\/p>\n<h1>Vereinigte Staaten<\/h1>\n<p>Aktuelle nationale Normen und Gesetze der USA sowie CGA-Richtlinien (nichtregulatorische Richtlinien), die sich auf die Anforderungen an die Detektion von CO2 auswirken, werden im Folgenden detailliert beschrieben.\u00a0Beachten Sie, dass dies nicht notwendigerweise das ist, worauf bestimmte Bundesstaaten oder Stadtbeh\u00f6rden ihre Richtlinien gr\u00fcnden oder durchsetzen:<\/p>\n<h3>Internationales Brandschutzgesetz:\u00a0 2018 IFC \u2013 hier gibt es zwei verschiedene Abschnitte zu CO2<\/h3>\n<p style=\"padding-left: 30px;\"><strong>2018 IFC \u2013 Abschnitt 5307 Anderweitig nicht regulierte komprimierte Gase<\/strong><br \/>\n5307.3 Isolierte Fl\u00fcssigkohlendioxid-Systeme f\u00fcr die Getr\u00e4nkeabf\u00fcllung<br \/>\n5307.3.2 Gasdetektionssystem &#8211; Wenn keine Bel\u00fcftung gem\u00e4\u00df Abschnitt<br \/>\nvorgesehen ist.5307.3.1, ein Gasdetektionssystem in R\u00e4umen oder Innenbereichen sowie in unterirdischen Au\u00dfenbereichen mit isolierten Kohlendioxidanlagen vorzusehen. In Bereichen, in denen sich voraussichtlich Gas ansammeln wird, sind in einer H\u00f6he von 30 cm \u00fcber dem Boden Kohlendioxid-Sensoren vorzusehen\u2026 5307.3.2.1. Aktivierung eines akustischen und sichtbaren \u00dcberwachungsalarms\u2026ab einer Konzentration von 5000 ppm\u2026<br \/>\n5307.3.2.2. Aktivierung eines akustischen und sichtbaren Alarms\u2026ab einer Konzentration von 30.000 ppm\u2026<\/p>\n<p style=\"padding-left: 30px;\"><strong>Kapitel 50 Gefahrstoffe &#8211; Allgemeine Bestimmungen <\/strong><br \/>\n5005.1.12 Isolierung im Notfall. Wenn Gase oder Fl\u00fcssigkeiten die Gefahrenstufe der Gesundheitsklasse 3 erreichen\u2026muss eine zugelassene Einrichtung zur Lecksuche zur Verf\u00fcgung gestellt werden\u2026<\/p>\n<h3>National Fire Protection Association: 2016 NFPA 55 Komprimierte Gase und kryogene Fl\u00fcssigkeiten, Code 2016 Ausgabe<\/h3>\n<p style=\"padding-left: 30px;\"><strong>2016 NFPA 55 Kapitel 13 Isolierte Fl\u00fcssigkohlendioxid-Systeme<\/strong><br \/>\n13.2 Unisolierte Kohlendioxid-Druckgassysteme. Die Lagerung, Verwendung und Handhabung von Kohlendioxid in nicht isolierten Systemen muss den Bestimmungen des Kapitels 13 und der Kapitel 1 bis 7 entsprechen.<br \/>\n13.10 Kohlendioxid-Getr\u00e4nkeanlagen<br \/>\n13.10.1 Allgemeines. Systeme mit mehr als 45 kg in Getr\u00e4nkeschankanlagen verwendetem Kohlendioxid m\u00fcssen Abschnitten 13.10.2 bis 13.10.4 entsprechen.<br \/>\n13.10.2 Ausr\u00fcstung. Die Lagerung, Verwendung und Handhabung von Kohlendioxid muss in \u00dcbereinstimmung mit Kapiteln 1 bis 7 und gegebenenfalls mit den Anforderungen dieses Kapitels erfolgen.<br \/>\n13.10.4 Erforderlicher Schutz. Kohlendioxid-Lagertanks, -Flaschen, -Rohrleitungen und -Ger\u00e4te, die sich in Innenr\u00e4umen, in R\u00e4umen und anderen Bereichen befinden, in denen sich Kohlendioxid-Leckmengen ansammeln k\u00f6nnen, m\u00fcssen mit einem\u2026Notrufsystem gem\u00e4\u00df 13.10.4.2 versehen sein.13.6.2 R\u00e4ume oder Bereiche, in denen Containersysteme bef\u00fcllt und in Innenr\u00e4umen oder in geschlossenen Au\u00dfenbereichen verwendet werden, m\u00fcssen mit einem Gasdetektions- und Alarmsystem ausgestattet sein, das in der Lage sein muss,\u2026bei oder ab\u2026PEL\u2026und STEL\u2026zu erkennen und zu melden.Die Verwendung von konservativeren Sollwerten ist zul\u00e4ssig.<br \/>\n13.6.2 R\u00e4ume oder Bereiche, in denen Containersysteme bef\u00fcllt und in Innenr\u00e4umen oder in geschlossenen Au\u00dfenbereichen verwendet werden, m\u00fcssen mit einem Gasdetektions- und Alarmsystem ausgestattet sein, das in der Lage sein muss,\u2026bei oder ab\u2026PEL\u2026und STEL\u2026zu erkennen und zu melden.Die Verwendung von konservativeren Sollwerten ist zul\u00e4ssig.<\/p>\n<h3>National Board Inspection Code f\u00fcr ASME-Druckbeh\u00e4lter: 2017 NBIC<\/h3>\n<p>F\u00fcr Lagerbeh\u00e4lter mit fl\u00fcssigem Kohlendioxid gelten zwei NBIC-Erg\u00e4nzungen<br \/>\n.<\/p>\n<p style=\"padding-left: 30px;\"><strong>2017 NBIC Teil 1 Erg\u00e4nzung 3<\/strong><em> f\u00fcr Installationen <\/em><br \/>\n<strong>2017 NBIC Teil 2 Erg\u00e4nzung 12<\/strong> <em> f\u00fcr Pr\u00fcfungen<br \/>\n<\/em>Beide NBIC-Erg\u00e4nzungen schreiben vor, dass \u201eeine kontinuierliche Gasdetektion in R\u00e4umen oder Bereichen, in denen Containersysteme bef\u00fcllt und verwendet werden, in Bereichen, in denen sich Gase, die schwerer sind als Luft, ansammeln k\u00f6nnen, sowie in unterirdischen Au\u00dfenbereichen vorgesehen sein muss\u2026In Bereichen, in denen sich voraussichtlich Gas ansammeln wird, oder wo das Auftreten von Leckagen am wahrscheinlichsten ist, sind in einer H\u00f6he von 30 cm \u00fcber dem Boden CO2-Sensoren vorzusehen.\u201c<br \/>\na) Der Schwellwert f\u00fcr die Aktivierung der niedrigen Alarmstufe darf eine Konzentration von 5000 ppm im zeitlich gewichteten Mittel \u00fcber 8 Stunden nicht \u00fcberschreiten.<br \/>\nb) Der Schwellwert f\u00fcr die Aktivierung des hohen Alarmstufe darf eine\u2026Konzentration von 30.000 ppm\u2026nicht \u00fcberschreiten.<\/p>\n<h3>Occupational Safety and Health Administration: OSHA 29 CFR 1910.1000 Tabelle Z-1<\/h3>\n<p>Toxische und gef\u00e4hrliche Stoffe, Grenzwerte f\u00fcr Luftschadstoffe: PEL f\u00fcr Kohlendioxid (zul\u00e4ssige Expositionsgrenze) &#8211; 5000 ppm zeitlich gewichtetes Mittel \u00fcber 8 Stunden, STEL \u2013 30.000 ppm<\/p>\n<h3>Compressed Gas Association:\u00a0CGA G-6.5 \u2013 2013 Norm f\u00fcr kleine, station\u00e4re isolierte Kohlendioxid-Versorgungsanlagen, vierte Ausgabe\u00a0(nichtregulatorisch)<\/h3>\n<p style=\"padding-left: 30px;\"><strong>3.6 Kohlendioxid-Lecksuchsystem <\/strong><br \/>\nInnenbereiche, R\u00e4ume oder geschlossene Au\u00dfenbereiche, in denen kleine isolierte Kohlendioxidanlagen bef\u00fcllt und genutzt werden, m\u00fcssen mit einem Leckerkennungs- und Alarmsystem ausgestattet sein. Dieses System muss in der Lage sein,\u2026bei oder \u00fcber\u2026PEL&#8230;und \u2026STEL zu detektieren und zu melden&#8230; Es d\u00fcrfen konservativere Sollwerte verwendet werden.<\/p>\n<p>.<\/p>\n<h3>Compressed Gas Association: CGA G-6.3 &#8211; 2013 Verfahren zur F\u00fcllung und Handhabung von mit Kohlendioxid gef\u00fcllten Flaschen (nichtregulatorisch)<\/h3>\n<p style=\"padding-left: 30px;\"><strong>3.5 Sicherheitshinweise<br \/>\n<\/strong>&#8230;.Die \u00dcberwachung von Kohlendioxid ist durchzuf\u00fchren, bevor ein Bereich betreten wird, in dem sich Kohlendioxidgas ansammeln kann\u2026<\/p>\n<h1>Europa<\/h1>\n<h3><a href=\"http:\/\/eur-lex.europa.eu\/LexUriServ\/LexUriServ.do?uri=CELEX:31998L0024:en:HTML\" target=\"_blank\" rel=\"noopener noreferrer\">Die Richtlinie 98\/24\/EG des Europ\u00e4ischen Rates vom 7. April 1998<\/a><\/h3>\n<p style=\"padding-left: 30px;\"><strong>Artikel 7, Abschnitt 4, legt klar fest, dass der Arbeitgeber die notwendigen Ma\u00dfnahmen zu ergreifen hat, um eine Warneinrichtung vorzusehen, die bei einem erh\u00f6hten Sicherheits- und Gesundheitsrisiko einen Alarm ausgibt: <\/strong><br \/>\n-\u201eDer Arbeitgeber hat die erforderlichen Ma\u00dfnahmen zu treffen, um Warn- und sonstigen Kommunikationssysteme bereitzustellen, die erforderlich sind, um ein erh\u00f6htes Sicherheits- und Gesundheitsrisiko anzuzeigen, angemessene Reaktionen zu erm\u00f6glichen und bei Bedarf unverz\u00fcglich Abhilfema\u00dfnahmen, Hilfeleistungen, Flucht- und Rettungsaktionen einzuleiten.<\/p>\n<h3><a href=\"http:\/\/eur-lex.europa.eu\/LexUriServ\/LexUriServ.do?uri=OJ:L:2006:038:0036:0039:de:PDF\" target=\"_blank\" rel=\"noopener noreferrer\">Die RICHTLINIE 2006\/15\/EC<\/a><\/h3>\n<p style=\"padding-left: 30px;\"><strong>Die Richtlinie 2006\/15\/CE<\/strong> stellt eine zweite Liste an Arbeitsplatz-Richtgrenzwerten f\u00fcr die Umsetzung der<br \/>\nRichtliniedes Rates 98\/24\/EG zur Verf\u00fcgung. Im Anhang der Richtlinie ist ein TWA-Grenzwert von 5000 ppm eindeutig festgelegt; dieser darf nicht \u00fcberschritten werden.<\/p>\n<h3><a href=\"http:\/\/www.hse.gov.uk\/pubns\/books\/eh40.htm\">EH40\/2005 Arbeitsplatzgrenzwerte im Vereinigten K\u00f6nigreich<\/a><\/h3>\n<p>&nbsp;<\/p>\n<h3><a href=\"http:\/\/www.emploi.belgique.be\/defaultTab.aspx?id=616#1\">Schutz der Gesundheit und Sicherheit der Arbeitnehmer vor den Gefahren chemischer Arbeitsstoffe am Arbeitsplatz in Belgien<\/a><\/h3>\n","protected":false},"excerpt":{"rendered":"<p>CO2-Richtlinien Eine Vielzahl von Risikobewertungsanalysen kommen zum gleichen Ergebnis: Unter Einbeziehung des menschlichen Faktors ist das Risiko, sch\u00e4dlichen CO2-Gehalten ausgesetzt zu sein, die IDLH-Werte (Immediate Danger to Life and Health) erreichen, in unserer heutigen, modernen Gesellschaft nicht akzeptabel. Aufgrund dieser Gefahr haben viele L\u00e4nder wie Deutschland, Holland, Belgien, England, Schweden, D\u00e4nemark und andere L\u00e4nder direkte [&hellip;]<\/p>\n","protected":false},"author":1,"featured_media":3239,"parent":3685,"menu_order":0,"comment_status":"closed","ping_status":"closed","template":"","meta":{"_acf_changed":false,"footnotes":""},"class_list":["post-3683","page","type-page","status-publish","has-post-thumbnail","hentry"],"acf":[],"yoast_head":"<!-- This site is optimized with the Yoast SEO plugin v25.9 - https:\/\/yoast.com\/wordpress\/plugins\/seo\/ -->\n<title>Vorschriften und Gesetze - Logico2<\/title>\n<meta name=\"robots\" content=\"index, follow, max-snippet:-1, max-image-preview:large, max-video-preview:-1\" \/>\n<link rel=\"canonical\" href=\"https:\/\/www.logico2.com\/de\/wissensdatenbank\/vorschriften-und-gesetze\/\" \/>\n<meta property=\"og:locale\" content=\"de_DE\" \/>\n<meta property=\"og:type\" content=\"article\" \/>\n<meta property=\"og:title\" content=\"Vorschriften und Gesetze - Logico2\" \/>\n<meta property=\"og:description\" content=\"CO2-Richtlinien Eine Vielzahl von Risikobewertungsanalysen kommen zum gleichen Ergebnis: Unter Einbeziehung des menschlichen Faktors ist das Risiko, sch\u00e4dlichen CO2-Gehalten ausgesetzt zu sein, die IDLH-Werte (Immediate Danger to Life and Health) erreichen, in unserer heutigen, modernen Gesellschaft nicht akzeptabel. Aufgrund dieser Gefahr haben viele L\u00e4nder wie Deutschland, Holland, Belgien, England, Schweden, D\u00e4nemark und andere L\u00e4nder direkte [&hellip;]\" \/>\n<meta property=\"og:url\" content=\"https:\/\/www.logico2.com\/de\/wissensdatenbank\/vorschriften-und-gesetze\/\" \/>\n<meta property=\"og:site_name\" content=\"Logico2\" \/>\n<meta property=\"article:modified_time\" content=\"2025-03-17T12:12:34+00:00\" \/>\n<meta property=\"og:image\" content=\"https:\/\/www.logico2.com\/app\/uploads\/knowledge-icon-laws.png\" \/>\n\t<meta property=\"og:image:width\" content=\"64\" \/>\n\t<meta property=\"og:image:height\" content=\"64\" \/>\n\t<meta property=\"og:image:type\" content=\"image\/png\" \/>\n<meta name=\"twitter:card\" content=\"summary_large_image\" \/>\n<meta name=\"twitter:label1\" content=\"Est. reading time\" \/>\n\t<meta name=\"twitter:data1\" content=\"5 minutes\" \/>\n<script type=\"application\/ld+json\" class=\"yoast-schema-graph\">{\"@context\":\"https:\/\/schema.org\",\"@graph\":[{\"@type\":\"WebPage\",\"@id\":\"https:\/\/www.logico2.com\/de\/wissensdatenbank\/vorschriften-und-gesetze\/\",\"url\":\"https:\/\/www.logico2.com\/de\/wissensdatenbank\/vorschriften-und-gesetze\/\",\"name\":\"Vorschriften und Gesetze - Logico2\",\"isPartOf\":{\"@id\":\"https:\/\/www.logico2.com\/#website\"},\"primaryImageOfPage\":{\"@id\":\"https:\/\/www.logico2.com\/de\/wissensdatenbank\/vorschriften-und-gesetze\/#primaryimage\"},\"image\":{\"@id\":\"https:\/\/www.logico2.com\/de\/wissensdatenbank\/vorschriften-und-gesetze\/#primaryimage\"},\"thumbnailUrl\":\"https:\/\/www.logico2.com\/app\/uploads\/knowledge-icon-laws.png\",\"datePublished\":\"2018-02-26T15:01:50+00:00\",\"dateModified\":\"2025-03-17T12:12:34+00:00\",\"breadcrumb\":{\"@id\":\"https:\/\/www.logico2.com\/de\/wissensdatenbank\/vorschriften-und-gesetze\/#breadcrumb\"},\"inLanguage\":\"de-DE\",\"potentialAction\":[{\"@type\":\"ReadAction\",\"target\":[\"https:\/\/www.logico2.com\/de\/wissensdatenbank\/vorschriften-und-gesetze\/\"]}]},{\"@type\":\"ImageObject\",\"inLanguage\":\"de-DE\",\"@id\":\"https:\/\/www.logico2.com\/de\/wissensdatenbank\/vorschriften-und-gesetze\/#primaryimage\",\"url\":\"https:\/\/www.logico2.com\/app\/uploads\/knowledge-icon-laws.png\",\"contentUrl\":\"https:\/\/www.logico2.com\/app\/uploads\/knowledge-icon-laws.png\",\"width\":64,\"height\":64},{\"@type\":\"BreadcrumbList\",\"@id\":\"https:\/\/www.logico2.com\/de\/wissensdatenbank\/vorschriften-und-gesetze\/#breadcrumb\",\"itemListElement\":[{\"@type\":\"ListItem\",\"position\":1,\"name\":\"Home\",\"item\":\"https:\/\/www.logico2.com\/de\/\"},{\"@type\":\"ListItem\",\"position\":2,\"name\":\"Wissensdatenbank\",\"item\":\"https:\/\/www.logico2.com\/de\/wissensdatenbank\/\"},{\"@type\":\"ListItem\",\"position\":3,\"name\":\"Vorschriften und Gesetze\"}]},{\"@type\":\"WebSite\",\"@id\":\"https:\/\/www.logico2.com\/#website\",\"url\":\"https:\/\/www.logico2.com\/\",\"name\":\"Logico2\",\"description\":\"CO2-Sicherheitsl\u00f6sungen\",\"potentialAction\":[{\"@type\":\"SearchAction\",\"target\":{\"@type\":\"EntryPoint\",\"urlTemplate\":\"https:\/\/www.logico2.com\/?s={search_term_string}\"},\"query-input\":{\"@type\":\"PropertyValueSpecification\",\"valueRequired\":true,\"valueName\":\"search_term_string\"}}],\"inLanguage\":\"de-DE\"}]}<\/script>\n<!-- \/ Yoast SEO plugin. -->","yoast_head_json":{"title":"Vorschriften und Gesetze - Logico2","robots":{"index":"index","follow":"follow","max-snippet":"max-snippet:-1","max-image-preview":"max-image-preview:large","max-video-preview":"max-video-preview:-1"},"canonical":"https:\/\/www.logico2.com\/de\/wissensdatenbank\/vorschriften-und-gesetze\/","og_locale":"de_DE","og_type":"article","og_title":"Vorschriften und Gesetze - Logico2","og_description":"CO2-Richtlinien Eine Vielzahl von Risikobewertungsanalysen kommen zum gleichen Ergebnis: Unter Einbeziehung des menschlichen Faktors ist das Risiko, sch\u00e4dlichen CO2-Gehalten ausgesetzt zu sein, die IDLH-Werte (Immediate Danger to Life and Health) erreichen, in unserer heutigen, modernen Gesellschaft nicht akzeptabel. Aufgrund dieser Gefahr haben viele L\u00e4nder wie Deutschland, Holland, Belgien, England, Schweden, D\u00e4nemark und andere L\u00e4nder direkte [&hellip;]","og_url":"https:\/\/www.logico2.com\/de\/wissensdatenbank\/vorschriften-und-gesetze\/","og_site_name":"Logico2","article_modified_time":"2025-03-17T12:12:34+00:00","og_image":[{"width":64,"height":64,"url":"https:\/\/www.logico2.com\/app\/uploads\/knowledge-icon-laws.png","type":"image\/png"}],"twitter_card":"summary_large_image","twitter_misc":{"Est. reading time":"5 minutes"},"schema":{"@context":"https:\/\/schema.org","@graph":[{"@type":"WebPage","@id":"https:\/\/www.logico2.com\/de\/wissensdatenbank\/vorschriften-und-gesetze\/","url":"https:\/\/www.logico2.com\/de\/wissensdatenbank\/vorschriften-und-gesetze\/","name":"Vorschriften und Gesetze - Logico2","isPartOf":{"@id":"https:\/\/www.logico2.com\/#website"},"primaryImageOfPage":{"@id":"https:\/\/www.logico2.com\/de\/wissensdatenbank\/vorschriften-und-gesetze\/#primaryimage"},"image":{"@id":"https:\/\/www.logico2.com\/de\/wissensdatenbank\/vorschriften-und-gesetze\/#primaryimage"},"thumbnailUrl":"https:\/\/www.logico2.com\/app\/uploads\/knowledge-icon-laws.png","datePublished":"2018-02-26T15:01:50+00:00","dateModified":"2025-03-17T12:12:34+00:00","breadcrumb":{"@id":"https:\/\/www.logico2.com\/de\/wissensdatenbank\/vorschriften-und-gesetze\/#breadcrumb"},"inLanguage":"de-DE","potentialAction":[{"@type":"ReadAction","target":["https:\/\/www.logico2.com\/de\/wissensdatenbank\/vorschriften-und-gesetze\/"]}]},{"@type":"ImageObject","inLanguage":"de-DE","@id":"https:\/\/www.logico2.com\/de\/wissensdatenbank\/vorschriften-und-gesetze\/#primaryimage","url":"https:\/\/www.logico2.com\/app\/uploads\/knowledge-icon-laws.png","contentUrl":"https:\/\/www.logico2.com\/app\/uploads\/knowledge-icon-laws.png","width":64,"height":64},{"@type":"BreadcrumbList","@id":"https:\/\/www.logico2.com\/de\/wissensdatenbank\/vorschriften-und-gesetze\/#breadcrumb","itemListElement":[{"@type":"ListItem","position":1,"name":"Home","item":"https:\/\/www.logico2.com\/de\/"},{"@type":"ListItem","position":2,"name":"Wissensdatenbank","item":"https:\/\/www.logico2.com\/de\/wissensdatenbank\/"},{"@type":"ListItem","position":3,"name":"Vorschriften und Gesetze"}]},{"@type":"WebSite","@id":"https:\/\/www.logico2.com\/#website","url":"https:\/\/www.logico2.com\/","name":"Logico2","description":"CO2-Sicherheitsl\u00f6sungen","potentialAction":[{"@type":"SearchAction","target":{"@type":"EntryPoint","urlTemplate":"https:\/\/www.logico2.com\/?s={search_term_string}"},"query-input":{"@type":"PropertyValueSpecification","valueRequired":true,"valueName":"search_term_string"}}],"inLanguage":"de-DE"}]}},"_links":{"self":[{"href":"https:\/\/www.logico2.com\/de\/wp-json\/wp\/v2\/pages\/3683","targetHints":{"allow":["GET"]}}],"collection":[{"href":"https:\/\/www.logico2.com\/de\/wp-json\/wp\/v2\/pages"}],"about":[{"href":"https:\/\/www.logico2.com\/de\/wp-json\/wp\/v2\/types\/page"}],"author":[{"embeddable":true,"href":"https:\/\/www.logico2.com\/de\/wp-json\/wp\/v2\/users\/1"}],"replies":[{"embeddable":true,"href":"https:\/\/www.logico2.com\/de\/wp-json\/wp\/v2\/comments?post=3683"}],"version-history":[{"count":4,"href":"https:\/\/www.logico2.com\/de\/wp-json\/wp\/v2\/pages\/3683\/revisions"}],"predecessor-version":[{"id":19224,"href":"https:\/\/www.logico2.com\/de\/wp-json\/wp\/v2\/pages\/3683\/revisions\/19224"}],"up":[{"embeddable":true,"href":"https:\/\/www.logico2.com\/de\/wp-json\/wp\/v2\/pages\/3685"}],"wp:featuredmedia":[{"embeddable":true,"href":"https:\/\/www.logico2.com\/de\/wp-json\/wp\/v2\/media\/3239"}],"wp:attachment":[{"href":"https:\/\/www.logico2.com\/de\/wp-json\/wp\/v2\/media?parent=3683"}],"curies":[{"name":"wp","href":"https:\/\/api.w.org\/{rel}","templated":true}]}}