{"id":3669,"date":"2018-02-26T15:01:48","date_gmt":"2018-02-26T15:01:48","guid":{"rendered":"https:\/\/www.logico2.com\/co2-risiken\/"},"modified":"2025-05-12T08:00:22","modified_gmt":"2025-05-12T08:00:22","slug":"co2-risiken","status":"publish","type":"page","link":"https:\/\/www.logico2.com\/de\/wissensdatenbank\/co2-risiken\/","title":{"rendered":"CO<sub>2<\/sub>-Risiken"},"content":{"rendered":"<h1><img loading=\"lazy\" decoding=\"async\" class=\"size-full wp-image-1191 alignright\" src=\"https:\/\/www.logico2.com\/app\/uploads\/418_1146_1423566018_w495.png\" alt=\"\" width=\"495\" height=\"247\" srcset=\"https:\/\/www.logico2.com\/app\/uploads\/418_1146_1423566018_w495.png 495w, https:\/\/www.logico2.com\/app\/uploads\/418_1146_1423566018_w495-300x150.png 300w\" sizes=\"auto, (max-width: 495px) 100vw, 495px\" \/>Die Risiken von CO<sub>2<\/sub><\/h1>\n<p>Es gibt keinen Grund, sich dem Risiko gef\u00e4hrlicher Mengen von CO<sub>2<\/sub> auszusetzen!\u00a0F\u00fcr den Menschen ist schon eine geringe CO<sub>2<\/sub>-Konzentrationserh\u00f6hung in der Luft gef\u00e4hrlich. Normale Au\u00dfenluft hat eine durchschnittliche CO<sub>2<\/sub>-Konzentration von nur 0,04 %. Bei einer Konzentration von 1,5 % CO<sub>2<\/sub> reagiert der Mensch mit erh\u00f6hter Herzfrequenz; bei 4 % CO<sub>2<\/sub> besteht unmittelbare Gefahr f\u00fcr Leben und Gesundheit (IDLH).<\/p>\n<h2><\/h2>\n<p><a href=\"https:\/\/www.youtube.com\/watch?v=OTanQa9JpoQ\" target=\"_blank\" rel=\"noopener noreferrer\">Sehen Sie sich unseren Film \u00fcber sicheres Arbeiten mit CO<sub>2<\/sub> an<\/a><\/p>\n<p><img loading=\"lazy\" decoding=\"async\" class=\"size-full wp-image-1201 alignright\" src=\"https:\/\/www.logico2.com\/app\/uploads\/422_1156_1423567975_w117.png\" alt=\"\" width=\"117\" height=\"118\" \/> Da CO<sub>2<\/sub> immer h\u00e4ufiger in verschiedensten Anwendungen verwendet wird, sind die Menschen in ihrem t\u00e4glichen Leben, bei der Arbeit und in der Freizeit dem Risiko ausgesetzt, CO<sub>2<\/sub>-Konzentrationen oberhalb des IDLH-Wertes (Immediate Danger to Life and Health; Unmittelbare Gefahr f\u00fcr Leben und Gesundheit) einzuatmen. Zum Beispiel an Tankstellen, kleinen Lebensmittell\u00e4den, oder Fast-Food-Restaurants, wo kohlens\u00e4urehaltige Erfrischungsgetr\u00e4nke ausgegeben werden.<\/p>\n<p>Um Unf\u00e4lle zu vermeiden, m\u00fcssen Arbeitgeber und Mitarbeiter die Risiken der Arbeit mit CO<sub>2<\/sub>-Gas kennen, Fr\u00fchsymptome erkennen k\u00f6nnen und durch ein festes oder tragbares CO<sub>2<\/sub> Sicherheitssystem gesch\u00fctzt werden.<\/p>\n<p>Basierend auf dem \u201eTaschenbuch zu chemischen Gefahren\u201c des National Institute for Occupational Safety and Health (NIOSH) sind h\u00e4ufige Symptome einer CO<sub>2<\/sub>-Exposition Schwindel, Kopfschmerzen, schlechter Schlaf, Abgeschlagenheit, Angst, Augenver\u00e4nderungen, koronare Herzerkrankungen, Gastritis, Nieren- und Lebersch\u00e4den, Augen- und Hautverbrennungen und Hautentz\u00fcndungen. Diese Symptome treten nur dann auf, wenn der vom NIOSH-Standard empfohlene Expositionsgrenzwert (REL) und\/oder der zul\u00e4ssige Expositionsgrenzwert (PEL) der OSHA-Norm (Occupational Safety &amp; Health Administration) 5000 ppm \u00fcbersteigt.<\/p>\n<hr \/>\n<h2>Berechnung der CO<sub>2<\/sub>-Konzentration<\/h2>\n<p>.Die Kohlendioxidkonzentration in einem Raum h\u00e4ngt vom VOLUMEN des Raumes und der Menge an CO<sub>2<\/sub> ab, die in den Raum eingelassen wird. Im Falle einer Leckage sammelt sich das CO<sub>2<\/sub> vom Boden aus an (da es 1,5 mal schwerer als Luft ist). Wir haben ein benutzerfreundliches und einfaches Werkzeug zur Bewertung des Risikos eines CO<sub>2<\/sub>Lecks geschaffen.<\/p>\n<p>Geben Sie einfach die Bodenfl\u00e4che des Raumes und die Menge an CO<sub>2<\/sub> in Pfund oder Kilo in den Rechner ein. Als Standarddeckenh\u00f6he verwenden wir 2,4 Meter. Auf diese Weise berechnen wir das Volumen. Diese Berechnung zeigt Ihnen die potentielle CO<sub>2<\/sub>Konzentration und hilft Ihnen, das mit der CO<sub>2<\/sub>-Versorgung verbundene Risiko besser zu verstehen. So stellt beispielsweise ein 9 m\u00b2 gro\u00dfer Kellerraum mit einem kleinen 10 kg-CO<sub>2<\/sub>-Beh\u00e4lter ein lebensgef\u00e4hrliches Risiko dar; ein ordnungsgem\u00e4\u00dfes CO<sub>2<\/sub>-Sicherheitssystem ist hier ein Muss!<\/p>\n\n        <div class=\"co2_surround\">\n\n            <div class=\"co2_content\">\n\n                <div class=\"inputrow_cont\">\n                    \n                    <h3>CO<sub>2<\/sub> risk calculator<\/h3>\n\n                    <div class=\"inputrow\">\n                        <div class=\"units\">\n                            <div id=\"metric\" class=\"unit active\">Kilos\/Meters<\/div>\n                            <div id=\"imperial\" class=\"unit\">Pounds\/Feet<\/div>\n                        <\/div>\n                    <\/div>\n\n                    <div class=\"inputrow\">\n                        <div class=\"float-label\">\n                            <div class=\"text text_1\">KG CO<sub>2<\/sub><\/div>\n                            <input id=\"field_1\" class=\"input\" type=\"text\" \/>\n                            <img decoding=\"async\" class=\"calculator-icon\" src=\"https:\/\/www.logico2.com\/app\/themes\/logico2\/images\/calculator\/icon-co2.png\">\n                        <\/div>\n                    <\/div>\n\n                    <div class=\"inputrow\">\n                        <div class=\"float-label\">\n                            <div class=\"text text_2\">Risk Area m\u00b2<\/div>\n                            <input id=\"field_2\" class=\"input\" type=\"text\" \/>\n                            <img decoding=\"async\" class=\"calculator-icon\" src=\"https:\/\/www.logico2.com\/app\/themes\/logico2\/images\/calculator\/icon-area.png\">\n                        <\/div>\n                    <\/div>\n\n                    <div class=\"inputrow\">\n                        <div class=\"float-label active\">\n                            <div class=\"text text_3\">Ceiling height (m)<\/div>\n                            <input id=\"field_3\" class=\"input\" type=\"text\" \/>\n                            <img decoding=\"async\" class=\"calculator-icon\" src=\"https:\/\/www.logico2.com\/app\/themes\/logico2\/images\/calculator\/icon-height.png\">\n                        <\/div>\n                    <\/div>\n\n                    <div class=\"inputrow\">\n                        <div class=\"float-label active\">\n                            <div class=\"text text_4\">Altitude (m)<\/div>\n                            <select id=\"field_4\" class=\"input\"><\/select>\n                            <img decoding=\"async\" class=\"calculator-icon\" src=\"https:\/\/www.logico2.com\/app\/themes\/logico2\/images\/calculator\/icon-altitude.png\">\n                        <\/div>\n                    <\/div>\n\n                    <div class=\"inputrow\" style=\"display:flex; justify-content: center; padding-top:12px;\">\n                        <input id=\"co2_submit\" type=\"submit\" value=\"Calculate\" \/>\n                    <\/div>\n\n                <\/div>\n\n                <div class=\"result-container\">\n                    <div class=\"result\">\n                        <div class=\"headline\">CO<sub>2<\/sub> level:<\/div>\n                        <div class=\"procentage\"><\/div>\n                        <div class=\"message\"><\/div>\n                    <\/div>\n                <\/div>\n\n            <\/div>\n        <\/div>\n\n        \n<hr \/>\n<h2>Tutorium \u00fcber CO<sub>2<\/sub>, seine Anwendungen und US-Sicherheitsgesetze<\/h2>\n<p><iframe loading=\"lazy\" style=\"float: left; margin-top: 20px;\" src=\"https:\/\/www.youtube.com\/embed\/OTanQa9JpoQ?rel=0&amp;showinfo=0\" width=\"1000\" height=\"563\" frameborder=\"0\" allowfullscreen=\"allowfullscreen\"><\/iframe><\/p>\n<p>&nbsp;<\/p>\n","protected":false},"excerpt":{"rendered":"<p>Die Risiken von CO2 Es gibt keinen Grund, sich dem Risiko gef\u00e4hrlicher Mengen von CO2 auszusetzen!\u00a0F\u00fcr den Menschen ist schon eine geringe CO2-Konzentrationserh\u00f6hung in der Luft gef\u00e4hrlich. Normale Au\u00dfenluft hat eine durchschnittliche CO2-Konzentration von nur 0,04 %. Bei einer Konzentration von 1,5 % CO2 reagiert der Mensch mit erh\u00f6hter Herzfrequenz; bei 4 % CO2 besteht [&hellip;]<\/p>\n","protected":false},"author":1,"featured_media":3236,"parent":3685,"menu_order":0,"comment_status":"closed","ping_status":"closed","template":"","meta":{"_acf_changed":false,"footnotes":""},"class_list":["post-3669","page","type-page","status-publish","has-post-thumbnail","hentry"],"acf":[],"yoast_head":"<!-- This site is optimized with the Yoast SEO plugin v25.9 - https:\/\/yoast.com\/wordpress\/plugins\/seo\/ -->\n<title>CO2-Risiken - Logico2<\/title>\n<meta name=\"robots\" content=\"index, follow, max-snippet:-1, max-image-preview:large, max-video-preview:-1\" \/>\n<link rel=\"canonical\" href=\"https:\/\/www.logico2.com\/de\/wissensdatenbank\/co2-risiken\/\" \/>\n<meta property=\"og:locale\" content=\"de_DE\" \/>\n<meta property=\"og:type\" content=\"article\" \/>\n<meta property=\"og:title\" content=\"CO2-Risiken - Logico2\" \/>\n<meta property=\"og:description\" content=\"Die Risiken von CO2 Es gibt keinen Grund, sich dem Risiko gef\u00e4hrlicher Mengen von CO2 auszusetzen!\u00a0F\u00fcr den Menschen ist schon eine geringe CO2-Konzentrationserh\u00f6hung in der Luft gef\u00e4hrlich. Normale Au\u00dfenluft hat eine durchschnittliche CO2-Konzentration von nur 0,04 %. Bei einer Konzentration von 1,5 % CO2 reagiert der Mensch mit erh\u00f6hter Herzfrequenz; bei 4 % CO2 besteht [&hellip;]\" \/>\n<meta property=\"og:url\" content=\"https:\/\/www.logico2.com\/de\/wissensdatenbank\/co2-risiken\/\" \/>\n<meta property=\"og:site_name\" content=\"Logico2\" \/>\n<meta property=\"article:modified_time\" content=\"2025-05-12T08:00:22+00:00\" \/>\n<meta property=\"og:image\" content=\"https:\/\/www.logico2.com\/app\/uploads\/knowledge-icon-risk-1.png\" \/>\n\t<meta property=\"og:image:width\" content=\"64\" \/>\n\t<meta property=\"og:image:height\" content=\"64\" \/>\n\t<meta property=\"og:image:type\" content=\"image\/png\" \/>\n<meta name=\"twitter:card\" content=\"summary_large_image\" \/>\n<meta name=\"twitter:label1\" content=\"Est. reading time\" \/>\n\t<meta name=\"twitter:data1\" content=\"2 minutes\" \/>\n<script type=\"application\/ld+json\" class=\"yoast-schema-graph\">{\"@context\":\"https:\/\/schema.org\",\"@graph\":[{\"@type\":\"WebPage\",\"@id\":\"https:\/\/www.logico2.com\/de\/wissensdatenbank\/co2-risiken\/\",\"url\":\"https:\/\/www.logico2.com\/de\/wissensdatenbank\/co2-risiken\/\",\"name\":\"CO2-Risiken - Logico2\",\"isPartOf\":{\"@id\":\"https:\/\/www.logico2.com\/#website\"},\"primaryImageOfPage\":{\"@id\":\"https:\/\/www.logico2.com\/de\/wissensdatenbank\/co2-risiken\/#primaryimage\"},\"image\":{\"@id\":\"https:\/\/www.logico2.com\/de\/wissensdatenbank\/co2-risiken\/#primaryimage\"},\"thumbnailUrl\":\"https:\/\/www.logico2.com\/app\/uploads\/knowledge-icon-risk-1.png\",\"datePublished\":\"2018-02-26T15:01:48+00:00\",\"dateModified\":\"2025-05-12T08:00:22+00:00\",\"breadcrumb\":{\"@id\":\"https:\/\/www.logico2.com\/de\/wissensdatenbank\/co2-risiken\/#breadcrumb\"},\"inLanguage\":\"de-DE\",\"potentialAction\":[{\"@type\":\"ReadAction\",\"target\":[\"https:\/\/www.logico2.com\/de\/wissensdatenbank\/co2-risiken\/\"]}]},{\"@type\":\"ImageObject\",\"inLanguage\":\"de-DE\",\"@id\":\"https:\/\/www.logico2.com\/de\/wissensdatenbank\/co2-risiken\/#primaryimage\",\"url\":\"https:\/\/www.logico2.com\/app\/uploads\/knowledge-icon-risk-1.png\",\"contentUrl\":\"https:\/\/www.logico2.com\/app\/uploads\/knowledge-icon-risk-1.png\",\"width\":64,\"height\":64},{\"@type\":\"BreadcrumbList\",\"@id\":\"https:\/\/www.logico2.com\/de\/wissensdatenbank\/co2-risiken\/#breadcrumb\",\"itemListElement\":[{\"@type\":\"ListItem\",\"position\":1,\"name\":\"Home\",\"item\":\"https:\/\/www.logico2.com\/de\/\"},{\"@type\":\"ListItem\",\"position\":2,\"name\":\"Wissensdatenbank\",\"item\":\"https:\/\/www.logico2.com\/de\/wissensdatenbank\/\"},{\"@type\":\"ListItem\",\"position\":3,\"name\":\"CO2-Risiken\"}]},{\"@type\":\"WebSite\",\"@id\":\"https:\/\/www.logico2.com\/#website\",\"url\":\"https:\/\/www.logico2.com\/\",\"name\":\"Logico2\",\"description\":\"CO2-Sicherheitsl\u00f6sungen\",\"potentialAction\":[{\"@type\":\"SearchAction\",\"target\":{\"@type\":\"EntryPoint\",\"urlTemplate\":\"https:\/\/www.logico2.com\/?s={search_term_string}\"},\"query-input\":{\"@type\":\"PropertyValueSpecification\",\"valueRequired\":true,\"valueName\":\"search_term_string\"}}],\"inLanguage\":\"de-DE\"}]}<\/script>\n<!-- \/ Yoast SEO plugin. -->","yoast_head_json":{"title":"CO2-Risiken - Logico2","robots":{"index":"index","follow":"follow","max-snippet":"max-snippet:-1","max-image-preview":"max-image-preview:large","max-video-preview":"max-video-preview:-1"},"canonical":"https:\/\/www.logico2.com\/de\/wissensdatenbank\/co2-risiken\/","og_locale":"de_DE","og_type":"article","og_title":"CO2-Risiken - Logico2","og_description":"Die Risiken von CO2 Es gibt keinen Grund, sich dem Risiko gef\u00e4hrlicher Mengen von CO2 auszusetzen!\u00a0F\u00fcr den Menschen ist schon eine geringe CO2-Konzentrationserh\u00f6hung in der Luft gef\u00e4hrlich. Normale Au\u00dfenluft hat eine durchschnittliche CO2-Konzentration von nur 0,04 %. Bei einer Konzentration von 1,5 % CO2 reagiert der Mensch mit erh\u00f6hter Herzfrequenz; bei 4 % CO2 besteht [&hellip;]","og_url":"https:\/\/www.logico2.com\/de\/wissensdatenbank\/co2-risiken\/","og_site_name":"Logico2","article_modified_time":"2025-05-12T08:00:22+00:00","og_image":[{"width":64,"height":64,"url":"https:\/\/www.logico2.com\/app\/uploads\/knowledge-icon-risk-1.png","type":"image\/png"}],"twitter_card":"summary_large_image","twitter_misc":{"Est. reading time":"2 minutes"},"schema":{"@context":"https:\/\/schema.org","@graph":[{"@type":"WebPage","@id":"https:\/\/www.logico2.com\/de\/wissensdatenbank\/co2-risiken\/","url":"https:\/\/www.logico2.com\/de\/wissensdatenbank\/co2-risiken\/","name":"CO2-Risiken - Logico2","isPartOf":{"@id":"https:\/\/www.logico2.com\/#website"},"primaryImageOfPage":{"@id":"https:\/\/www.logico2.com\/de\/wissensdatenbank\/co2-risiken\/#primaryimage"},"image":{"@id":"https:\/\/www.logico2.com\/de\/wissensdatenbank\/co2-risiken\/#primaryimage"},"thumbnailUrl":"https:\/\/www.logico2.com\/app\/uploads\/knowledge-icon-risk-1.png","datePublished":"2018-02-26T15:01:48+00:00","dateModified":"2025-05-12T08:00:22+00:00","breadcrumb":{"@id":"https:\/\/www.logico2.com\/de\/wissensdatenbank\/co2-risiken\/#breadcrumb"},"inLanguage":"de-DE","potentialAction":[{"@type":"ReadAction","target":["https:\/\/www.logico2.com\/de\/wissensdatenbank\/co2-risiken\/"]}]},{"@type":"ImageObject","inLanguage":"de-DE","@id":"https:\/\/www.logico2.com\/de\/wissensdatenbank\/co2-risiken\/#primaryimage","url":"https:\/\/www.logico2.com\/app\/uploads\/knowledge-icon-risk-1.png","contentUrl":"https:\/\/www.logico2.com\/app\/uploads\/knowledge-icon-risk-1.png","width":64,"height":64},{"@type":"BreadcrumbList","@id":"https:\/\/www.logico2.com\/de\/wissensdatenbank\/co2-risiken\/#breadcrumb","itemListElement":[{"@type":"ListItem","position":1,"name":"Home","item":"https:\/\/www.logico2.com\/de\/"},{"@type":"ListItem","position":2,"name":"Wissensdatenbank","item":"https:\/\/www.logico2.com\/de\/wissensdatenbank\/"},{"@type":"ListItem","position":3,"name":"CO2-Risiken"}]},{"@type":"WebSite","@id":"https:\/\/www.logico2.com\/#website","url":"https:\/\/www.logico2.com\/","name":"Logico2","description":"CO2-Sicherheitsl\u00f6sungen","potentialAction":[{"@type":"SearchAction","target":{"@type":"EntryPoint","urlTemplate":"https:\/\/www.logico2.com\/?s={search_term_string}"},"query-input":{"@type":"PropertyValueSpecification","valueRequired":true,"valueName":"search_term_string"}}],"inLanguage":"de-DE"}]}},"_links":{"self":[{"href":"https:\/\/www.logico2.com\/de\/wp-json\/wp\/v2\/pages\/3669","targetHints":{"allow":["GET"]}}],"collection":[{"href":"https:\/\/www.logico2.com\/de\/wp-json\/wp\/v2\/pages"}],"about":[{"href":"https:\/\/www.logico2.com\/de\/wp-json\/wp\/v2\/types\/page"}],"author":[{"embeddable":true,"href":"https:\/\/www.logico2.com\/de\/wp-json\/wp\/v2\/users\/1"}],"replies":[{"embeddable":true,"href":"https:\/\/www.logico2.com\/de\/wp-json\/wp\/v2\/comments?post=3669"}],"version-history":[{"count":2,"href":"https:\/\/www.logico2.com\/de\/wp-json\/wp\/v2\/pages\/3669\/revisions"}],"predecessor-version":[{"id":19699,"href":"https:\/\/www.logico2.com\/de\/wp-json\/wp\/v2\/pages\/3669\/revisions\/19699"}],"up":[{"embeddable":true,"href":"https:\/\/www.logico2.com\/de\/wp-json\/wp\/v2\/pages\/3685"}],"wp:featuredmedia":[{"embeddable":true,"href":"https:\/\/www.logico2.com\/de\/wp-json\/wp\/v2\/media\/3236"}],"wp:attachment":[{"href":"https:\/\/www.logico2.com\/de\/wp-json\/wp\/v2\/media?parent=3669"}],"curies":[{"name":"wp","href":"https:\/\/api.w.org\/{rel}","templated":true}]}}