{"id":3654,"date":"2018-02-26T15:01:47","date_gmt":"2018-02-26T15:01:47","guid":{"rendered":"https:\/\/www.logico2.com\/wie-wir-co2-messen\/"},"modified":"2018-02-26T15:21:38","modified_gmt":"2018-02-26T15:21:38","slug":"wie-wir-co2-messen","status":"publish","type":"page","link":"https:\/\/www.logico2.com\/de\/wissensdatenbank\/wie-wir-co2-messen\/","title":{"rendered":"Wie wir CO<sub>2<\/sub> messen"},"content":{"rendered":"<h1>LogiCO<sub>2<\/sub>-Sensortechnologie<img loading=\"lazy\" decoding=\"async\" class=\"wp-image-1234 alignright\" src=\"https:\/\/www.logico2.com\/app\/uploads\/S8-300x200.jpg\" alt=\"\" width=\"270\" height=\"180\" srcset=\"https:\/\/www.logico2.com\/app\/uploads\/S8-300x200.jpg 300w, https:\/\/www.logico2.com\/app\/uploads\/S8-768x512.jpg 768w, https:\/\/www.logico2.com\/app\/uploads\/S8.jpg 1000w\" sizes=\"auto, (max-width: 270px) 100vw, 270px\" \/><\/h1>\n<p>Alle CO<sub>2<\/sub>-Detektoren von LogiCO2 verwenden eine nichtdispersive Infrarotanalyse, um die Konzentration von Kohlendioxid bzw. CO<sub>2<\/sub> in der Luft zu bestimmen. Die NDIR-Sensortechnologie von LogiCO2 ist zuverl\u00e4ssig und unterliegt keiner normalerweise in Luftqualit\u00e4tssensoren zu findenden Drift, da wir ein patentiertes Selbstkalibrierungsverfahren verwenden, mit dem wir langj\u00e4hrige Erfahrung haben.<\/p>\n<h2>NDIR zur Messung der CO<sub>2<\/sub>-Konzentration<\/h2>\n<p>.Die NDIR-Technik beruht auf der Tatsache, dass Molek\u00fcle Licht in Spektralbereichen absorbieren, in denen die abgestrahlte Wellenl\u00e4nge mit den internen molekularen Energieniveaus \u00fcbereinstimmt. Gem\u00e4\u00df der bekannten quantenmechanischen Theorie in der physikalischen Chemie existieren solche Energieresonanzen im mittleren infraroten Spektralbereich aufgrund interatomarer Schwingungen. Da verschiedene Molek\u00fcle aus verschiedenen Atomen (mit unterschiedlichen Massen) gebildet werden, sind die Schwingungsresonanzfrequenzen (und Wellenl\u00e4ngen) f\u00fcr jede Substanz unterschiedlich. Durch die Detektion der Menge des absorbierten Lichtes in einem kleinen Spektralbereich, der mit der Resonanzwellenl\u00e4nge von CO<sub>2<\/sub> zusammenf\u00e4llt, erh\u00e4lt man ein Ma\u00df f\u00fcr die Anzahl der Molek\u00fcle dieser speziellen Substanz, frei von Interferenzen mit anderen Substanzen.<\/p>\n","protected":false},"excerpt":{"rendered":"<p>LogiCO2-Sensortechnologie Alle CO2-Detektoren von LogiCO2 verwenden eine nichtdispersive Infrarotanalyse, um die Konzentration von Kohlendioxid bzw. CO2 in der Luft zu bestimmen. Die NDIR-Sensortechnologie von LogiCO2 ist zuverl\u00e4ssig und unterliegt keiner normalerweise in Luftqualit\u00e4tssensoren zu findenden Drift, da wir ein patentiertes Selbstkalibrierungsverfahren verwenden, mit dem wir langj\u00e4hrige Erfahrung haben. NDIR zur Messung der CO2-Konzentration .Die NDIR-Technik [&hellip;]<\/p>\n","protected":false},"author":1,"featured_media":3242,"parent":3685,"menu_order":0,"comment_status":"closed","ping_status":"closed","template":"","meta":{"_acf_changed":false,"footnotes":""},"class_list":["post-3654","page","type-page","status-publish","has-post-thumbnail","hentry"],"acf":[],"yoast_head":"<!-- This site is optimized with the Yoast SEO plugin v25.9 - https:\/\/yoast.com\/wordpress\/plugins\/seo\/ -->\n<title>Wie wir CO2 messen - Logico2<\/title>\n<meta name=\"robots\" content=\"index, follow, max-snippet:-1, max-image-preview:large, max-video-preview:-1\" \/>\n<link rel=\"canonical\" href=\"https:\/\/www.logico2.com\/de\/wissensdatenbank\/wie-wir-co2-messen\/\" \/>\n<meta property=\"og:locale\" content=\"de_DE\" \/>\n<meta property=\"og:type\" content=\"article\" \/>\n<meta property=\"og:title\" content=\"Wie wir CO2 messen - Logico2\" \/>\n<meta property=\"og:description\" content=\"LogiCO2-Sensortechnologie Alle CO2-Detektoren von LogiCO2 verwenden eine nichtdispersive Infrarotanalyse, um die Konzentration von Kohlendioxid bzw. CO2 in der Luft zu bestimmen. Die NDIR-Sensortechnologie von LogiCO2 ist zuverl\u00e4ssig und unterliegt keiner normalerweise in Luftqualit\u00e4tssensoren zu findenden Drift, da wir ein patentiertes Selbstkalibrierungsverfahren verwenden, mit dem wir langj\u00e4hrige Erfahrung haben. NDIR zur Messung der CO2-Konzentration .Die NDIR-Technik [&hellip;]\" \/>\n<meta property=\"og:url\" content=\"https:\/\/www.logico2.com\/de\/wissensdatenbank\/wie-wir-co2-messen\/\" \/>\n<meta property=\"og:site_name\" content=\"Logico2\" \/>\n<meta property=\"article:modified_time\" content=\"2018-02-26T15:21:38+00:00\" \/>\n<meta property=\"og:image\" content=\"https:\/\/www.logico2.com\/app\/uploads\/knowledge-icon-measure.png\" \/>\n\t<meta property=\"og:image:width\" content=\"64\" \/>\n\t<meta property=\"og:image:height\" content=\"64\" \/>\n\t<meta property=\"og:image:type\" content=\"image\/png\" \/>\n<meta name=\"twitter:card\" content=\"summary_large_image\" \/>\n<meta name=\"twitter:label1\" content=\"Est. reading time\" \/>\n\t<meta name=\"twitter:data1\" content=\"1 minute\" \/>\n<script type=\"application\/ld+json\" class=\"yoast-schema-graph\">{\"@context\":\"https:\/\/schema.org\",\"@graph\":[{\"@type\":\"WebPage\",\"@id\":\"https:\/\/www.logico2.com\/de\/wissensdatenbank\/wie-wir-co2-messen\/\",\"url\":\"https:\/\/www.logico2.com\/de\/wissensdatenbank\/wie-wir-co2-messen\/\",\"name\":\"Wie wir CO2 messen - Logico2\",\"isPartOf\":{\"@id\":\"https:\/\/www.logico2.com\/#website\"},\"primaryImageOfPage\":{\"@id\":\"https:\/\/www.logico2.com\/de\/wissensdatenbank\/wie-wir-co2-messen\/#primaryimage\"},\"image\":{\"@id\":\"https:\/\/www.logico2.com\/de\/wissensdatenbank\/wie-wir-co2-messen\/#primaryimage\"},\"thumbnailUrl\":\"https:\/\/www.logico2.com\/app\/uploads\/knowledge-icon-measure.png\",\"datePublished\":\"2018-02-26T15:01:47+00:00\",\"dateModified\":\"2018-02-26T15:21:38+00:00\",\"breadcrumb\":{\"@id\":\"https:\/\/www.logico2.com\/de\/wissensdatenbank\/wie-wir-co2-messen\/#breadcrumb\"},\"inLanguage\":\"de-DE\",\"potentialAction\":[{\"@type\":\"ReadAction\",\"target\":[\"https:\/\/www.logico2.com\/de\/wissensdatenbank\/wie-wir-co2-messen\/\"]}]},{\"@type\":\"ImageObject\",\"inLanguage\":\"de-DE\",\"@id\":\"https:\/\/www.logico2.com\/de\/wissensdatenbank\/wie-wir-co2-messen\/#primaryimage\",\"url\":\"https:\/\/www.logico2.com\/app\/uploads\/knowledge-icon-measure.png\",\"contentUrl\":\"https:\/\/www.logico2.com\/app\/uploads\/knowledge-icon-measure.png\",\"width\":64,\"height\":64},{\"@type\":\"BreadcrumbList\",\"@id\":\"https:\/\/www.logico2.com\/de\/wissensdatenbank\/wie-wir-co2-messen\/#breadcrumb\",\"itemListElement\":[{\"@type\":\"ListItem\",\"position\":1,\"name\":\"Home\",\"item\":\"https:\/\/www.logico2.com\/de\/\"},{\"@type\":\"ListItem\",\"position\":2,\"name\":\"Wissensdatenbank\",\"item\":\"https:\/\/www.logico2.com\/de\/wissensdatenbank\/\"},{\"@type\":\"ListItem\",\"position\":3,\"name\":\"Wie wir CO2 messen\"}]},{\"@type\":\"WebSite\",\"@id\":\"https:\/\/www.logico2.com\/#website\",\"url\":\"https:\/\/www.logico2.com\/\",\"name\":\"Logico2\",\"description\":\"CO2-Sicherheitsl\u00f6sungen\",\"potentialAction\":[{\"@type\":\"SearchAction\",\"target\":{\"@type\":\"EntryPoint\",\"urlTemplate\":\"https:\/\/www.logico2.com\/?s={search_term_string}\"},\"query-input\":{\"@type\":\"PropertyValueSpecification\",\"valueRequired\":true,\"valueName\":\"search_term_string\"}}],\"inLanguage\":\"de-DE\"}]}<\/script>\n<!-- \/ Yoast SEO plugin. -->","yoast_head_json":{"title":"Wie wir CO2 messen - Logico2","robots":{"index":"index","follow":"follow","max-snippet":"max-snippet:-1","max-image-preview":"max-image-preview:large","max-video-preview":"max-video-preview:-1"},"canonical":"https:\/\/www.logico2.com\/de\/wissensdatenbank\/wie-wir-co2-messen\/","og_locale":"de_DE","og_type":"article","og_title":"Wie wir CO2 messen - Logico2","og_description":"LogiCO2-Sensortechnologie Alle CO2-Detektoren von LogiCO2 verwenden eine nichtdispersive Infrarotanalyse, um die Konzentration von Kohlendioxid bzw. CO2 in der Luft zu bestimmen. Die NDIR-Sensortechnologie von LogiCO2 ist zuverl\u00e4ssig und unterliegt keiner normalerweise in Luftqualit\u00e4tssensoren zu findenden Drift, da wir ein patentiertes Selbstkalibrierungsverfahren verwenden, mit dem wir langj\u00e4hrige Erfahrung haben. NDIR zur Messung der CO2-Konzentration .Die NDIR-Technik [&hellip;]","og_url":"https:\/\/www.logico2.com\/de\/wissensdatenbank\/wie-wir-co2-messen\/","og_site_name":"Logico2","article_modified_time":"2018-02-26T15:21:38+00:00","og_image":[{"width":64,"height":64,"url":"https:\/\/www.logico2.com\/app\/uploads\/knowledge-icon-measure.png","type":"image\/png"}],"twitter_card":"summary_large_image","twitter_misc":{"Est. reading time":"1 minute"},"schema":{"@context":"https:\/\/schema.org","@graph":[{"@type":"WebPage","@id":"https:\/\/www.logico2.com\/de\/wissensdatenbank\/wie-wir-co2-messen\/","url":"https:\/\/www.logico2.com\/de\/wissensdatenbank\/wie-wir-co2-messen\/","name":"Wie wir CO2 messen - Logico2","isPartOf":{"@id":"https:\/\/www.logico2.com\/#website"},"primaryImageOfPage":{"@id":"https:\/\/www.logico2.com\/de\/wissensdatenbank\/wie-wir-co2-messen\/#primaryimage"},"image":{"@id":"https:\/\/www.logico2.com\/de\/wissensdatenbank\/wie-wir-co2-messen\/#primaryimage"},"thumbnailUrl":"https:\/\/www.logico2.com\/app\/uploads\/knowledge-icon-measure.png","datePublished":"2018-02-26T15:01:47+00:00","dateModified":"2018-02-26T15:21:38+00:00","breadcrumb":{"@id":"https:\/\/www.logico2.com\/de\/wissensdatenbank\/wie-wir-co2-messen\/#breadcrumb"},"inLanguage":"de-DE","potentialAction":[{"@type":"ReadAction","target":["https:\/\/www.logico2.com\/de\/wissensdatenbank\/wie-wir-co2-messen\/"]}]},{"@type":"ImageObject","inLanguage":"de-DE","@id":"https:\/\/www.logico2.com\/de\/wissensdatenbank\/wie-wir-co2-messen\/#primaryimage","url":"https:\/\/www.logico2.com\/app\/uploads\/knowledge-icon-measure.png","contentUrl":"https:\/\/www.logico2.com\/app\/uploads\/knowledge-icon-measure.png","width":64,"height":64},{"@type":"BreadcrumbList","@id":"https:\/\/www.logico2.com\/de\/wissensdatenbank\/wie-wir-co2-messen\/#breadcrumb","itemListElement":[{"@type":"ListItem","position":1,"name":"Home","item":"https:\/\/www.logico2.com\/de\/"},{"@type":"ListItem","position":2,"name":"Wissensdatenbank","item":"https:\/\/www.logico2.com\/de\/wissensdatenbank\/"},{"@type":"ListItem","position":3,"name":"Wie wir CO2 messen"}]},{"@type":"WebSite","@id":"https:\/\/www.logico2.com\/#website","url":"https:\/\/www.logico2.com\/","name":"Logico2","description":"CO2-Sicherheitsl\u00f6sungen","potentialAction":[{"@type":"SearchAction","target":{"@type":"EntryPoint","urlTemplate":"https:\/\/www.logico2.com\/?s={search_term_string}"},"query-input":{"@type":"PropertyValueSpecification","valueRequired":true,"valueName":"search_term_string"}}],"inLanguage":"de-DE"}]}},"_links":{"self":[{"href":"https:\/\/www.logico2.com\/de\/wp-json\/wp\/v2\/pages\/3654","targetHints":{"allow":["GET"]}}],"collection":[{"href":"https:\/\/www.logico2.com\/de\/wp-json\/wp\/v2\/pages"}],"about":[{"href":"https:\/\/www.logico2.com\/de\/wp-json\/wp\/v2\/types\/page"}],"author":[{"embeddable":true,"href":"https:\/\/www.logico2.com\/de\/wp-json\/wp\/v2\/users\/1"}],"replies":[{"embeddable":true,"href":"https:\/\/www.logico2.com\/de\/wp-json\/wp\/v2\/comments?post=3654"}],"version-history":[{"count":1,"href":"https:\/\/www.logico2.com\/de\/wp-json\/wp\/v2\/pages\/3654\/revisions"}],"predecessor-version":[{"id":3766,"href":"https:\/\/www.logico2.com\/de\/wp-json\/wp\/v2\/pages\/3654\/revisions\/3766"}],"up":[{"embeddable":true,"href":"https:\/\/www.logico2.com\/de\/wp-json\/wp\/v2\/pages\/3685"}],"wp:featuredmedia":[{"embeddable":true,"href":"https:\/\/www.logico2.com\/de\/wp-json\/wp\/v2\/media\/3242"}],"wp:attachment":[{"href":"https:\/\/www.logico2.com\/de\/wp-json\/wp\/v2\/media?parent=3654"}],"curies":[{"name":"wp","href":"https:\/\/api.w.org\/{rel}","templated":true}]}}